{"id":712274,"date":"2025-08-27T16:54:05","date_gmt":"2025-08-27T13:54:05","guid":{"rendered":"https:\/\/roveyayinevi.com.tr\/index.php\/urun\/13-yasina-gelmeden-yasanacak-50-macera-icin-kilavuz\/"},"modified":"2026-04-16T02:20:57","modified_gmt":"2026-04-15T23:20:57","slug":"13-yasina-gelmeden-yasanacak-50-macera-icin-kilavuz","status":"publish","type":"product","link":"https:\/\/roveyayinevi.com.tr\/index.php\/urun\/13-yasina-gelmeden-yasanacak-50-macera-icin-kilavuz\/","title":{"rendered":"13 Ya\u015f\u0131na Gelmeden Ya\u015fanacak 50 Macera \u0130\u00e7in K\u0131lavuz"},"content":{"rendered":"<p>Ko\u015f, Z\u0131pla, Kay, T\u0131rman, Saklan, Ke\u015ffet, \u0130cat Et, \u0130n\u015fa Et, D\u00fc\u015f\u00fcn, Yaz, Hayal Kur\u202650 Macera \u0130\u00e7in K\u0131lavuz Ger\u00e7ekten cesur olanlar i\u00e7in 50 macera.Bu kitap, somurtkanlar ve ba\u015f belalar\u0131 i\u00e7in haz\u0131rlanm\u0131\u015f bir kitap de\u011fildir. Kitab\u0131n kapa\u011f\u0131n\u0131 her a\u00e7t\u0131\u011f\u0131nda unutulmaz bir g\u00fcn ya\u015famaya haz\u0131r olmal\u0131s\u0131n. Zorlu g\u00f6revlere ba\u015flamaya haz\u0131r m\u0131s\u0131n?Macerac\u0131 S\u00f6zle\u015fmesi(iki tan\u0131d\u0131\u011f\u0131n\u0131n \u00f6n\u00fcnde ve bir kez de aynan\u0131n \u00f6n\u00fcnde y\u00fcksek sesle okunmal\u0131)A\u015fa\u011f\u0131da ad\u0131 ve soyad\u0131 yaz\u0131l\u0131 olan ben,\u2026\u2026\u2026\u2026\u2026\u2026\u2026\u2026\u2026\u2026\u2026\u2026\u2026\u2026\u2026\u2026\u2026\u2026\u2026\u2026\u2026\u2026\u2026.Tam bir fiziksel ve zihinsel yeterlilikle, macerac\u0131 olabilmek i\u00e7in bu meydan okumay\u0131 kabul ediyorum ve bu nedenle;Kitaptaki g\u00f6revlerin hepsini m\u00fcmk\u00fcn oldu\u011funca \u00e7ok \u00e7al\u0131\u015farak tamamlayaca\u011f\u0131ma s\u00f6z veririm.G\u00f6revler s\u0131ras\u0131nda e\u011flenece\u011fime, kirlenece\u011fime, elbiselerimin hasar g\u00f6rece\u011fine ve belki de yaralanaca\u011f\u0131ma, ama hi\u00e7 \u015fik\u00e2yet etmeyece\u011fime s\u00f6z veririm; \u00e7\u00fcnk\u00fc bunlar maceran\u0131n bir par\u00e7as\u0131. Maceralar\u0131ma d\u00e2hil olmak isteyen arkada\u015flar\u0131m\u0131 bu g\u00f6revlere kataca\u011f\u0131ma ve bu kitab\u0131n kurallar\u0131na uyaca\u011f\u0131ma s\u00f6z veririm.Sayg\u0131lar\u0131mla.\u0130mza ve Tarih<\/p>\n","protected":false},"excerpt":{"rendered":"<p>Ko\u015f, Z\u0131pla, Kay, T\u0131rman, Saklan, Ke\u015ffet, \u0130cat Et, \u0130n\u015fa Et, D\u00fc\u015f\u00fcn, Yaz, Hayal Kur\u202650 Macera \u0130\u00e7in K\u0131lavuz Ger\u00e7ekten cesur olanlar i\u00e7in 50 macera.Bu kitap, somurtkanlar ve<span class=\"excerpt-hellip\"> [\u2026]<\/span><\/p>\n","protected":false},"featured_media":0,"template":"","meta":{"_monsterinsights_skip_tracking":false,"_monsterinsights_sitenote_active":false,"_monsterinsights_sitenote_note":"","_monsterinsights_sitenote_category":0},"product_brand":[],"product_cat":[12275,12274],"product_tag":[],"class_list":{"0":"post-712274","1":"product","2":"type-product","3":"status-publish","5":"product_cat-6-12-yas-kitaplari","6":"product_cat-cocuk-ve-genclik-kitaplari","7":"pa_cilt-ciltli","8":"pa_tur-kitap","9":"pa_yayinevi-odtu-gelistirme-vakfi-yayincilik","10":"pa_yazar-pierdomenico-baccalario-tommaso-percivale","12":"first","13":"instock","14":"sale","15":"shipping-taxable","16":"purchasable","17":"product-type-simple"},"_links":{"self":[{"href":"https:\/\/roveyayinevi.com.tr\/index.php\/wp-json\/wp\/v2\/product\/712274","targetHints":{"allow":["GET"]}}],"collection":[{"href":"https:\/\/roveyayinevi.com.tr\/index.php\/wp-json\/wp\/v2\/product"}],"about":[{"href":"https:\/\/roveyayinevi.com.tr\/index.php\/wp-json\/wp\/v2\/types\/product"}],"wp:attachment":[{"href":"https:\/\/roveyayinevi.com.tr\/index.php\/wp-json\/wp\/v2\/media?parent=712274"}],"wp:term":[{"taxonomy":"product_brand","embeddable":true,"href":"https:\/\/roveyayinevi.com.tr\/index.php\/wp-json\/wp\/v2\/product_brand?post=712274"},{"taxonomy":"product_cat","embeddable":true,"href":"https:\/\/roveyayinevi.com.tr\/index.php\/wp-json\/wp\/v2\/product_cat?post=712274"},{"taxonomy":"product_tag","embeddable":true,"href":"https:\/\/roveyayinevi.com.tr\/index.php\/wp-json\/wp\/v2\/product_tag?post=712274"}],"curies":[{"name":"wp","href":"https:\/\/api.w.org\/{rel}","templated":true}]}}