{"id":712272,"date":"2025-08-27T16:54:04","date_gmt":"2025-08-27T13:54:04","guid":{"rendered":"https:\/\/roveyayinevi.com.tr\/index.php\/urun\/uykucu-siirler\/"},"modified":"2026-04-16T02:20:56","modified_gmt":"2026-04-15T23:20:56","slug":"uykucu-siirler","status":"publish","type":"product","link":"https:\/\/roveyayinevi.com.tr\/index.php\/urun\/uykucu-siirler\/","title":{"rendered":"Uykucu \u015eiirler"},"content":{"rendered":"<p>Usta \u015fair Haydar Erg\u00fclen\u2019den uyand\u0131r\u0131rken uykunuzu getirecek, esnetirken d\u00fc\u015f\u00fcnd\u00fcrecek, y\u00fcre\u011finizi \u0131s\u0131t\u0131rken g\u00fcz r\u00fczg\u00e2rlar\u0131 estirecek e\u015fsiz \u201cuyku\u201d \u015fiirleri&#8230; \u201cYorulup r\u00fczg\u00e2r bile uyudu\u011funa g\u00f6re g\u00f6z k\u0131rp\u0131yor usulca uyku b\u00fct\u00fcn evrene\u201d <\/p>\n","protected":false},"excerpt":{"rendered":"<p>Usta \u015fair Haydar Erg\u00fclen\u2019den uyand\u0131r\u0131rken uykunuzu getirecek, esnetirken d\u00fc\u015f\u00fcnd\u00fcrecek, y\u00fcre\u011finizi \u0131s\u0131t\u0131rken g\u00fcz r\u00fczg\u00e2rlar\u0131 estirecek e\u015fsiz \u201cuyku\u201d \u015fiirleri&#8230; \u201cYorulup r\u00fczg\u00e2r bile uyudu\u011funa g\u00f6re g\u00f6z k\u0131rp\u0131yor usulca uyku<span class=\"excerpt-hellip\"> [\u2026]<\/span><\/p>\n","protected":false},"featured_media":0,"template":"","meta":{"_monsterinsights_skip_tracking":false,"_monsterinsights_sitenote_active":false,"_monsterinsights_sitenote_note":"","_monsterinsights_sitenote_category":0},"product_brand":[],"product_cat":[12291,12509],"product_tag":[],"class_list":{"0":"post-712272","1":"product","2":"type-product","3":"status-publish","5":"product_cat-edebiyat","6":"product_cat-siir","7":"pa_cilt-ciltsiz","8":"pa_tur-kitap","9":"pa_yayinevi-kirmizi-kedi-yayinevi","10":"pa_yazar-haydar-ergulen","12":"first","13":"instock","14":"sale","15":"shipping-taxable","16":"purchasable","17":"product-type-simple"},"_links":{"self":[{"href":"https:\/\/roveyayinevi.com.tr\/index.php\/wp-json\/wp\/v2\/product\/712272","targetHints":{"allow":["GET"]}}],"collection":[{"href":"https:\/\/roveyayinevi.com.tr\/index.php\/wp-json\/wp\/v2\/product"}],"about":[{"href":"https:\/\/roveyayinevi.com.tr\/index.php\/wp-json\/wp\/v2\/types\/product"}],"wp:attachment":[{"href":"https:\/\/roveyayinevi.com.tr\/index.php\/wp-json\/wp\/v2\/media?parent=712272"}],"wp:term":[{"taxonomy":"product_brand","embeddable":true,"href":"https:\/\/roveyayinevi.com.tr\/index.php\/wp-json\/wp\/v2\/product_brand?post=712272"},{"taxonomy":"product_cat","embeddable":true,"href":"https:\/\/roveyayinevi.com.tr\/index.php\/wp-json\/wp\/v2\/product_cat?post=712272"},{"taxonomy":"product_tag","embeddable":true,"href":"https:\/\/roveyayinevi.com.tr\/index.php\/wp-json\/wp\/v2\/product_tag?post=712272"}],"curies":[{"name":"wp","href":"https:\/\/api.w.org\/{rel}","templated":true}]}}