{"id":712270,"date":"2025-08-27T16:54:02","date_gmt":"2025-08-27T13:54:02","guid":{"rendered":"https:\/\/roveyayinevi.com.tr\/index.php\/urun\/yeni-kutuphaneci\/"},"modified":"2025-10-18T04:28:59","modified_gmt":"2025-10-18T01:28:59","slug":"yeni-kutuphaneci","status":"publish","type":"product","link":"https:\/\/roveyayinevi.com.tr\/index.php\/urun\/yeni-kutuphaneci\/","title":{"rendered":"Yeni K\u00fct\u00fcphaneci"},"content":{"rendered":"<p>Yeni K\u00fct\u00fcphaneci K\u00fct\u00fcphanede okuma saati gelmi\u015fti ama k\u00fct\u00fcphaneci Bayan \u00c7okokur ortal\u0131kta yoktu. \u00c7ocuklar hep birlikte izleri takip ederek k\u00fct\u00fcphane raflar\u0131 aras\u0131nda Bayan \u00c7okokur\u2019u aramaya koyuldular. Okyanuslar\u0131n alt\u0131ndan g\u00f6ky\u00fcz\u00fcne, uzay\u0131n derinliklerine kadar her yere bakt\u0131lar\u2026 Ama bulabildikleri tek \u015fey, yeni bir k\u00fct\u00fcphaneciydi. T\u00fcyl\u00fc ve biraz tuhaf bir k\u00fct\u00fcphaneci! Kitap sevgisi ve hayal g\u00fcc\u00fcn\u00fc geli\u015ftirme \u00fczerine harika bir hik\u00e2ye! Serinin Di\u011fer Kitaplar\u0131; Safari Park\u2019ta Dev Pancar \u00c7\u0131lg\u0131nl\u0131\u011f\u0131 Hokus Pokus Diplodokus Siyah Beyazl\u0131lar Kul\u00fcb\u00fc Ta\u015f Devri Modas\u0131 Alt\u0131n Y\u0131ld\u0131z Yar\u0131\u015fmas\u0131 D\u00fcnyan\u0131n En Tembel At\u0131: R\u00fczgar M\u0131rm\u0131r\u2019\u0131n Sihirli B\u0131y\u0131klar\u0131 <\/p>\n","protected":false},"excerpt":{"rendered":"<p>Yeni K\u00fct\u00fcphaneci K\u00fct\u00fcphanede okuma saati gelmi\u015fti ama k\u00fct\u00fcphaneci Bayan \u00c7okokur ortal\u0131kta yoktu. \u00c7ocuklar hep birlikte izleri takip ederek k\u00fct\u00fcphane raflar\u0131 aras\u0131nda Bayan \u00c7okokur\u2019u aramaya koyuldular. Okyanuslar\u0131n<span class=\"excerpt-hellip\"> [\u2026]<\/span><\/p>\n","protected":false},"featured_media":0,"template":"","meta":{"_monsterinsights_skip_tracking":false,"_monsterinsights_sitenote_active":false,"_monsterinsights_sitenote_note":"","_monsterinsights_sitenote_category":0},"product_brand":[],"product_cat":[12913,12274],"product_tag":[],"class_list":{"0":"post-712270","1":"product","2":"type-product","3":"status-publish","5":"product_cat-3-6-yas-kitaplari","6":"product_cat-cocuk-ve-genclik-kitaplari","7":"pa_cilt-ciltsiz","8":"pa_tur-kitap","9":"pa_yayinevi-indigo-cocuk","10":"pa_yazar-alison-donald-alex-willmore","12":"first","13":"instock","14":"sale","15":"shipping-taxable","16":"purchasable","17":"product-type-simple"},"_links":{"self":[{"href":"https:\/\/roveyayinevi.com.tr\/index.php\/wp-json\/wp\/v2\/product\/712270","targetHints":{"allow":["GET"]}}],"collection":[{"href":"https:\/\/roveyayinevi.com.tr\/index.php\/wp-json\/wp\/v2\/product"}],"about":[{"href":"https:\/\/roveyayinevi.com.tr\/index.php\/wp-json\/wp\/v2\/types\/product"}],"wp:attachment":[{"href":"https:\/\/roveyayinevi.com.tr\/index.php\/wp-json\/wp\/v2\/media?parent=712270"}],"wp:term":[{"taxonomy":"product_brand","embeddable":true,"href":"https:\/\/roveyayinevi.com.tr\/index.php\/wp-json\/wp\/v2\/product_brand?post=712270"},{"taxonomy":"product_cat","embeddable":true,"href":"https:\/\/roveyayinevi.com.tr\/index.php\/wp-json\/wp\/v2\/product_cat?post=712270"},{"taxonomy":"product_tag","embeddable":true,"href":"https:\/\/roveyayinevi.com.tr\/index.php\/wp-json\/wp\/v2\/product_tag?post=712270"}],"curies":[{"name":"wp","href":"https:\/\/api.w.org\/{rel}","templated":true}]}}