{"id":712269,"date":"2025-08-27T16:54:02","date_gmt":"2025-08-27T13:54:02","guid":{"rendered":"https:\/\/roveyayinevi.com.tr\/index.php\/urun\/tas-devri-modasi\/"},"modified":"2025-10-14T04:30:02","modified_gmt":"2025-10-14T01:30:02","slug":"tas-devri-modasi","status":"publish","type":"product","link":"https:\/\/roveyayinevi.com.tr\/index.php\/urun\/tas-devri-modasi\/","title":{"rendered":"Ta\u015f Devri Modas\u0131"},"content":{"rendered":"<p>Ta\u015f Devri Modas\u0131 Ta\u015f Devri\u2019nde hava \u00e7ok so\u011fuktu. Kaya \u00e7ok \u00fc\u015f\u00fcyordu. \u00dc\u015f\u00fcmesini engelleyecek bir \u015feyler yapmaya karar verdi ama ta\u015f devrinde malzemeler nas\u0131l desek&#8230; Ta\u015ftand\u0131! Acaba ta\u015f yerine kullanabilece\u011fi ba\u015fka \u015feyler de olabilir miydi? Kaya\u2019n\u0131n yarat\u0131c\u0131 fikirleriyle tan\u0131\u015f\u0131n!  Problem \u00e7\u00f6zme ve yarat\u0131c\u0131l\u0131k \u00fczerine harika bir hik\u00e2ye! Serinin Di\u011fer Kitaplar\u0131; Safari Park\u2019ta Dev Pancar \u00c7\u0131lg\u0131nl\u0131\u011f\u0131 Hokus Pokus Diplodokus Siyah Beyazl\u0131lar Kul\u00fcb\u00fc Yeni K\u00fct\u00fcphaneci Alt\u0131n Y\u0131ld\u0131z Yar\u0131\u015fmas\u0131 D\u00fcnyan\u0131n En Tembel At\u0131: R\u00fczgar M\u0131rm\u0131r\u2019\u0131n Sihirli B\u0131y\u0131klar\u0131 <\/p>\n","protected":false},"excerpt":{"rendered":"<p>Ta\u015f Devri Modas\u0131 Ta\u015f Devri\u2019nde hava \u00e7ok so\u011fuktu. Kaya \u00e7ok \u00fc\u015f\u00fcyordu. \u00dc\u015f\u00fcmesini engelleyecek bir \u015feyler yapmaya karar verdi ama ta\u015f devrinde malzemeler nas\u0131l desek&#8230; Ta\u015ftand\u0131! Acaba<span class=\"excerpt-hellip\"> [\u2026]<\/span><\/p>\n","protected":false},"featured_media":0,"template":"","meta":{"_monsterinsights_skip_tracking":false,"_monsterinsights_sitenote_active":false,"_monsterinsights_sitenote_note":"","_monsterinsights_sitenote_category":0},"product_brand":[],"product_cat":[12274,12518],"product_tag":[],"class_list":{"0":"post-712269","1":"product","2":"type-product","3":"status-publish","5":"product_cat-cocuk-ve-genclik-kitaplari","6":"product_cat-okul-oncesi-kitaplar","7":"pa_cilt-ciltsiz","8":"pa_tur-kitap","9":"pa_yayinevi-indigo-cocuk","10":"pa_yazar-alison-donald-alex-willmore","12":"first","13":"instock","14":"sale","15":"shipping-taxable","16":"purchasable","17":"product-type-simple"},"_links":{"self":[{"href":"https:\/\/roveyayinevi.com.tr\/index.php\/wp-json\/wp\/v2\/product\/712269","targetHints":{"allow":["GET"]}}],"collection":[{"href":"https:\/\/roveyayinevi.com.tr\/index.php\/wp-json\/wp\/v2\/product"}],"about":[{"href":"https:\/\/roveyayinevi.com.tr\/index.php\/wp-json\/wp\/v2\/types\/product"}],"wp:attachment":[{"href":"https:\/\/roveyayinevi.com.tr\/index.php\/wp-json\/wp\/v2\/media?parent=712269"}],"wp:term":[{"taxonomy":"product_brand","embeddable":true,"href":"https:\/\/roveyayinevi.com.tr\/index.php\/wp-json\/wp\/v2\/product_brand?post=712269"},{"taxonomy":"product_cat","embeddable":true,"href":"https:\/\/roveyayinevi.com.tr\/index.php\/wp-json\/wp\/v2\/product_cat?post=712269"},{"taxonomy":"product_tag","embeddable":true,"href":"https:\/\/roveyayinevi.com.tr\/index.php\/wp-json\/wp\/v2\/product_tag?post=712269"}],"curies":[{"name":"wp","href":"https:\/\/api.w.org\/{rel}","templated":true}]}}