{"id":712268,"date":"2025-08-27T16:54:01","date_gmt":"2025-08-27T13:54:01","guid":{"rendered":"https:\/\/roveyayinevi.com.tr\/index.php\/urun\/siyah-beyazlilar-kulubu\/"},"modified":"2026-04-16T02:20:56","modified_gmt":"2026-04-15T23:20:56","slug":"siyah-beyazlilar-kulubu","status":"publish","type":"product","link":"https:\/\/roveyayinevi.com.tr\/index.php\/urun\/siyah-beyazlilar-kulubu\/","title":{"rendered":"Siyah Beyazl\u0131lar Kul\u00fcb\u00fc"},"content":{"rendered":"<p>S\u0130YAH BEYAZLILAR KUL\u00dcB\u00dc Cennet \u00c7ay\u0131rlar\u0131 Do\u011fa Park\u0131\u2019nda yeni bir kul\u00fcp kurulmu\u015ftu: Siyah Beyazl\u0131lar Kul\u00fcb\u00fc. Bu e\u011flenceli kul\u00fcbe girebilmek i\u00e7in siyah beyaz olmak gerekiyordu. Ve Z\u00fcri siyah beyaz olmad\u0131\u011f\u0131 i\u00e7in kul\u00fcbe al\u0131nmam\u0131\u015ft\u0131&#8230; Bu duruma \u00e7ok \u00fcz\u00fclen Z\u00fcri kendi kul\u00fcb\u00fcn\u00fc kurmaya karar verdi. Peki Z\u00fcri kul\u00fcb\u00fcne kimleri alacakt\u0131? Arkada\u015fl\u0131k \u00fczerine harika bir hik\u00e2ye!  Serinin Di\u011fer Kitaplar\u0131; D\u00fcnyan\u0131n En Tembel At\u0131 R\u00fczgar Yeni K\u00fct\u00fcphaneci Dev Pancar \u00c7\u0131lg\u0131nl\u0131\u011f\u0131 Ta\u015f Devri Modas\u0131 Hokus Pokus Diplodokus Alt\u0131n Y\u0131ld\u0131z Yar\u0131\u015fmas\u0131 M\u0131rm\u0131r\u2019\u0131n Sihirli B\u0131y\u0131klar\u0131 <\/p>\n","protected":false},"excerpt":{"rendered":"<p>S\u0130YAH BEYAZLILAR KUL\u00dcB\u00dc Cennet \u00c7ay\u0131rlar\u0131 Do\u011fa Park\u0131\u2019nda yeni bir kul\u00fcp kurulmu\u015ftu: Siyah Beyazl\u0131lar Kul\u00fcb\u00fc. Bu e\u011flenceli kul\u00fcbe girebilmek i\u00e7in siyah beyaz olmak gerekiyordu. Ve Z\u00fcri siyah<span class=\"excerpt-hellip\"> [\u2026]<\/span><\/p>\n","protected":false},"featured_media":0,"template":"","meta":{"_monsterinsights_skip_tracking":false,"_monsterinsights_sitenote_active":false,"_monsterinsights_sitenote_note":"","_monsterinsights_sitenote_category":0},"product_brand":[],"product_cat":[12913,12274],"product_tag":[],"class_list":{"0":"post-712268","1":"product","2":"type-product","3":"status-publish","5":"product_cat-3-6-yas-kitaplari","6":"product_cat-cocuk-ve-genclik-kitaplari","7":"pa_cilt-ciltsiz","8":"pa_tur-kitap","9":"pa_yayinevi-indigo-cocuk","10":"pa_yazar-alice-hemming","12":"first","13":"instock","14":"sale","15":"shipping-taxable","16":"purchasable","17":"product-type-simple"},"_links":{"self":[{"href":"https:\/\/roveyayinevi.com.tr\/index.php\/wp-json\/wp\/v2\/product\/712268","targetHints":{"allow":["GET"]}}],"collection":[{"href":"https:\/\/roveyayinevi.com.tr\/index.php\/wp-json\/wp\/v2\/product"}],"about":[{"href":"https:\/\/roveyayinevi.com.tr\/index.php\/wp-json\/wp\/v2\/types\/product"}],"wp:attachment":[{"href":"https:\/\/roveyayinevi.com.tr\/index.php\/wp-json\/wp\/v2\/media?parent=712268"}],"wp:term":[{"taxonomy":"product_brand","embeddable":true,"href":"https:\/\/roveyayinevi.com.tr\/index.php\/wp-json\/wp\/v2\/product_brand?post=712268"},{"taxonomy":"product_cat","embeddable":true,"href":"https:\/\/roveyayinevi.com.tr\/index.php\/wp-json\/wp\/v2\/product_cat?post=712268"},{"taxonomy":"product_tag","embeddable":true,"href":"https:\/\/roveyayinevi.com.tr\/index.php\/wp-json\/wp\/v2\/product_tag?post=712268"}],"curies":[{"name":"wp","href":"https:\/\/api.w.org\/{rel}","templated":true}]}}