{"id":712267,"date":"2025-08-27T16:54:01","date_gmt":"2025-08-27T13:54:01","guid":{"rendered":"https:\/\/roveyayinevi.com.tr\/index.php\/urun\/safari-parkta-dev-pancar-cilginligi\/"},"modified":"2026-04-16T02:20:56","modified_gmt":"2026-04-15T23:20:56","slug":"safari-parkta-dev-pancar-cilginligi","status":"publish","type":"product","link":"https:\/\/roveyayinevi.com.tr\/index.php\/urun\/safari-parkta-dev-pancar-cilginligi\/","title":{"rendered":"Safari Park\u2019ta Dev Pancar \u00c7\u0131lg\u0131nl\u0131\u011f\u0131"},"content":{"rendered":"<p>Safari Park\u2019ta Dev Pancar \u00c7\u0131lg\u0131nl\u0131\u011f\u0131 G\u00fcn\u0131\u015f\u0131\u011f\u0131 Safari Park\u0131 kapanma tehlikesiyle kar\u015f\u0131 kar\u015f\u0131yayd\u0131! Zebra ve arkada\u015flar\u0131 evlerini kurtarmak i\u00e7in hemen kollar\u0131 s\u0131vad\u0131. G\u00fcn\u0131\u015f\u0131\u011f\u0131 Safari Park\u0131\u2019n\u0131 kurtarmak i\u00e7in pancar yeti\u015ftireceklerdi! Park sakinleri tohumlar\u0131 ekti, sulad\u0131. Tohumlar filizlendi ve pancarlar b\u00fcy\u00fcmeye ba\u015flad\u0131. Ama i\u00e7lerinden biri biraz fazla b\u00fcy\u00fcm\u00fc\u015f gibiydi! Safari Park sakinleri \u015fimdi bu dev pancarla ne yapacakt\u0131?  \u0130\u015fbirli\u011fi yaparak problem \u00e7\u00f6zmek i\u00e7in harika bir hik\u00e2ye! Serinin Di\u011fer Kitaplar\u0131; D\u00fcnyan\u0131n En Tembel At\u0131 R\u00fczgar Yeni K\u00fct\u00fcphaneci Siyah Beyazl\u0131lar Kul\u00fcb\u00fc Ta\u015f Devri Modas\u0131 Hokus Pokus Diplodokus Alt\u0131n Y\u0131ld\u0131z Yar\u0131\u015fmas\u0131 M\u0131rm\u0131r\u2019\u0131n Sihirli B\u0131y\u0131klar\u0131 <\/p>\n","protected":false},"excerpt":{"rendered":"<p>Safari Park\u2019ta Dev Pancar \u00c7\u0131lg\u0131nl\u0131\u011f\u0131 G\u00fcn\u0131\u015f\u0131\u011f\u0131 Safari Park\u0131 kapanma tehlikesiyle kar\u015f\u0131 kar\u015f\u0131yayd\u0131! Zebra ve arkada\u015flar\u0131 evlerini kurtarmak i\u00e7in hemen kollar\u0131 s\u0131vad\u0131. G\u00fcn\u0131\u015f\u0131\u011f\u0131 Safari Park\u0131\u2019n\u0131 kurtarmak i\u00e7in<span class=\"excerpt-hellip\"> [\u2026]<\/span><\/p>\n","protected":false},"featured_media":0,"template":"","meta":{"_monsterinsights_skip_tracking":false,"_monsterinsights_sitenote_active":false,"_monsterinsights_sitenote_note":"","_monsterinsights_sitenote_category":0},"product_brand":[],"product_cat":[12913,12274],"product_tag":[],"class_list":{"0":"post-712267","1":"product","2":"type-product","3":"status-publish","5":"product_cat-3-6-yas-kitaplari","6":"product_cat-cocuk-ve-genclik-kitaplari","7":"pa_cilt-ciltsiz","8":"pa_tur-kitap","9":"pa_yayinevi-indigo-cocuk","10":"pa_yazar-cath-jones","12":"first","13":"instock","14":"sale","15":"shipping-taxable","16":"purchasable","17":"product-type-simple"},"_links":{"self":[{"href":"https:\/\/roveyayinevi.com.tr\/index.php\/wp-json\/wp\/v2\/product\/712267","targetHints":{"allow":["GET"]}}],"collection":[{"href":"https:\/\/roveyayinevi.com.tr\/index.php\/wp-json\/wp\/v2\/product"}],"about":[{"href":"https:\/\/roveyayinevi.com.tr\/index.php\/wp-json\/wp\/v2\/types\/product"}],"wp:attachment":[{"href":"https:\/\/roveyayinevi.com.tr\/index.php\/wp-json\/wp\/v2\/media?parent=712267"}],"wp:term":[{"taxonomy":"product_brand","embeddable":true,"href":"https:\/\/roveyayinevi.com.tr\/index.php\/wp-json\/wp\/v2\/product_brand?post=712267"},{"taxonomy":"product_cat","embeddable":true,"href":"https:\/\/roveyayinevi.com.tr\/index.php\/wp-json\/wp\/v2\/product_cat?post=712267"},{"taxonomy":"product_tag","embeddable":true,"href":"https:\/\/roveyayinevi.com.tr\/index.php\/wp-json\/wp\/v2\/product_tag?post=712267"}],"curies":[{"name":"wp","href":"https:\/\/api.w.org\/{rel}","templated":true}]}}