{"id":712266,"date":"2025-08-27T16:54:00","date_gmt":"2025-08-27T13:54:00","guid":{"rendered":"https:\/\/roveyayinevi.com.tr\/index.php\/urun\/hokus-pokus-diplodokus-dunyanin-ilk-sihirbazi\/"},"modified":"2026-04-16T02:20:56","modified_gmt":"2026-04-15T23:20:56","slug":"hokus-pokus-diplodokus-dunyanin-ilk-sihirbazi","status":"publish","type":"product","link":"https:\/\/roveyayinevi.com.tr\/index.php\/urun\/hokus-pokus-diplodokus-dunyanin-ilk-sihirbazi\/","title":{"rendered":"Hokus Pokus Diplodokus \u2013 D\u00fcnyan\u0131n \u0130lk Sihirbaz\u0131"},"content":{"rendered":"<p>Hokus Pokus Diplodokus \u2013 D\u00fcnyan\u0131n \u0130lk Sihirbaz\u0131 Hokus Pokus Diplodokus bundan tam 150 milyon y\u0131l \u00f6nce do\u011fdu. Yumurtadan \u00e7\u0131kt\u0131\u011f\u0131 andan itibaren Hokus&#8217;un farkl\u0131 bir dinozor olaca\u011f\u0131 belliydi. Hokus, do\u011far do\u011fmaz hap\u015f\u0131rm\u0131\u015f ve yumurtas\u0131n\u0131n kabuklar\u0131 g\u00fcr\u00fclt\u00fcl\u00fc bir POFFF! sesi \u00e7\u0131kararak ortadan kaybolmu\u015ftu! Hokus, d\u00fcnyan\u0131n ilk sihirbaz\u0131yd\u0131! Hokus b\u00fcy\u00fcd\u00fck\u00e7e yetenekleri de geli\u015fti, \u00fcn\u00fc batakl\u0131\u011f\u0131n d\u00f6rt bir yan\u0131na yay\u0131ld\u0131. Do\u011fum g\u00fcn\u00fcnde  ger\u00e7ekle\u015ftirece\u011fi b\u00fcy\u00fck g\u00f6steride dinozorlar\u0131 b\u00fcy\u00fck bir s\u00fcrpriz bekliyordu!  Dinozorlar hakk\u0131nda bilgi edinme ve hayal g\u00fcc\u00fcn\u00fc geli\u015ftirme \u00fczerine harika bir hik\u00e2ye! Serinin Di\u011fer Kitaplar\u0131; Safari Park\u2019ta Dev Pancar \u00c7\u0131lg\u0131nl\u0131\u011f\u0131 Yeni K\u00fct\u00fcphaneci Siyah Beyazl\u0131lar Kul\u00fcb\u00fc Ta\u015f Devri Modas\u0131 Alt\u0131n Y\u0131ld\u0131z Yar\u0131\u015fmas\u0131 D\u00fcnyan\u0131n En Tembel At\u0131: R\u00fczgar M\u0131rm\u0131r\u2019\u0131n Sihirli B\u0131y\u0131klar\u0131 <\/p>\n","protected":false},"excerpt":{"rendered":"<p>Hokus Pokus Diplodokus \u2013 D\u00fcnyan\u0131n \u0130lk Sihirbaz\u0131 Hokus Pokus Diplodokus bundan tam 150 milyon y\u0131l \u00f6nce do\u011fdu. Yumurtadan \u00e7\u0131kt\u0131\u011f\u0131 andan itibaren Hokus&#8217;un farkl\u0131 bir dinozor olaca\u011f\u0131<span class=\"excerpt-hellip\"> [\u2026]<\/span><\/p>\n","protected":false},"featured_media":0,"template":"","meta":{"_monsterinsights_skip_tracking":false,"_monsterinsights_sitenote_active":false,"_monsterinsights_sitenote_note":"","_monsterinsights_sitenote_category":0},"product_brand":[],"product_cat":[12913,12274],"product_tag":[],"class_list":{"0":"post-712266","1":"product","2":"type-product","3":"status-publish","5":"product_cat-3-6-yas-kitaplari","6":"product_cat-cocuk-ve-genclik-kitaplari","7":"pa_cilt-ciltsiz","8":"pa_tur-kitap","9":"pa_yayinevi-indigo-cocuk","10":"pa_yazar-steve-howson","12":"first","13":"instock","14":"sale","15":"shipping-taxable","16":"purchasable","17":"product-type-simple"},"_links":{"self":[{"href":"https:\/\/roveyayinevi.com.tr\/index.php\/wp-json\/wp\/v2\/product\/712266","targetHints":{"allow":["GET"]}}],"collection":[{"href":"https:\/\/roveyayinevi.com.tr\/index.php\/wp-json\/wp\/v2\/product"}],"about":[{"href":"https:\/\/roveyayinevi.com.tr\/index.php\/wp-json\/wp\/v2\/types\/product"}],"wp:attachment":[{"href":"https:\/\/roveyayinevi.com.tr\/index.php\/wp-json\/wp\/v2\/media?parent=712266"}],"wp:term":[{"taxonomy":"product_brand","embeddable":true,"href":"https:\/\/roveyayinevi.com.tr\/index.php\/wp-json\/wp\/v2\/product_brand?post=712266"},{"taxonomy":"product_cat","embeddable":true,"href":"https:\/\/roveyayinevi.com.tr\/index.php\/wp-json\/wp\/v2\/product_cat?post=712266"},{"taxonomy":"product_tag","embeddable":true,"href":"https:\/\/roveyayinevi.com.tr\/index.php\/wp-json\/wp\/v2\/product_tag?post=712266"}],"curies":[{"name":"wp","href":"https:\/\/api.w.org\/{rel}","templated":true}]}}