{"id":712264,"date":"2025-08-27T16:53:59","date_gmt":"2025-08-27T13:53:59","guid":{"rendered":"https:\/\/roveyayinevi.com.tr\/index.php\/urun\/altin-yildiz-yarismasi\/"},"modified":"2026-04-16T02:20:56","modified_gmt":"2026-04-15T23:20:56","slug":"altin-yildiz-yarismasi","status":"publish","type":"product","link":"https:\/\/roveyayinevi.com.tr\/index.php\/urun\/altin-yildiz-yarismasi\/","title":{"rendered":"Alt\u0131n Y\u0131ld\u0131z Yar\u0131\u015fmas\u0131"},"content":{"rendered":"<p>Alt\u0131n Y\u0131ld\u0131z Yar\u0131\u015fmas\u0131 Cennet \u00c7ay\u0131rlar\u0131 Do\u011fa Park\u0131\u2019nda herkes yeni as\u0131lan ilan\u0131 konu\u015fuyordu. Park sakinlerine a\u015fa\u011f\u0131daki kategorilerde alt\u0131n y\u0131ld\u0131z \u00f6d\u00fcl\u00fc verilecekti: &#8211; En pop\u00fcler &#8211; En tertipli &#8211; En becerikli &#8211; En \u015f\u0131k Acaba Z\u00fcri de bir alt\u0131n y\u0131ld\u0131z kazanabilecek miydi?  Arkada\u015fl\u0131k ve dayan\u0131\u015fma \u00fczerine harika bir hik\u00e2ye!   Serinin Di\u011fer Kitaplar\u0131; Safari Park\u2019ta Dev Pancar \u00c7\u0131lg\u0131nl\u0131\u011f\u0131 Yeni K\u00fct\u00fcphaneci Siyah Beyazl\u0131lar Kul\u00fcb\u00fc Ta\u015f Devri Modas\u0131 Hokus Pokus Diplodokus D\u00fcnyan\u0131n En Tembel At\u0131: R\u00fczgar M\u0131rm\u0131r\u2019\u0131n Sihirli B\u0131y\u0131klar\u0131 <\/p>\n","protected":false},"excerpt":{"rendered":"<p>Alt\u0131n Y\u0131ld\u0131z Yar\u0131\u015fmas\u0131 Cennet \u00c7ay\u0131rlar\u0131 Do\u011fa Park\u0131\u2019nda herkes yeni as\u0131lan ilan\u0131 konu\u015fuyordu. Park sakinlerine a\u015fa\u011f\u0131daki kategorilerde alt\u0131n y\u0131ld\u0131z \u00f6d\u00fcl\u00fc verilecekti: &#8211; En pop\u00fcler &#8211; En tertipli<span class=\"excerpt-hellip\"> [\u2026]<\/span><\/p>\n","protected":false},"featured_media":0,"template":"","meta":{"_monsterinsights_skip_tracking":false,"_monsterinsights_sitenote_active":false,"_monsterinsights_sitenote_note":"","_monsterinsights_sitenote_category":0},"product_brand":[],"product_cat":[12913,12274],"product_tag":[],"class_list":{"0":"post-712264","1":"product","2":"type-product","3":"status-publish","5":"product_cat-3-6-yas-kitaplari","6":"product_cat-cocuk-ve-genclik-kitaplari","7":"pa_cilt-ciltsiz","8":"pa_tur-kitap","9":"pa_yayinevi-indigo-cocuk","10":"pa_yazar-alice-hemming","12":"first","13":"instock","14":"sale","15":"shipping-taxable","16":"purchasable","17":"product-type-simple"},"_links":{"self":[{"href":"https:\/\/roveyayinevi.com.tr\/index.php\/wp-json\/wp\/v2\/product\/712264","targetHints":{"allow":["GET"]}}],"collection":[{"href":"https:\/\/roveyayinevi.com.tr\/index.php\/wp-json\/wp\/v2\/product"}],"about":[{"href":"https:\/\/roveyayinevi.com.tr\/index.php\/wp-json\/wp\/v2\/types\/product"}],"wp:attachment":[{"href":"https:\/\/roveyayinevi.com.tr\/index.php\/wp-json\/wp\/v2\/media?parent=712264"}],"wp:term":[{"taxonomy":"product_brand","embeddable":true,"href":"https:\/\/roveyayinevi.com.tr\/index.php\/wp-json\/wp\/v2\/product_brand?post=712264"},{"taxonomy":"product_cat","embeddable":true,"href":"https:\/\/roveyayinevi.com.tr\/index.php\/wp-json\/wp\/v2\/product_cat?post=712264"},{"taxonomy":"product_tag","embeddable":true,"href":"https:\/\/roveyayinevi.com.tr\/index.php\/wp-json\/wp\/v2\/product_tag?post=712264"}],"curies":[{"name":"wp","href":"https:\/\/api.w.org\/{rel}","templated":true}]}}