{"id":712261,"date":"2025-08-27T16:53:57","date_gmt":"2025-08-27T13:53:57","guid":{"rendered":"https:\/\/roveyayinevi.com.tr\/index.php\/urun\/metrodan-insan-manzaralari\/"},"modified":"2026-04-16T02:20:56","modified_gmt":"2026-04-15T23:20:56","slug":"metrodan-insan-manzaralari","status":"publish","type":"product","link":"https:\/\/roveyayinevi.com.tr\/index.php\/urun\/metrodan-insan-manzaralari\/","title":{"rendered":"Metrodan \u0130nsan Manzaralar\u0131"},"content":{"rendered":"<p>Leyla Akg\u00fcl\u2019\u00fcn kalemi bir gazetecinin foto\u011fraf makinesinin deklan\u015f\u00f6r\u00fc, farkl\u0131 ya\u015fam an\u0131lar\u0131n\u0131 donduran bir dokunu\u015f, oldu\u011fu gibi resmeden, hik\u00e2yesini okuyucuya b\u0131rakan, okuyucunun hik\u00e2ye yazmas\u0131na f\u0131rsat veren foto\u011fraf\u00e7\u0131l\u0131k \u00f6rne\u011fi. Kalemle foto\u011fraf b\u00f6yle \u00e7ekilir. Bazen yeni tan\u0131mlar kazand\u0131r\u0131r dile, yeni kap\u0131lar a\u00e7ar ufka; \u201cortaya kar\u0131\u015f\u0131k\u201d bir karakter analizi olur. Metro, herkesin s\u0131k\u0131nt\u0131yla bitmesini bekledi\u011fi bir yolculuk olmaktan \u00e7\u0131k\u0131yor bu kitapta. Bir tiyatro sahnesi. \u0130\u00e7inde oldu\u011fumuz ama d\u0131\u015fardan seyretti\u011fimiz bir sahne. Kendimize d\u0131\u015far\u0131dan bakabilme ustal\u0131\u011f\u0131na ula\u015fm\u0131\u015f yazar\u0131m\u0131z, bize de yol g\u00f6steriyor. Bak\u0131n diyor, bakal\u0131m diyor, hayata g\u00fclerek bak\u0131nca, her an yan\u0131 ba\u015f\u0131m\u0131zda romanlar ak\u0131yor\u2019u mu\u015ftuluyor. Hayat bir metro, metroda ge\u00e7en bir hayat, sevecenlikle bak\u0131nca, keyifli, ne\u015feli de olabiliyormu\u015f.Haydar Ers\u00f6z <\/p>\n","protected":false},"excerpt":{"rendered":"<p>Leyla Akg\u00fcl\u2019\u00fcn kalemi bir gazetecinin foto\u011fraf makinesinin deklan\u015f\u00f6r\u00fc, farkl\u0131 ya\u015fam an\u0131lar\u0131n\u0131 donduran bir dokunu\u015f, oldu\u011fu gibi resmeden, hik\u00e2yesini okuyucuya b\u0131rakan, okuyucunun hik\u00e2ye yazmas\u0131na f\u0131rsat veren foto\u011fraf\u00e7\u0131l\u0131k<span class=\"excerpt-hellip\"> [\u2026]<\/span><\/p>\n","protected":false},"featured_media":0,"template":"","meta":{"_monsterinsights_skip_tracking":false,"_monsterinsights_sitenote_active":false,"_monsterinsights_sitenote_note":"","_monsterinsights_sitenote_category":0},"product_brand":[],"product_cat":[12291,14825],"product_tag":[],"class_list":{"0":"post-712261","1":"product","2":"type-product","3":"status-publish","5":"product_cat-edebiyat","6":"product_cat-mizah","7":"pa_cilt-ciltsiz","8":"pa_tur-kitap","9":"pa_yayinevi-la-kitap-yayinlari","10":"pa_yazar-leyla-akgul","12":"first","13":"instock","14":"sale","15":"shipping-taxable","16":"purchasable","17":"product-type-simple"},"_links":{"self":[{"href":"https:\/\/roveyayinevi.com.tr\/index.php\/wp-json\/wp\/v2\/product\/712261","targetHints":{"allow":["GET"]}}],"collection":[{"href":"https:\/\/roveyayinevi.com.tr\/index.php\/wp-json\/wp\/v2\/product"}],"about":[{"href":"https:\/\/roveyayinevi.com.tr\/index.php\/wp-json\/wp\/v2\/types\/product"}],"wp:attachment":[{"href":"https:\/\/roveyayinevi.com.tr\/index.php\/wp-json\/wp\/v2\/media?parent=712261"}],"wp:term":[{"taxonomy":"product_brand","embeddable":true,"href":"https:\/\/roveyayinevi.com.tr\/index.php\/wp-json\/wp\/v2\/product_brand?post=712261"},{"taxonomy":"product_cat","embeddable":true,"href":"https:\/\/roveyayinevi.com.tr\/index.php\/wp-json\/wp\/v2\/product_cat?post=712261"},{"taxonomy":"product_tag","embeddable":true,"href":"https:\/\/roveyayinevi.com.tr\/index.php\/wp-json\/wp\/v2\/product_tag?post=712261"}],"curies":[{"name":"wp","href":"https:\/\/api.w.org\/{rel}","templated":true}]}}