{"id":712259,"date":"2025-08-27T16:53:55","date_gmt":"2025-08-27T13:53:55","guid":{"rendered":"https:\/\/roveyayinevi.com.tr\/index.php\/urun\/siyasi-duzen-ve-siyasi-curume\/"},"modified":"2026-04-16T02:20:56","modified_gmt":"2026-04-15T23:20:56","slug":"siyasi-duzen-ve-siyasi-curume","status":"publish","type":"product","link":"https:\/\/roveyayinevi.com.tr\/index.php\/urun\/siyasi-duzen-ve-siyasi-curume\/","title":{"rendered":"Siyasi D\u00fczen ve Siyasi \u00c7\u00fcr\u00fcme"},"content":{"rendered":"<p>David Gress, The Wall Street Journal\u2019daki yaz\u0131s\u0131nda Francis Fukuyama\u2019n\u0131n Siyasi D\u00fczenin K\u00f6kenleri isimli kitab\u0131ndan \u201cilmine h\u00e2kim ve hayran olunacak \u015fekilde hudutsuz bir h\u0131rsa sahip\u201d \u015feklinde bahsetmi\u015fti. The New York Times Book Review\u2019da Michael Lind, kitab\u0131 \u201czaman\u0131m\u0131z\u0131n \u00f6nc\u00fc entelekt\u00fcellerinden birinin devasa bir ba\u015far\u0131s\u0131\u201d diye yorumlam\u0131\u015ft\u0131. Ve de Gerard DeGrott, The Washington Post\u2019ta \u201cbu, her daim hat\u0131rlanacak bir eser, ikinci cildi bir an \u00f6nce tamamlans\u0131n\u201d diye yazm\u0131\u015ft\u0131. Pek \u00e7oklar\u0131na g\u00f6re en az\u0131ndan son yirmi be\u015f y\u0131l i\u00e7erisinde \u00fcretilmi\u015f olan en \u00f6nemli siyasal d\u00fc\u015f\u00fcnce eserini tamamlayacak ikinci cilt, nihayet geldi. Hayat\u00ee \u00f6nemdeki bir soruya, toplumlar\u0131n ve kurumlar\u0131n nas\u0131l g\u00fc\u00e7l\u00fc, ki\u015filer \u00fcst\u00fc ve g\u00fcvenilir siyasi kurumlar geli\u015ftirdi\u011fi sorusuna cevap arayan Fukuyama, kald\u0131\u011f\u0131 yerden, yani Frans\u0131z Devrimi\u2019nden ba\u015flatt\u0131\u011f\u0131 hik\u00e2yeyi, Arap Bahar\u0131 denilen olaylara ve modern Amerikan siyasetinin i\u015flev bozukluklar\u0131na kadar g\u00f6t\u00fcr\u00fcyor. Yozla\u015fman\u0131n devlet y\u00f6netimi \u00fczerindeki etkisini ve neden baz\u0131 toplumlar\u0131n bu yozla\u015fmay\u0131 bertaraf etmekte ba\u015far\u0131l\u0131 oldu\u011funu inceliyor. S\u00f6m\u00fcrgecili\u011fin Latin Amerika, Afrika ve Asya\u2019daki de\u011fi\u015fik miraslar\u0131n\u0131 ke\u015ffediyor ve neden kimi b\u00f6lgelerin di\u011ferlerinden daha h\u0131zl\u0131 geli\u015fip zenginle\u015fti\u011fine dair zekice ve yerinde bir a\u00e7\u0131klama getiriyor. Ayr\u0131ca da k\u00fcresel \u00e7apta y\u00fckselen bir orta s\u0131n\u0131f\u0131 ve Bat\u0131\u2019daki siyasi felcin giderek g\u00fc\u00e7lenmesini dikkate alarak, demokrasinin gelece\u011fine ili\u015fkin cesur tahminlerde bulunuyor. D\u00fczg\u00fcn bi\u00e7imde i\u015fleyen bir modern devlet yaratma problemine nefes kesici bir anlat\u0131mla \u00e7ok kapsaml\u0131 <\/p>\n","protected":false},"excerpt":{"rendered":"<p>David Gress, The Wall Street Journal\u2019daki yaz\u0131s\u0131nda Francis Fukuyama\u2019n\u0131n Siyasi D\u00fczenin K\u00f6kenleri isimli kitab\u0131ndan \u201cilmine h\u00e2kim ve hayran olunacak \u015fekilde hudutsuz bir h\u0131rsa sahip\u201d \u015feklinde bahsetmi\u015fti.<span class=\"excerpt-hellip\"> [\u2026]<\/span><\/p>\n","protected":false},"featured_media":0,"template":"","meta":{"_monsterinsights_skip_tracking":false,"_monsterinsights_sitenote_active":false,"_monsterinsights_sitenote_note":"","_monsterinsights_sitenote_category":0},"product_brand":[],"product_cat":[12351,12324],"product_tag":[],"class_list":{"0":"post-712259","1":"product","2":"type-product","3":"status-publish","5":"product_cat-siyaset-sosyolojisi","6":"product_cat-sosyoloji","7":"pa_cilt-ciltsiz","8":"pa_tur-kitap","9":"pa_yayinevi-profil-kitap","10":"pa_yazar-francis-fukuyama","12":"first","13":"instock","14":"sale","15":"shipping-taxable","16":"purchasable","17":"product-type-simple"},"_links":{"self":[{"href":"https:\/\/roveyayinevi.com.tr\/index.php\/wp-json\/wp\/v2\/product\/712259","targetHints":{"allow":["GET"]}}],"collection":[{"href":"https:\/\/roveyayinevi.com.tr\/index.php\/wp-json\/wp\/v2\/product"}],"about":[{"href":"https:\/\/roveyayinevi.com.tr\/index.php\/wp-json\/wp\/v2\/types\/product"}],"wp:attachment":[{"href":"https:\/\/roveyayinevi.com.tr\/index.php\/wp-json\/wp\/v2\/media?parent=712259"}],"wp:term":[{"taxonomy":"product_brand","embeddable":true,"href":"https:\/\/roveyayinevi.com.tr\/index.php\/wp-json\/wp\/v2\/product_brand?post=712259"},{"taxonomy":"product_cat","embeddable":true,"href":"https:\/\/roveyayinevi.com.tr\/index.php\/wp-json\/wp\/v2\/product_cat?post=712259"},{"taxonomy":"product_tag","embeddable":true,"href":"https:\/\/roveyayinevi.com.tr\/index.php\/wp-json\/wp\/v2\/product_tag?post=712259"}],"curies":[{"name":"wp","href":"https:\/\/api.w.org\/{rel}","templated":true}]}}