{"id":712258,"date":"2025-08-27T16:53:55","date_gmt":"2025-08-27T13:53:55","guid":{"rendered":"https:\/\/roveyayinevi.com.tr\/index.php\/urun\/ates-arabalari\/"},"modified":"2026-04-16T02:20:56","modified_gmt":"2026-04-15T23:20:56","slug":"ates-arabalari","status":"publish","type":"product","link":"https:\/\/roveyayinevi.com.tr\/index.php\/urun\/ates-arabalari\/","title":{"rendered":"Ate\u015f Arabalar\u0131"},"content":{"rendered":"<p>\u00b7         Liverpool trib\u00fcnleri You\u2019ll Never Walk Alone \u015fark\u0131s\u0131n\u0131 nas\u0131l ke\u015ffetti? \u00b7         Tello, Be\u015fikta\u015f\u2019a geldi\u011finde sadece kimi tan\u0131yordu? \u00b7         Milan asl\u0131nda Van Basten yerine hangi futbolcuyu al\u0131yordu? \u00b7         E\u015fi istedi\u011fi i\u00e7in b\u0131y\u0131klar\u0131n\u0131 kesen, 80\u2019lerin y\u0131ld\u0131z\u0131 \u0130ngiliz futbolcu kim? \u00b7         Bruce Lee mi daha iyiydi, Wang Yu m\u0131? \u00b7         Oscar \u00f6d\u00fclleri neye g\u00f6re veriliyor? \u00b7         Mourinho, Alex Ferguson\u2019\u0131 ni\u00e7in seviyor? \u00b7         Hangi atlet hem Olimpiyatlar\u2019da hem de Paralimpik Olimpiyatlar\u2019da yar\u0131\u015ft\u0131? \u00b7         Zuhuratbaba sadece bir semt ve hastane ad\u0131 m\u0131? \u00b7         Hollanda\u2019n\u0131n finalde kaybetme sendromunun esas sebebi ne? \u00b7         Steaua B\u00fckre\u015f\u2019in efsane kalecisi Duckadam ve e\u015fsiz atlet Nadia Comaneci, Romen dikta rejiminin kurban\u0131 m\u0131 oldu? \u00b7         Barcelona, her daim General Franco\u2019ya muhalif miydi? \u00b7         Lefter, hangi d\u00fcnya devine transfer olmay\u0131 reddetti? \u00b7         Altyap\u0131lar d\u00fczeyinde ni\u00e7in kimse Ryan Giggs\u2019i tan\u0131m\u0131yordu? Bu sorular\u0131n ve daha bir\u00e7oklar\u0131n\u0131n cevaplar\u0131, spor k\u00fclt\u00fcr\u00fcn\u00fcn usta isimleri Ercan Taner ve Mert Ayd\u0131n\u2019\u0131n sunumuyla Ate\u015f Arabalar\u0131\u2019nda. Futboldan m\u00fczi\u011fe, tarihten sinemaya, Olimpiyatlar\u2019dan dopinge kadar pek \u00e7ok konunun yer ald\u0131\u011f\u0131 program, 2014 y\u0131l\u0131nda En \u0130yi Radyo Program\u0131 dal\u0131nda Sedat Simavi \u00d6d\u00fcl\u00fc kazand\u0131 <\/p>\n","protected":false},"excerpt":{"rendered":"<p>\u00b7 Liverpool trib\u00fcnleri You\u2019ll Never Walk Alone \u015fark\u0131s\u0131n\u0131 nas\u0131l ke\u015ffetti? \u00b7 Tello, Be\u015fikta\u015f\u2019a geldi\u011finde sadece kimi tan\u0131yordu? \u00b7 Milan asl\u0131nda Van Basten yerine hangi futbolcuyu al\u0131yordu?<span class=\"excerpt-hellip\"> [\u2026]<\/span><\/p>\n","protected":false},"featured_media":0,"template":"","meta":{"_monsterinsights_skip_tracking":false,"_monsterinsights_sitenote_active":false,"_monsterinsights_sitenote_note":"","_monsterinsights_sitenote_category":0},"product_brand":[],"product_cat":[15563,15564],"product_tag":[],"class_list":{"0":"post-712258","1":"product","2":"type-product","3":"status-publish","5":"product_cat-hobi","6":"product_cat-spor","7":"pa_cilt-ciltsiz","8":"pa_tur-kitap","9":"pa_yayinevi-profil-kitap","10":"pa_yazar-ercan-taner-mert-aydin","12":"first","13":"instock","14":"sale","15":"shipping-taxable","16":"purchasable","17":"product-type-simple"},"_links":{"self":[{"href":"https:\/\/roveyayinevi.com.tr\/index.php\/wp-json\/wp\/v2\/product\/712258","targetHints":{"allow":["GET"]}}],"collection":[{"href":"https:\/\/roveyayinevi.com.tr\/index.php\/wp-json\/wp\/v2\/product"}],"about":[{"href":"https:\/\/roveyayinevi.com.tr\/index.php\/wp-json\/wp\/v2\/types\/product"}],"wp:attachment":[{"href":"https:\/\/roveyayinevi.com.tr\/index.php\/wp-json\/wp\/v2\/media?parent=712258"}],"wp:term":[{"taxonomy":"product_brand","embeddable":true,"href":"https:\/\/roveyayinevi.com.tr\/index.php\/wp-json\/wp\/v2\/product_brand?post=712258"},{"taxonomy":"product_cat","embeddable":true,"href":"https:\/\/roveyayinevi.com.tr\/index.php\/wp-json\/wp\/v2\/product_cat?post=712258"},{"taxonomy":"product_tag","embeddable":true,"href":"https:\/\/roveyayinevi.com.tr\/index.php\/wp-json\/wp\/v2\/product_tag?post=712258"}],"curies":[{"name":"wp","href":"https:\/\/api.w.org\/{rel}","templated":true}]}}