{"id":712256,"date":"2025-08-27T16:53:54","date_gmt":"2025-08-27T13:53:54","guid":{"rendered":"https:\/\/roveyayinevi.com.tr\/index.php\/urun\/ayin-gttigi-gece\/"},"modified":"2026-04-16T02:20:56","modified_gmt":"2026-04-15T23:20:56","slug":"ayin-gttigi-gece","status":"publish","type":"product","link":"https:\/\/roveyayinevi.com.tr\/index.php\/urun\/ayin-gttigi-gece\/","title":{"rendered":"Ay&#8217;\u0131n Gtti\u011fi Gece"},"content":{"rendered":"<p>Ay, G\u00fcne\u015f\u2019in \u0131\u015f\u0131\u011f\u0131n\u0131 g\u00f6ky\u00fcz\u00fcnde her gece yans\u0131t\u0131r. Ama tek yapt\u0131\u011f\u0131 bu de\u011fildir&#8230; Ay, D\u00fcnya \u00fczerindeki hayat\u0131m\u0131zda \u00e7ok \u00f6nemli bir yere sahiptir. Peki Ay ortadan kaybolursa ne olur?   JonathanHeilig\u2019in yaz\u0131p resimledi\u011fiG\u00fcne\u015f\u2019in Gitti\u011fi G\u00fcn\u2019\u00fcn devam\u0131 niteli\u011findeki Ay\u2019\u0131n Gitti\u011fi Gece, Ku\u015f, Bay Bilimci ve yeni karakter Laboratuvar Faresi ile ba\u015fka bir unutulmaz maceraya at\u0131lmaya var m\u0131s\u0131n\u0131z? <\/p>\n","protected":false},"excerpt":{"rendered":"<p>Ay, G\u00fcne\u015f\u2019in \u0131\u015f\u0131\u011f\u0131n\u0131 g\u00f6ky\u00fcz\u00fcnde her gece yans\u0131t\u0131r. Ama tek yapt\u0131\u011f\u0131 bu de\u011fildir&#8230; Ay, D\u00fcnya \u00fczerindeki hayat\u0131m\u0131zda \u00e7ok \u00f6nemli bir yere sahiptir. Peki Ay ortadan kaybolursa ne<span class=\"excerpt-hellip\"> [\u2026]<\/span><\/p>\n","protected":false},"featured_media":0,"template":"","meta":{"_monsterinsights_skip_tracking":false,"_monsterinsights_sitenote_active":false,"_monsterinsights_sitenote_note":"","_monsterinsights_sitenote_category":0},"product_brand":[],"product_cat":[12913,12274],"product_tag":[],"class_list":{"0":"post-712256","1":"product","2":"type-product","3":"status-publish","5":"product_cat-3-6-yas-kitaplari","6":"product_cat-cocuk-ve-genclik-kitaplari","7":"pa_cilt-ciltsiz","8":"pa_tur-kitap","9":"pa_yayinevi-beta-kids","10":"pa_yazar-jonathan-heilig","12":"first","13":"instock","14":"sale","15":"shipping-taxable","16":"purchasable","17":"product-type-simple"},"_links":{"self":[{"href":"https:\/\/roveyayinevi.com.tr\/index.php\/wp-json\/wp\/v2\/product\/712256","targetHints":{"allow":["GET"]}}],"collection":[{"href":"https:\/\/roveyayinevi.com.tr\/index.php\/wp-json\/wp\/v2\/product"}],"about":[{"href":"https:\/\/roveyayinevi.com.tr\/index.php\/wp-json\/wp\/v2\/types\/product"}],"wp:attachment":[{"href":"https:\/\/roveyayinevi.com.tr\/index.php\/wp-json\/wp\/v2\/media?parent=712256"}],"wp:term":[{"taxonomy":"product_brand","embeddable":true,"href":"https:\/\/roveyayinevi.com.tr\/index.php\/wp-json\/wp\/v2\/product_brand?post=712256"},{"taxonomy":"product_cat","embeddable":true,"href":"https:\/\/roveyayinevi.com.tr\/index.php\/wp-json\/wp\/v2\/product_cat?post=712256"},{"taxonomy":"product_tag","embeddable":true,"href":"https:\/\/roveyayinevi.com.tr\/index.php\/wp-json\/wp\/v2\/product_tag?post=712256"}],"curies":[{"name":"wp","href":"https:\/\/api.w.org\/{rel}","templated":true}]}}