{"id":712253,"date":"2025-08-27T16:53:52","date_gmt":"2025-08-27T13:53:52","guid":{"rendered":"https:\/\/roveyayinevi.com.tr\/index.php\/urun\/masallarimi-geri-alabilir-miyim\/"},"modified":"2026-04-16T02:20:56","modified_gmt":"2026-04-15T23:20:56","slug":"masallarimi-geri-alabilir-miyim","status":"publish","type":"product","link":"https:\/\/roveyayinevi.com.tr\/index.php\/urun\/masallarimi-geri-alabilir-miyim\/","title":{"rendered":"Masallar\u0131m\u0131 Geri Alabilir Miyim?"},"content":{"rendered":"<p>Nehir\u2019i pek zorlu bir g\u00f6rev bekliyor; yar\u0131m kalm\u0131\u015f bir masal\u0131n sonunu getirmesi ve g\u00fczelim masallar\u0131 cad\u0131n\u0131n elinden kurtarmas\u0131 gerek. \u00dcf, ne g\u00f6rev ama! \u0130\u015fte renkli i\u015fbirlik\u00e7ileri: Y\u00fcz ya\u015f\u0131ndaki Betty teyze, g\u00f6zc\u00fc kedi Mika, ekmek sevdal\u0131s\u0131 bir bakkal, dostlu\u011fun s\u0131cac\u0131k elleri, hayal kurulan ak\u015famlar ve otuz yedi balon. Ah, bir de zorlu engeller var tabii! Masallar\u0131 sevmeyen bir masal kahraman\u0131, onun o konu\u015fkan \u015fapkas\u0131 ve kal\u0131n b\u00fcy\u00fc kitab\u0131; ula\u015f\u0131lmas\u0131 zor bir \u015fato, kaybolan harfler\u2026 Ne dersin, masallar\u0131 geri alabilir miyiz can\u0131m okur? Hayallerimize s\u0131k\u0131ca sar\u0131l\u0131rsak neden olmas\u0131n? Tema: Kendimizi ifade etme bi\u00e7imimiz Kavramlar ve Anahtar S\u00f6zc\u00fckler: \u0130leti\u015fim, sevgi, mutluluk, hayal g\u00fcc\u00fc, masal, dostluk, aile, kararl\u0131l\u0131k, cesaret, sorumluluk Tutumlar: Merak, ba\u011f\u0131ms\u0131z davranma, yarat\u0131c\u0131l\u0131k, i\u015fbirli\u011fi, g\u00fcven Profil \u00d6\u011feleri: \u0130leti\u015fim kuran, riski g\u00f6ze alan, ara\u015ft\u0131ran, sorgulayan <\/p>\n","protected":false},"excerpt":{"rendered":"<p>Nehir\u2019i pek zorlu bir g\u00f6rev bekliyor; yar\u0131m kalm\u0131\u015f bir masal\u0131n sonunu getirmesi ve g\u00fczelim masallar\u0131 cad\u0131n\u0131n elinden kurtarmas\u0131 gerek. \u00dcf, ne g\u00f6rev ama! \u0130\u015fte renkli i\u015fbirlik\u00e7ileri:<span class=\"excerpt-hellip\"> [\u2026]<\/span><\/p>\n","protected":false},"featured_media":0,"template":"","meta":{"_monsterinsights_skip_tracking":false,"_monsterinsights_sitenote_active":false,"_monsterinsights_sitenote_note":"","_monsterinsights_sitenote_category":0},"product_brand":[],"product_cat":[12275,12274],"product_tag":[],"class_list":{"0":"post-712253","1":"product","2":"type-product","3":"status-publish","5":"product_cat-6-12-yas-kitaplari","6":"product_cat-cocuk-ve-genclik-kitaplari","7":"pa_cilt-ciltsiz","8":"pa_tur-kitap","9":"pa_yayinevi-elma-cocuk","10":"pa_yazar-filiz-cavus","12":"first","13":"instock","14":"sale","15":"shipping-taxable","16":"purchasable","17":"product-type-simple"},"_links":{"self":[{"href":"https:\/\/roveyayinevi.com.tr\/index.php\/wp-json\/wp\/v2\/product\/712253","targetHints":{"allow":["GET"]}}],"collection":[{"href":"https:\/\/roveyayinevi.com.tr\/index.php\/wp-json\/wp\/v2\/product"}],"about":[{"href":"https:\/\/roveyayinevi.com.tr\/index.php\/wp-json\/wp\/v2\/types\/product"}],"wp:attachment":[{"href":"https:\/\/roveyayinevi.com.tr\/index.php\/wp-json\/wp\/v2\/media?parent=712253"}],"wp:term":[{"taxonomy":"product_brand","embeddable":true,"href":"https:\/\/roveyayinevi.com.tr\/index.php\/wp-json\/wp\/v2\/product_brand?post=712253"},{"taxonomy":"product_cat","embeddable":true,"href":"https:\/\/roveyayinevi.com.tr\/index.php\/wp-json\/wp\/v2\/product_cat?post=712253"},{"taxonomy":"product_tag","embeddable":true,"href":"https:\/\/roveyayinevi.com.tr\/index.php\/wp-json\/wp\/v2\/product_tag?post=712253"}],"curies":[{"name":"wp","href":"https:\/\/api.w.org\/{rel}","templated":true}]}}