{"id":712251,"date":"2025-08-27T16:53:51","date_gmt":"2025-08-27T13:53:51","guid":{"rendered":"https:\/\/roveyayinevi.com.tr\/index.php\/urun\/olimposun-hirsizi\/"},"modified":"2026-04-16T02:20:56","modified_gmt":"2026-04-15T23:20:56","slug":"olimposun-hirsizi","status":"publish","type":"product","link":"https:\/\/roveyayinevi.com.tr\/index.php\/urun\/olimposun-hirsizi\/","title":{"rendered":"Olimpos\u2019un H\u0131rs\u0131z\u0131"},"content":{"rendered":"<p>Geronimo Stilton\u2019la zamanda yolculu\u011fa haz\u0131r m\u0131s\u0131n\u0131z? \u201cHay g\u00f6z\u00fcn\u00fc sevdi\u011fimin peyniri, o ne farekulade bir deneyimdi \u00f6yle!\u201d B\u00fct\u00fcn d\u00fcnyada milyonlarca merakl\u0131s\u0131 olan Geronimo Stilton kitaplar\u0131 sizi s\u0131rlarla dolu, soluk solu\u011fa okuyaca\u011f\u0131n\u0131z maceralara g\u00f6t\u00fcr\u00fcyor. Profes\u00f6r Amper Volt\u2019un icat etti\u011fi Zaman Makinesi\u2019yle b\u00fcy\u00fck filozof Sokrates\u2019in evinde ak\u015fam yeme\u011fine, yar\u0131\u015fmalara, bir h\u0131rs\u0131zl\u0131k olay\u0131n\u0131 ayd\u0131nlatmaya haz\u0131r m\u0131s\u0131n\u0131z? Tabii yine Geronimo Stilton ve akrabalar\u0131yla\u2026 \u201cZamanda Yolculuk\u201d dizisinin ikinci kitab\u0131 Olimpos\u2019un H\u0131rs\u0131z\u0131\u2019n\u0131 Filiz \u00d6zdem \u00e7evirdi. Geronimo Stilton bildi\u011finiz g\u00fc\u00e7l\u00fc, korkusuz kahramanlardan de\u011fil. Ger\u00e7ek cesaret korkusuz olmak de\u011fil, s\u0131n\u0131rlar\u0131n\u0131 bilerek korkular\u0131n\u0131n \u00fcstesinden gelmektir! Geronimo hemen hemen her \u015feyden \u00e7ok korkuyor ama hayata olumlu bak\u0131\u015f\u0131, e\u015fsiz mizah duygusu ve tabii ki arkada\u015flar\u0131 sayesinde zor durumlar\u0131n \u00fcstesinden gelmeyi her seferinde ba\u015far\u0131yor. Geronimo Stilton kitaplar\u0131n\u0131 okurken ailenin, arkada\u015flar\u0131n, bar\u0131\u015f\u0131n, dayan\u0131\u015fman\u0131n, d\u00fcr\u00fcstl\u00fc\u011f\u00fcn, samimiyetin \u00f6nemini hissedecek, kendinize g\u00fclebilmenin ne kadar da farekulade bir \u015fey oldu\u011funu anlayacaks\u0131n\u0131z. <\/p>\n","protected":false},"excerpt":{"rendered":"<p>Geronimo Stilton\u2019la zamanda yolculu\u011fa haz\u0131r m\u0131s\u0131n\u0131z? \u201cHay g\u00f6z\u00fcn\u00fc sevdi\u011fimin peyniri, o ne farekulade bir deneyimdi \u00f6yle!\u201d B\u00fct\u00fcn d\u00fcnyada milyonlarca merakl\u0131s\u0131 olan Geronimo Stilton kitaplar\u0131 sizi s\u0131rlarla<span class=\"excerpt-hellip\"> [\u2026]<\/span><\/p>\n","protected":false},"featured_media":0,"template":"","meta":{"_monsterinsights_skip_tracking":false,"_monsterinsights_sitenote_active":false,"_monsterinsights_sitenote_note":"","_monsterinsights_sitenote_category":0},"product_brand":[],"product_cat":[12275,12274],"product_tag":[],"class_list":{"0":"post-712251","1":"product","2":"type-product","3":"status-publish","5":"product_cat-6-12-yas-kitaplari","6":"product_cat-cocuk-ve-genclik-kitaplari","7":"pa_cilt-ciltsiz","8":"pa_tur-kitap","9":"pa_yayinevi-yapi-kredi-yayinlari","10":"pa_yazar-gerenimo-stilton","12":"first","13":"instock","14":"sale","15":"shipping-taxable","16":"purchasable","17":"product-type-simple"},"_links":{"self":[{"href":"https:\/\/roveyayinevi.com.tr\/index.php\/wp-json\/wp\/v2\/product\/712251","targetHints":{"allow":["GET"]}}],"collection":[{"href":"https:\/\/roveyayinevi.com.tr\/index.php\/wp-json\/wp\/v2\/product"}],"about":[{"href":"https:\/\/roveyayinevi.com.tr\/index.php\/wp-json\/wp\/v2\/types\/product"}],"wp:attachment":[{"href":"https:\/\/roveyayinevi.com.tr\/index.php\/wp-json\/wp\/v2\/media?parent=712251"}],"wp:term":[{"taxonomy":"product_brand","embeddable":true,"href":"https:\/\/roveyayinevi.com.tr\/index.php\/wp-json\/wp\/v2\/product_brand?post=712251"},{"taxonomy":"product_cat","embeddable":true,"href":"https:\/\/roveyayinevi.com.tr\/index.php\/wp-json\/wp\/v2\/product_cat?post=712251"},{"taxonomy":"product_tag","embeddable":true,"href":"https:\/\/roveyayinevi.com.tr\/index.php\/wp-json\/wp\/v2\/product_tag?post=712251"}],"curies":[{"name":"wp","href":"https:\/\/api.w.org\/{rel}","templated":true}]}}