{"id":712250,"date":"2025-08-27T16:53:50","date_gmt":"2025-08-27T13:53:50","guid":{"rendered":"https:\/\/roveyayinevi.com.tr\/index.php\/urun\/haydi-ciciko-haydi\/"},"modified":"2026-04-16T02:20:56","modified_gmt":"2026-04-15T23:20:56","slug":"haydi-ciciko-haydi","status":"publish","type":"product","link":"https:\/\/roveyayinevi.com.tr\/index.php\/urun\/haydi-ciciko-haydi\/","title":{"rendered":"Haydi \u00c7i\u00e7iko Haydi!"},"content":{"rendered":"<p>Haydi \u00c7i\u00e7iko haydi! \u00c7i\u00e7iko gol gol gol! Brezilyal\u0131 \u00c7i\u00e7iko, arkada\u015flar\u0131 Anna ve Davi ile her g\u00fcn plajda bulu\u015fup futbol oynar. Yetene\u011fi sayesinde \u00fcnl\u00fc bir kul\u00fcb\u00fcn yetenek avc\u0131lar\u0131n\u0131n dikkatini \u00e7ekmesi uzun s\u00fcrmez. Yaln\u0131z k\u00fc\u00e7\u00fck bir sorun vard\u0131r: Plajda \u00e7\u0131plak ayakla oynamaya al\u0131\u015fm\u0131\u015f \u00c7i\u00e7iko\u2019nun, davet edildi\u011fi oyuncu se\u00e7melerinde giyebilece\u011fi futbol ayakkab\u0131s\u0131 yoktur. Neyse ki Anna ile Davi\u2019nin bir plan\u0131 vard\u0131r&#8230; Bol \u00f6d\u00fcll\u00fc \u00e7ocuk kitaplar\u0131 yazar\u0131 Geraldine McCaughrean\u2019\u0131n hik\u00e2yesini Tom Percival resimledi. <\/p>\n","protected":false},"excerpt":{"rendered":"<p>Haydi \u00c7i\u00e7iko haydi! \u00c7i\u00e7iko gol gol gol! Brezilyal\u0131 \u00c7i\u00e7iko, arkada\u015flar\u0131 Anna ve Davi ile her g\u00fcn plajda bulu\u015fup futbol oynar. Yetene\u011fi sayesinde \u00fcnl\u00fc bir kul\u00fcb\u00fcn yetenek<span class=\"excerpt-hellip\"> [\u2026]<\/span><\/p>\n","protected":false},"featured_media":0,"template":"","meta":{"_monsterinsights_skip_tracking":false,"_monsterinsights_sitenote_active":false,"_monsterinsights_sitenote_note":"","_monsterinsights_sitenote_category":0},"product_brand":[],"product_cat":[12275,12274],"product_tag":[],"class_list":{"0":"post-712250","1":"product","2":"type-product","3":"status-publish","5":"product_cat-6-12-yas-kitaplari","6":"product_cat-cocuk-ve-genclik-kitaplari","7":"pa_cilt-ciltsiz","8":"pa_tur-kitap","9":"pa_yayinevi-yapi-kredi-yayinlari","10":"pa_yazar-geraldine-mccaughrean","12":"first","13":"instock","14":"sale","15":"shipping-taxable","16":"purchasable","17":"product-type-simple"},"_links":{"self":[{"href":"https:\/\/roveyayinevi.com.tr\/index.php\/wp-json\/wp\/v2\/product\/712250","targetHints":{"allow":["GET"]}}],"collection":[{"href":"https:\/\/roveyayinevi.com.tr\/index.php\/wp-json\/wp\/v2\/product"}],"about":[{"href":"https:\/\/roveyayinevi.com.tr\/index.php\/wp-json\/wp\/v2\/types\/product"}],"wp:attachment":[{"href":"https:\/\/roveyayinevi.com.tr\/index.php\/wp-json\/wp\/v2\/media?parent=712250"}],"wp:term":[{"taxonomy":"product_brand","embeddable":true,"href":"https:\/\/roveyayinevi.com.tr\/index.php\/wp-json\/wp\/v2\/product_brand?post=712250"},{"taxonomy":"product_cat","embeddable":true,"href":"https:\/\/roveyayinevi.com.tr\/index.php\/wp-json\/wp\/v2\/product_cat?post=712250"},{"taxonomy":"product_tag","embeddable":true,"href":"https:\/\/roveyayinevi.com.tr\/index.php\/wp-json\/wp\/v2\/product_tag?post=712250"}],"curies":[{"name":"wp","href":"https:\/\/api.w.org\/{rel}","templated":true}]}}