{"id":712246,"date":"2025-08-27T16:53:47","date_gmt":"2025-08-27T13:53:47","guid":{"rendered":"https:\/\/roveyayinevi.com.tr\/index.php\/urun\/gozyaslarim-iftiharla-sunar\/"},"modified":"2026-04-16T02:20:56","modified_gmt":"2026-04-15T23:20:56","slug":"gozyaslarim-iftiharla-sunar","status":"publish","type":"product","link":"https:\/\/roveyayinevi.com.tr\/index.php\/urun\/gozyaslarim-iftiharla-sunar\/","title":{"rendered":"G\u00f6zya\u015flar\u0131m \u0130ftiharla Sunar"},"content":{"rendered":"<p>Tedaviye g\u00fcl\u00fcp ge\u00e7en yaralar\u0131m var benim. En sevdiklerimin ellerinden nak\u0131\u015f nak\u0131\u015f bak\u0131\u015flar\u0131ma i\u015flenmi\u015f habersizce. Kalabal\u0131klar aras\u0131nda neden kayboldu\u011fumu sormay\u0131n bana, asl\u0131nda tek iste\u011fim insan selinin i\u00e7inde kendimi unutturmak. Anlasana! Takatim yok bir daha kendimi elevermeye, el \u00fcst\u00fcnde tuttuklar\u0131mdan el muamelesi g\u00f6rmeye. Etraf\u0131m hep benden bir par\u00e7a. Bak mesela kar\u015f\u0131mda da\u011f gibi dikilen \u015fu hayal k\u0131r\u0131kl\u0131klar\u0131n\u0131 g\u00f6r\u00fcyor musun? \u0130\u015fte onlar bana uykusuz gecelerimden hediye. Hangi birini def edebilirim, hangi birini silip atabilirim? Yapamam! Ke\u015fkelerimle defalarca y\u00fczle\u015fmem gerek benim, y\u0131k\u0131lan hayallerimi kar\u015f\u0131ma al\u0131p af dilemeliyim. Neden mi? Ruhumu enkaz alt\u0131nda b\u0131rakanla g\u00f6z g\u00f6ze gelirse bu y\u00fcrek, dayanamaz teslim olur, bilirim&#8230; Zaaf\u0131n varsa cellat\u0131na, kurbanl\u0131\u011f\u0131n hakk\u0131n\u0131 verir insan. Belki bizi de \u00f6zleyen biri vard\u0131r bir yerlerde. Tek sorun hen\u00fcz tan\u0131\u015fmam\u0131\u015f olmam\u0131zd\u0131r. Art\u0131k kimse benden bir fedak\u00e2rl\u0131k daha beklemesin, ne b\u0131rakt\u0131lar ki benden geriye? Elimden gelen tek \u015fey bu sat\u0131rlar. Vicdan\u0131n nas\u0131l rahat bilmem ama g\u00f6zya\u015flar\u0131m iftiharla sunar&#8230; <\/p>\n","protected":false},"excerpt":{"rendered":"<p>Tedaviye g\u00fcl\u00fcp ge\u00e7en yaralar\u0131m var benim. En sevdiklerimin ellerinden nak\u0131\u015f nak\u0131\u015f bak\u0131\u015flar\u0131ma i\u015flenmi\u015f habersizce. Kalabal\u0131klar aras\u0131nda neden kayboldu\u011fumu sormay\u0131n bana, asl\u0131nda tek iste\u011fim insan selinin i\u00e7inde<span class=\"excerpt-hellip\"> [\u2026]<\/span><\/p>\n","protected":false},"featured_media":0,"template":"","meta":{"_monsterinsights_skip_tracking":false,"_monsterinsights_sitenote_active":false,"_monsterinsights_sitenote_note":"","_monsterinsights_sitenote_category":0},"product_brand":[],"product_cat":[12777,12291],"product_tag":[],"class_list":{"0":"post-712246","1":"product","2":"type-product","3":"status-publish","5":"product_cat-deneme","6":"product_cat-edebiyat","7":"pa_cilt-ciltsiz","8":"pa_tur-kitap","9":"pa_yayinevi-destek-yayinlari","10":"pa_yazar-murat-tavli","12":"first","13":"instock","14":"sale","15":"shipping-taxable","16":"purchasable","17":"product-type-simple"},"_links":{"self":[{"href":"https:\/\/roveyayinevi.com.tr\/index.php\/wp-json\/wp\/v2\/product\/712246","targetHints":{"allow":["GET"]}}],"collection":[{"href":"https:\/\/roveyayinevi.com.tr\/index.php\/wp-json\/wp\/v2\/product"}],"about":[{"href":"https:\/\/roveyayinevi.com.tr\/index.php\/wp-json\/wp\/v2\/types\/product"}],"wp:attachment":[{"href":"https:\/\/roveyayinevi.com.tr\/index.php\/wp-json\/wp\/v2\/media?parent=712246"}],"wp:term":[{"taxonomy":"product_brand","embeddable":true,"href":"https:\/\/roveyayinevi.com.tr\/index.php\/wp-json\/wp\/v2\/product_brand?post=712246"},{"taxonomy":"product_cat","embeddable":true,"href":"https:\/\/roveyayinevi.com.tr\/index.php\/wp-json\/wp\/v2\/product_cat?post=712246"},{"taxonomy":"product_tag","embeddable":true,"href":"https:\/\/roveyayinevi.com.tr\/index.php\/wp-json\/wp\/v2\/product_tag?post=712246"}],"curies":[{"name":"wp","href":"https:\/\/api.w.org\/{rel}","templated":true}]}}