{"id":712245,"date":"2025-08-27T16:53:47","date_gmt":"2025-08-27T13:53:47","guid":{"rendered":"https:\/\/roveyayinevi.com.tr\/index.php\/urun\/elif-ile-kedisi-mirnav-ilk-okuma-kitabim\/"},"modified":"2026-04-16T02:20:56","modified_gmt":"2026-04-15T23:20:56","slug":"elif-ile-kedisi-mirnav-ilk-okuma-kitabim","status":"publish","type":"product","link":"https:\/\/roveyayinevi.com.tr\/index.php\/urun\/elif-ile-kedisi-mirnav-ilk-okuma-kitabim\/","title":{"rendered":"Elif ile Kedisi M\u0131rnav &#8211; \u0130lk Okuma Kitab\u0131m"},"content":{"rendered":"<p>Kedileri \u00e7ok seven Elif, odas\u0131nda bir kedinin resmini \u00e7iziyordu. D\u0131\u015far\u0131da bir araban\u0131n fren sesi duyuldu. Elif\u2019in babas\u0131 son anda yolun ortas\u0131nda bir kedi g\u00f6rm\u00fc\u015f ve frene basm\u0131\u015ft\u0131. Neyse ki kediye bir \u015fey olmam\u0131\u015ft\u0131. Elif bu k\u00fc\u00e7\u00fck kedici\u011fi g\u00f6r\u00fcr g\u00f6rmez sevin\u00e7ten havalara z\u0131plad\u0131\u2026 \ufffcTan\u0131t\u0131m Metni<\/p>\n","protected":false},"excerpt":{"rendered":"<p>Kedileri \u00e7ok seven Elif, odas\u0131nda bir kedinin resmini \u00e7iziyordu. D\u0131\u015far\u0131da bir araban\u0131n fren sesi duyuldu. Elif\u2019in babas\u0131 son anda yolun ortas\u0131nda bir kedi g\u00f6rm\u00fc\u015f ve frene<span class=\"excerpt-hellip\"> [\u2026]<\/span><\/p>\n","protected":false},"featured_media":0,"template":"","meta":{"_monsterinsights_skip_tracking":false,"_monsterinsights_sitenote_active":false,"_monsterinsights_sitenote_note":"","_monsterinsights_sitenote_category":0},"product_brand":[],"product_cat":[12913,12274],"product_tag":[],"class_list":{"0":"post-712245","1":"product","2":"type-product","3":"status-publish","5":"product_cat-3-6-yas-kitaplari","6":"product_cat-cocuk-ve-genclik-kitaplari","7":"pa_cilt-ciltsiz","8":"pa_tur-kitap","9":"pa_yayinevi-is-bankasi-kultur-yayinlari","10":"pa_yazar-liane-schneider","12":"first","13":"instock","14":"sale","15":"shipping-taxable","16":"purchasable","17":"product-type-simple"},"_links":{"self":[{"href":"https:\/\/roveyayinevi.com.tr\/index.php\/wp-json\/wp\/v2\/product\/712245","targetHints":{"allow":["GET"]}}],"collection":[{"href":"https:\/\/roveyayinevi.com.tr\/index.php\/wp-json\/wp\/v2\/product"}],"about":[{"href":"https:\/\/roveyayinevi.com.tr\/index.php\/wp-json\/wp\/v2\/types\/product"}],"wp:attachment":[{"href":"https:\/\/roveyayinevi.com.tr\/index.php\/wp-json\/wp\/v2\/media?parent=712245"}],"wp:term":[{"taxonomy":"product_brand","embeddable":true,"href":"https:\/\/roveyayinevi.com.tr\/index.php\/wp-json\/wp\/v2\/product_brand?post=712245"},{"taxonomy":"product_cat","embeddable":true,"href":"https:\/\/roveyayinevi.com.tr\/index.php\/wp-json\/wp\/v2\/product_cat?post=712245"},{"taxonomy":"product_tag","embeddable":true,"href":"https:\/\/roveyayinevi.com.tr\/index.php\/wp-json\/wp\/v2\/product_tag?post=712245"}],"curies":[{"name":"wp","href":"https:\/\/api.w.org\/{rel}","templated":true}]}}