{"id":712243,"date":"2025-08-27T16:53:45","date_gmt":"2025-08-27T13:53:45","guid":{"rendered":"https:\/\/roveyayinevi.com.tr\/index.php\/urun\/elife-kardes-geliyor-ilk-okuma-kitabim\/"},"modified":"2026-04-15T02:27:33","modified_gmt":"2026-04-14T23:27:33","slug":"elife-kardes-geliyor-ilk-okuma-kitabim","status":"publish","type":"product","link":"https:\/\/roveyayinevi.com.tr\/index.php\/urun\/elife-kardes-geliyor-ilk-okuma-kitabim\/","title":{"rendered":"Elif\u2019e Karde\u015f Geliyor &#8211; \u0130lk Okuma Kitab\u0131m"},"content":{"rendered":"<p>Elif, annesinin s\u00fcrekli \u015fi\u015fmanlamas\u0131n\u0131 \u00e7ok tuhaf buluyordu. Bir g\u00fcn, aileye bir bebek gelece\u011fini \u00f6\u011frendi! \u00d6nce biraz korktu, \u00e7\u00fcnk\u00fc annesiyle babas\u0131, bebe\u011fi Elif\u2019ten daha fazla sevebilirlerdi. Ama annesi onu her zaman \u00e7ok sevece\u011fini s\u00f6yledi\u011finde korkusu ge\u00e7iverdi. Karde\u015fi geldi\u011finde ise Elif mutluluktan havalara u\u00e7tu ve karde\u015finin bak\u0131m\u0131nda annesine \u00e7ok yard\u0131mc\u0131 oldu. \ufffcTan\u0131t\u0131m Metni<\/p>\n","protected":false},"excerpt":{"rendered":"<p>Elif, annesinin s\u00fcrekli \u015fi\u015fmanlamas\u0131n\u0131 \u00e7ok tuhaf buluyordu. Bir g\u00fcn, aileye bir bebek gelece\u011fini \u00f6\u011frendi! \u00d6nce biraz korktu, \u00e7\u00fcnk\u00fc annesiyle babas\u0131, bebe\u011fi Elif\u2019ten daha fazla sevebilirlerdi. Ama<span class=\"excerpt-hellip\"> [\u2026]<\/span><\/p>\n","protected":false},"featured_media":0,"template":"","meta":{"_monsterinsights_skip_tracking":false,"_monsterinsights_sitenote_active":false,"_monsterinsights_sitenote_note":"","_monsterinsights_sitenote_category":0},"product_brand":[],"product_cat":[12291,12711],"product_tag":[],"class_list":{"0":"post-712243","1":"product","2":"type-product","3":"status-publish","5":"product_cat-edebiyat","6":"product_cat-roman-oyku","7":"pa_cilt-ciltsiz","8":"pa_tur-kitap","9":"pa_yayinevi-is-bankasi-kultur-yayinlari","10":"pa_yazar-liane-schneider","12":"first","13":"instock","14":"sale","15":"shipping-taxable","16":"purchasable","17":"product-type-simple"},"_links":{"self":[{"href":"https:\/\/roveyayinevi.com.tr\/index.php\/wp-json\/wp\/v2\/product\/712243","targetHints":{"allow":["GET"]}}],"collection":[{"href":"https:\/\/roveyayinevi.com.tr\/index.php\/wp-json\/wp\/v2\/product"}],"about":[{"href":"https:\/\/roveyayinevi.com.tr\/index.php\/wp-json\/wp\/v2\/types\/product"}],"wp:attachment":[{"href":"https:\/\/roveyayinevi.com.tr\/index.php\/wp-json\/wp\/v2\/media?parent=712243"}],"wp:term":[{"taxonomy":"product_brand","embeddable":true,"href":"https:\/\/roveyayinevi.com.tr\/index.php\/wp-json\/wp\/v2\/product_brand?post=712243"},{"taxonomy":"product_cat","embeddable":true,"href":"https:\/\/roveyayinevi.com.tr\/index.php\/wp-json\/wp\/v2\/product_cat?post=712243"},{"taxonomy":"product_tag","embeddable":true,"href":"https:\/\/roveyayinevi.com.tr\/index.php\/wp-json\/wp\/v2\/product_tag?post=712243"}],"curies":[{"name":"wp","href":"https:\/\/api.w.org\/{rel}","templated":true}]}}