{"id":712237,"date":"2025-08-27T16:53:42","date_gmt":"2025-08-27T13:53:42","guid":{"rendered":"https:\/\/roveyayinevi.com.tr\/index.php\/urun\/mutlulugun-kazanilmasi\/"},"modified":"2026-04-16T02:20:56","modified_gmt":"2026-04-15T23:20:56","slug":"mutlulugun-kazanilmasi","status":"publish","type":"product","link":"https:\/\/roveyayinevi.com.tr\/index.php\/urun\/mutlulugun-kazanilmasi\/","title":{"rendered":"Mutlulu\u011fun Kazan\u0131lmas\u0131"},"content":{"rendered":"<p>Farab\u00ee (870-950): T\u00fcrk-\u0130slam filozofu, g\u00f6kbilimci, m\u00fczisyen. \u0130slam\u2019\u0131n Alt\u0131n \u00c7a\u011f\u2019\u0131n\u0131n en \u00f6nemli isimlerden biridir. Farab\u00ee y\u00fcksek\u00f6\u011frenimini Ba\u011fdat\u2019ta tamamlad\u0131, zaman\u0131n \u00fcnl\u00fc bilginlerinden ders ald\u0131. Aristoteles\u2019in ve Platon\u2019un eserlerini inceledi, bu iki filozofun felsefelerini \u0130slam\u2019la ba\u011fda\u015ft\u0131rmaya, bu sayede \u0130slam dinine felsefi bir nitelik kazand\u0131rmaya \u00e7al\u0131\u015ft\u0131. Felsefeye mant\u0131k ile ba\u015flay\u0131p metafizik \u00fczerinde durdu; felsefenin dil, siyaset, do\u011fa, zihin ile ilgilenen dallar\u0131nda eserler verdi; m\u00fczik aletleri geli\u015ftirdi, m\u00fczik ve psikoloji konular\u0131nda yazd\u0131. \u0130slam felsefesinin geli\u015fmesini ve korunmas\u0131n\u0131 sa\u011flad\u0131, Bat\u0131l\u0131 Orta \u00c7a\u011f d\u00fc\u015f\u00fcncesini etkiledi. Siyaset felsefesi alan\u0131ndaki en olgun eseri kabul edilen Mutlulu\u011fun Kazan\u0131lmas\u0131 \u00f6ncelikle insanlar\u0131n her iki d\u00fcnyada mutlulu\u011fu kazanmalar\u0131na arac\u0131 olan insani \u015feyleri, yani teorik erdem, fikr\u00ee erdem, ahl\u00e2ki erdem ve pratik sanatlar\u0131 tan\u0131mlar. Sonra da bu erdem ve sanatlar\u0131n t\u00fcrlerini, niteliklerini inceler ve bu d\u00f6rt erdemin bireysel insandan topluma ta\u015f\u0131nmas\u0131 ve toplumda hayata ge\u00e7irilmesini ele al\u0131r. Farab\u00ee bunu yaparken de y\u00f6netici, e\u011fitim, \u00f6\u011fretim, toplumsal s\u0131n\u0131flar, filozof, felsefe-din ili\u015fkisi, kanun koyucu kavramlar\u0131 \u00fczerinden kendi siyaset \u00f6\u011fretisini kurar<\/p>\n","protected":false},"excerpt":{"rendered":"<p>Farab\u00ee (870-950): T\u00fcrk-\u0130slam filozofu, g\u00f6kbilimci, m\u00fczisyen. \u0130slam\u2019\u0131n Alt\u0131n \u00c7a\u011f\u2019\u0131n\u0131n en \u00f6nemli isimlerden biridir. Farab\u00ee y\u00fcksek\u00f6\u011frenimini Ba\u011fdat\u2019ta tamamlad\u0131, zaman\u0131n \u00fcnl\u00fc bilginlerinden ders ald\u0131. Aristoteles\u2019in ve Platon\u2019un eserlerini<span class=\"excerpt-hellip\"> [\u2026]<\/span><\/p>\n","protected":false},"featured_media":0,"template":"","meta":{"_monsterinsights_skip_tracking":false,"_monsterinsights_sitenote_active":false,"_monsterinsights_sitenote_note":"","_monsterinsights_sitenote_category":0},"product_brand":[],"product_cat":[36242,12566,13611],"product_tag":[],"class_list":{"0":"post-712237","1":"product","2":"type-product","3":"status-publish","5":"product_cat-diger-sozlukler-ve-konusma-kilavuzlari","6":"product_cat-egitim","7":"product_cat-sozlukler-ve-konusma-kilavuzlari","8":"pa_cilt-ciltsiz","9":"pa_tur-kitap","10":"pa_yayinevi-is-bankasi-kultur-yayinlari","11":"pa_yazar-farabi","13":"first","14":"instock","15":"sale","16":"shipping-taxable","17":"purchasable","18":"product-type-simple"},"_links":{"self":[{"href":"https:\/\/roveyayinevi.com.tr\/index.php\/wp-json\/wp\/v2\/product\/712237","targetHints":{"allow":["GET"]}}],"collection":[{"href":"https:\/\/roveyayinevi.com.tr\/index.php\/wp-json\/wp\/v2\/product"}],"about":[{"href":"https:\/\/roveyayinevi.com.tr\/index.php\/wp-json\/wp\/v2\/types\/product"}],"wp:attachment":[{"href":"https:\/\/roveyayinevi.com.tr\/index.php\/wp-json\/wp\/v2\/media?parent=712237"}],"wp:term":[{"taxonomy":"product_brand","embeddable":true,"href":"https:\/\/roveyayinevi.com.tr\/index.php\/wp-json\/wp\/v2\/product_brand?post=712237"},{"taxonomy":"product_cat","embeddable":true,"href":"https:\/\/roveyayinevi.com.tr\/index.php\/wp-json\/wp\/v2\/product_cat?post=712237"},{"taxonomy":"product_tag","embeddable":true,"href":"https:\/\/roveyayinevi.com.tr\/index.php\/wp-json\/wp\/v2\/product_tag?post=712237"}],"curies":[{"name":"wp","href":"https:\/\/api.w.org\/{rel}","templated":true}]}}