{"id":712236,"date":"2025-08-27T16:53:35","date_gmt":"2025-08-27T13:53:35","guid":{"rendered":"https:\/\/roveyayinevi.com.tr\/index.php\/urun\/gercekle-buyumek-duslerle-yurumek\/"},"modified":"2026-04-16T02:20:56","modified_gmt":"2026-04-15T23:20:56","slug":"gercekle-buyumek-duslerle-yurumek","status":"publish","type":"product","link":"https:\/\/roveyayinevi.com.tr\/index.php\/urun\/gercekle-buyumek-duslerle-yurumek\/","title":{"rendered":"Ger\u00e7ekle B\u00fcy\u00fcmek D\u00fc\u015flerle Y\u00fcr\u00fcmek"},"content":{"rendered":"<p>Herkesi s\u0131n\u0131rland\u0131ran ger\u00e7ek d\u00fcnyan\u0131n yan\u0131 s\u0131ra herkesi \u00f6zg\u00fcrle\u015ftiren bir de d\u00fc\u015f d\u00fcnyas\u0131 vard\u0131r. \u0130kisinden de vazge\u00e7emeyiz. Ger\u00e7e\u011fi de\u011fi\u015ftirmek istiyorsak \u00f6nce onu hayalimizde var ederiz, sonra onu ger\u00e7e\u011fe d\u00f6n\u00fc\u015ft\u00fcrmek i\u00e7in \u00e7aba g\u00f6steririz.Roman\u0131n kahraman\u0131 \u00d6zlem, d\u00fc\u015flerini ger\u00e7ekle\u015ftirme yolunda ilerlerken duvara \u00e7arpt\u0131\u011f\u0131 \u00e7ok anlar olur. Bazen kalbinden, bazen akl\u0131ndan yard\u0131m al\u0131r. \u0130dealindeki \u00fcniversitenin \u00f6\u011frencisi olmak i\u00e7in ger\u00e7eklerle m\u00fccadele etmesi gerekecektir.Roman\u0131n di\u011fer kahraman\u0131 Taylan da benzer bir labirentte \u00e7\u0131k\u0131\u015f\u0131 bulmaya \u00e7al\u0131\u015fmaktad\u0131r. Yolu \u00d6zlem&#8217;le \u00e7ak\u0131\u015f\u0131r. Birlikte y\u00fcr\u00fcmek i\u00e7in ilk ad\u0131m\u0131 atarlar, ama yol uzundur ve kendi hayat\u0131m\u0131\u0131zn kontrol\u00fcn\u00fc elimize almak kolay olmayabilir.\u0130ki gencin hayatla ve kendileriyle m\u00fccadelesi hepimiz i\u00e7in yol g\u00f6sterici olabilir. <\/p>\n","protected":false},"excerpt":{"rendered":"<p>Herkesi s\u0131n\u0131rland\u0131ran ger\u00e7ek d\u00fcnyan\u0131n yan\u0131 s\u0131ra herkesi \u00f6zg\u00fcrle\u015ftiren bir de d\u00fc\u015f d\u00fcnyas\u0131 vard\u0131r. \u0130kisinden de vazge\u00e7emeyiz. Ger\u00e7e\u011fi de\u011fi\u015ftirmek istiyorsak \u00f6nce onu hayalimizde var ederiz, sonra onu<span class=\"excerpt-hellip\"> [\u2026]<\/span><\/p>\n","protected":false},"featured_media":0,"template":"","meta":{"_monsterinsights_skip_tracking":false,"_monsterinsights_sitenote_active":false,"_monsterinsights_sitenote_note":"","_monsterinsights_sitenote_category":0},"product_brand":[],"product_cat":[12291,15117],"product_tag":[],"class_list":{"0":"post-712236","1":"product","2":"type-product","3":"status-publish","5":"product_cat-edebiyat","6":"product_cat-genclik-edebiyati","7":"pa_cilt-ciltsiz","8":"pa_tur-kitap","9":"pa_yayinevi-tudem-yayinlari","10":"pa_yazar-miyase-sertbarut","12":"first","13":"instock","14":"sale","15":"shipping-taxable","16":"purchasable","17":"product-type-simple"},"_links":{"self":[{"href":"https:\/\/roveyayinevi.com.tr\/index.php\/wp-json\/wp\/v2\/product\/712236","targetHints":{"allow":["GET"]}}],"collection":[{"href":"https:\/\/roveyayinevi.com.tr\/index.php\/wp-json\/wp\/v2\/product"}],"about":[{"href":"https:\/\/roveyayinevi.com.tr\/index.php\/wp-json\/wp\/v2\/types\/product"}],"wp:attachment":[{"href":"https:\/\/roveyayinevi.com.tr\/index.php\/wp-json\/wp\/v2\/media?parent=712236"}],"wp:term":[{"taxonomy":"product_brand","embeddable":true,"href":"https:\/\/roveyayinevi.com.tr\/index.php\/wp-json\/wp\/v2\/product_brand?post=712236"},{"taxonomy":"product_cat","embeddable":true,"href":"https:\/\/roveyayinevi.com.tr\/index.php\/wp-json\/wp\/v2\/product_cat?post=712236"},{"taxonomy":"product_tag","embeddable":true,"href":"https:\/\/roveyayinevi.com.tr\/index.php\/wp-json\/wp\/v2\/product_tag?post=712236"}],"curies":[{"name":"wp","href":"https:\/\/api.w.org\/{rel}","templated":true}]}}