{"id":712234,"date":"2025-08-27T16:53:34","date_gmt":"2025-08-27T13:53:34","guid":{"rendered":"https:\/\/roveyayinevi.com.tr\/index.php\/urun\/gelisim-ogrenme-ve-ogretim-kuramdan-uygulamaya\/"},"modified":"2026-04-16T02:20:56","modified_gmt":"2026-04-15T23:20:56","slug":"gelisim-ogrenme-ve-ogretim-kuramdan-uygulamaya","status":"publish","type":"product","link":"https:\/\/roveyayinevi.com.tr\/index.php\/urun\/gelisim-ogrenme-ve-ogretim-kuramdan-uygulamaya\/","title":{"rendered":"Geli\u015fim \u00d6\u011frenme ve \u00d6\u011fretim &#8211; Kuramdan Uygulamaya"},"content":{"rendered":"<p>\u00dclkemizdeki trafik kazalar\u0131n\u0131n \u00e7oklu\u011fundan insan\u0131m\u0131z\u0131n kuyru\u011fa girme al\u0131\u015fkanl\u0131\u011f\u0131n\u0131n olmamas\u0131na, vergi ka\u00e7\u0131rmas\u0131ndan yerlere t\u00fck\u00fcrmesine, \u00e7ocu\u011funu d\u00f6vmesinden \u00e7ocu\u011funu zorbaca davranmaya y\u00f6neltmesine kadar pek \u00e7ok bireysel ve toplumsal sorunun temelinde, hemen hemen herkes e\u011fitimin yetersizli\u011fini g\u00f6rmektedir. \u0130stendik davran\u0131\u015f olu\u015fturma m\u00fchendisli\u011fi olan e\u011fitimin kendinden beklenen i\u015fg\u00f6r\u00fcy\u00fc yerine getirebilmesi, pek \u00e7ok etkene ba\u011fl\u0131d\u0131r. \u0130stendik davran\u0131\u015flar planl\u0131 bir bi\u00e7imde okullarda ve geli\u015fig\u00fczel olarak ailede, yolda, tiyatroda, sinemada, ders d\u0131\u015f\u0131nda okulda, k\u0131saca bireyin ya\u015fad\u0131\u011f\u0131 t\u00fcm \u00e7evrede olu\u015fturulmaktad\u0131r. Gerek e\u011fitim kurumlar\u0131nda yap\u0131lan ve planl\u0131 olan formal e\u011fitimin, gerekse bireyin i\u00e7inde ya\u015fad\u0131\u011f\u0131 \u00e7evrede yap\u0131lan ve plans\u0131z olan informal e\u011fitimin yeterli olmas\u0131, b\u00fcy\u00fck \u00f6l\u00e7\u00fcde istendik \u00f6\u011frenmelerin ger\u00e7ekle\u015fmesine ba\u011fl\u0131d\u0131r. \u0130stendik \u00f6\u011frenmelerin ger\u00e7ekle\u015fmesi ise, \u00f6\u011fretimin bireyin geli\u015fim ve \u00f6\u011frenme \u00f6zelliklerine g\u00f6re d\u00fczenlenmesi ve uygulanmas\u0131 ile m\u00fcmk\u00fcnd\u00fcr. Aksi takdirde, bireyin geli\u015fim ve \u00f6\u011frenme do\u011fas\u0131na ayk\u0131r\u0131 bir \u00f6\u011fretimin sonucunda istendik davran\u0131\u015f de\u011fi\u015fmesi olu\u015fturmak, dolay\u0131s\u0131yla da e\u011fitimin etkili ve verimli olmas\u0131n\u0131 beklemek olas\u0131 de\u011fildir. Bu nedenle, istendik davran\u0131\u015f olu\u015fturma m\u00fchendisleri taraf\u0131ndan kullan\u0131lmak \u00fczere bu kitab\u0131n birinci b\u00f6l\u00fcm\u00fcnde insan\u0131n geli\u015fim \u00f6zellikleri ve e\u011fitim a\u00e7\u0131s\u0131ndan do\u011furgular\u0131 incelenmi\u015f; ikinci b\u00f6l\u00fcmde \u00e7e\u015fitli \u00f6\u011frenme kuramlar\u0131na g\u00f6re \u00f6\u011frenme ilkeleri ve her bir kuram\u0131n e\u011fitim a\u00e7\u0131s\u0131ndan do\u011furgular\u0131 ele al\u0131nm\u0131\u015f, \u00fc\u00e7\u00fcnc\u00fc b\u00f6l\u00fcmde ise, ilk iki b\u00f6l\u00fcmde a\u00e7\u0131klanan geli\u015fim ve \u00f6\u011frenme ilkeleri do\u011frultusunda \u00f6\u011fretimin nas\u0131l planlan\u0131p uygulanmas\u0131 gerekti\u011fi \u00fczerinde durulmu\u015ftur.<\/p>\n","protected":false},"excerpt":{"rendered":"<p>\u00dclkemizdeki trafik kazalar\u0131n\u0131n \u00e7oklu\u011fundan insan\u0131m\u0131z\u0131n kuyru\u011fa girme al\u0131\u015fkanl\u0131\u011f\u0131n\u0131n olmamas\u0131na, vergi ka\u00e7\u0131rmas\u0131ndan yerlere t\u00fck\u00fcrmesine, \u00e7ocu\u011funu d\u00f6vmesinden \u00e7ocu\u011funu zorbaca davranmaya y\u00f6neltmesine kadar pek \u00e7ok bireysel ve toplumsal sorunun<span class=\"excerpt-hellip\"> [\u2026]<\/span><\/p>\n","protected":false},"featured_media":0,"template":"","meta":{"_monsterinsights_skip_tracking":false,"_monsterinsights_sitenote_active":false,"_monsterinsights_sitenote_note":"","_monsterinsights_sitenote_category":0},"product_brand":[],"product_cat":[12573,12566],"product_tag":[],"class_list":{"0":"post-712234","1":"product","2":"type-product","3":"status-publish","5":"product_cat-akademik-kitaplar","6":"product_cat-egitim","7":"pa_cilt-ciltsiz","8":"pa_tur-kitap","9":"pa_yayinevi-ani-yayincilik","10":"pa_yazar-nuray-senemoglu","12":"first","13":"instock","14":"sale","15":"shipping-taxable","16":"purchasable","17":"product-type-simple"},"_links":{"self":[{"href":"https:\/\/roveyayinevi.com.tr\/index.php\/wp-json\/wp\/v2\/product\/712234","targetHints":{"allow":["GET"]}}],"collection":[{"href":"https:\/\/roveyayinevi.com.tr\/index.php\/wp-json\/wp\/v2\/product"}],"about":[{"href":"https:\/\/roveyayinevi.com.tr\/index.php\/wp-json\/wp\/v2\/types\/product"}],"wp:attachment":[{"href":"https:\/\/roveyayinevi.com.tr\/index.php\/wp-json\/wp\/v2\/media?parent=712234"}],"wp:term":[{"taxonomy":"product_brand","embeddable":true,"href":"https:\/\/roveyayinevi.com.tr\/index.php\/wp-json\/wp\/v2\/product_brand?post=712234"},{"taxonomy":"product_cat","embeddable":true,"href":"https:\/\/roveyayinevi.com.tr\/index.php\/wp-json\/wp\/v2\/product_cat?post=712234"},{"taxonomy":"product_tag","embeddable":true,"href":"https:\/\/roveyayinevi.com.tr\/index.php\/wp-json\/wp\/v2\/product_tag?post=712234"}],"curies":[{"name":"wp","href":"https:\/\/api.w.org\/{rel}","templated":true}]}}