{"id":712233,"date":"2025-08-27T16:53:34","date_gmt":"2025-08-27T13:53:34","guid":{"rendered":"https:\/\/roveyayinevi.com.tr\/index.php\/urun\/egitim-bilimine-giris-7\/"},"modified":"2026-04-16T02:20:56","modified_gmt":"2026-04-15T23:20:56","slug":"egitim-bilimine-giris-7","status":"publish","type":"product","link":"https:\/\/roveyayinevi.com.tr\/index.php\/urun\/egitim-bilimine-giris-7\/","title":{"rendered":"E\u011fitim Bilimine Giri\u015f"},"content":{"rendered":"<p>Bir tarafta i\u015f bekleyenler, di\u011fer tarafta i\u015f\u00e7i bulamayan i\u015fverenleri g\u00f6rd\u00fc\u011f\u00fcn\u00fczde e\u011fitim, ekonomi, toplum ve bireyin ihtiya\u00e7lar\u0131 aras\u0131nda ba\u011flant\u0131 kurman\u0131n ne kadar \u00f6nemli oldu\u011funu anlam\u0131\u015f oluruz.Okulun toplumdan nas\u0131l etkilendi\u011fi ve toplumu nas\u0131l etkiledi\u011fi konusundaki temel bilgilerinizi de bu kitap yoluyla sistematik olarak tekrar sorgulama imk\u00e2n\u0131na kavu\u015faca\u011f\u0131n\u0131z\u0131 d\u00fc\u015f\u00fcn\u00fcyorum. Ayr\u0131ca kitapta \u201cBilim nedir?\u201d sorusuna cevap ararken, e\u011fitim-bilim ili\u015fkisinin \u00e7er\u00e7evesini de anlam\u0131\u015f olaca\u011f\u0131z. De\u011fi\u015fen ihtiya\u00e7lar\u0131n ve teknolojik geli\u015fmelerin okullar\u0131 nas\u0131l d\u00f6n\u00fc\u015ft\u00fcrd\u00fc\u011f\u00fc \u00fczerinde d\u00fc\u015f\u00fcnece\u011fiz. Kitap daha sonraki y\u0131llarda alaca\u011f\u0131m\u0131z e\u011fitim derslerinizi anlaman\u0131z\u0131 da kolayla\u015ft\u0131racakt\u0131r. Umuyorum ki bu kitapta \u00f6\u011frenecekleriniz sizlerin yeni kitaplar okuman\u0131z\u0131n bir g\u00fcd\u00fcleyicisi olsun. \u00c7\u00fcnk\u00fc biz biliyoruz ki \u00f6\u011frenme \u00f6ncelikle \u00f6\u011frenenin sorumlulu\u011fundad\u0131r ve \u00f6\u011frenme s\u00fcrecinde \u00f6\u011frenen ta\u015f\u0131n alt\u0131na elini sokmad\u0131\u011f\u0131 s\u00fcrece \u00f6\u011frenme, istedi\u011fimiz d\u00fczeyde ger\u00e7ekle\u015femez. <\/p>\n","protected":false},"excerpt":{"rendered":"<p>Bir tarafta i\u015f bekleyenler, di\u011fer tarafta i\u015f\u00e7i bulamayan i\u015fverenleri g\u00f6rd\u00fc\u011f\u00fcn\u00fczde e\u011fitim, ekonomi, toplum ve bireyin ihtiya\u00e7lar\u0131 aras\u0131nda ba\u011flant\u0131 kurman\u0131n ne kadar \u00f6nemli oldu\u011funu anlam\u0131\u015f oluruz.Okulun toplumdan<span class=\"excerpt-hellip\"> [\u2026]<\/span><\/p>\n","protected":false},"featured_media":0,"template":"","meta":{"_monsterinsights_skip_tracking":false,"_monsterinsights_sitenote_active":false,"_monsterinsights_sitenote_note":"","_monsterinsights_sitenote_category":0},"product_brand":[],"product_cat":[12573,12566],"product_tag":[],"class_list":{"0":"post-712233","1":"product","2":"type-product","3":"status-publish","5":"product_cat-akademik-kitaplar","6":"product_cat-egitim","7":"pa_cilt-ciltsiz","8":"pa_tur-kitap","9":"pa_yayinevi-ani-yayincilik","10":"pa_yazar-mustafa-yavuz","12":"first","13":"instock","14":"sale","15":"shipping-taxable","16":"purchasable","17":"product-type-simple"},"_links":{"self":[{"href":"https:\/\/roveyayinevi.com.tr\/index.php\/wp-json\/wp\/v2\/product\/712233","targetHints":{"allow":["GET"]}}],"collection":[{"href":"https:\/\/roveyayinevi.com.tr\/index.php\/wp-json\/wp\/v2\/product"}],"about":[{"href":"https:\/\/roveyayinevi.com.tr\/index.php\/wp-json\/wp\/v2\/types\/product"}],"wp:attachment":[{"href":"https:\/\/roveyayinevi.com.tr\/index.php\/wp-json\/wp\/v2\/media?parent=712233"}],"wp:term":[{"taxonomy":"product_brand","embeddable":true,"href":"https:\/\/roveyayinevi.com.tr\/index.php\/wp-json\/wp\/v2\/product_brand?post=712233"},{"taxonomy":"product_cat","embeddable":true,"href":"https:\/\/roveyayinevi.com.tr\/index.php\/wp-json\/wp\/v2\/product_cat?post=712233"},{"taxonomy":"product_tag","embeddable":true,"href":"https:\/\/roveyayinevi.com.tr\/index.php\/wp-json\/wp\/v2\/product_tag?post=712233"}],"curies":[{"name":"wp","href":"https:\/\/api.w.org\/{rel}","templated":true}]}}