{"id":712232,"date":"2025-08-27T16:53:33","date_gmt":"2025-08-27T13:53:33","guid":{"rendered":"https:\/\/roveyayinevi.com.tr\/index.php\/urun\/cop-adamin-kas-ve-kemik-rehberi\/"},"modified":"2026-04-16T02:20:56","modified_gmt":"2026-04-15T23:20:56","slug":"cop-adamin-kas-ve-kemik-rehberi","status":"publish","type":"product","link":"https:\/\/roveyayinevi.com.tr\/index.php\/urun\/cop-adamin-kas-ve-kemik-rehberi\/","title":{"rendered":"\u00c7\u00f6p Adam\u0131n Kas ve Kemik Rehberi"},"content":{"rendered":"<p>Kaslar\u0131n ko\u015fman\u0131, z\u0131plaman\u0131, spor yapman\u0131 ve hatta bu kitab\u0131 okumak i\u00e7in oturabilmeni sa\u011flar. \u0130skeletindeki kemikler dik durman\u0131 sa\u011flar ve bedenindeki her \u015feyi yerli yerinde tutar. \u00c7\u00f6p adam sana bedenini tan\u0131tacak. \u2022 Kaslar\u0131n neden g\u00fc\u00e7l\u00fc oldu\u011funu ve nas\u0131l daha da g\u00fc\u00e7lenebilece\u011fim, \u2022 Kemiklerin i\u00e7inin neden s\u00fcrekli me\u015fgul ve yumu\u015fak oldu\u011funu \u2022 Nas\u0131l yava\u015f yava\u015f hareket edebilece\u011fini ya da dev s\u0131\u00e7ramalar yapabilece\u011fini (Bu eklemlerle ilgili bir \u015fey.) \u00f6\u011fren! Bu yolculukta, d\u00fcnyan\u0131n en eski iskeletini, en uzun ve en g\u00fc\u00e7l\u00fc kas\u0131n\u0131, komik kemi\u011fin ne oldu\u011funu ve daha fazlas\u0131n\u0131 \u00f6\u011freneceksin. Rengarenk resimler ve kolay anla\u015f\u0131l\u0131r bir metin, bedenindeki sapasa\u011flam ve dengeli r\u00fcya tak\u0131m\u0131n\u0131n B\u00dcY\u00dcK s\u0131rlar\u0131n\u0131 a\u00e7\u0131\u011fa \u00e7\u0131kar\u0131yor! <\/p>\n","protected":false},"excerpt":{"rendered":"<p>Kaslar\u0131n ko\u015fman\u0131, z\u0131plaman\u0131, spor yapman\u0131 ve hatta bu kitab\u0131 okumak i\u00e7in oturabilmeni sa\u011flar. \u0130skeletindeki kemikler dik durman\u0131 sa\u011flar ve bedenindeki her \u015feyi yerli yerinde tutar. \u00c7\u00f6p<span class=\"excerpt-hellip\"> [\u2026]<\/span><\/p>\n","protected":false},"featured_media":0,"template":"","meta":{"_monsterinsights_skip_tracking":false,"_monsterinsights_sitenote_active":false,"_monsterinsights_sitenote_note":"","_monsterinsights_sitenote_category":0},"product_brand":[],"product_cat":[13829,12274],"product_tag":[],"class_list":{"0":"post-712232","1":"product","2":"type-product","3":"status-publish","5":"product_cat-bilimsel-kitaplar","6":"product_cat-cocuk-ve-genclik-kitaplari","7":"pa_cilt-ciltsiz","8":"pa_tur-kitap","9":"pa_yayinevi-teleskop-populer-bilim","10":"pa_yazar-john-farndon","12":"first","13":"instock","14":"sale","15":"shipping-taxable","16":"purchasable","17":"product-type-simple"},"_links":{"self":[{"href":"https:\/\/roveyayinevi.com.tr\/index.php\/wp-json\/wp\/v2\/product\/712232","targetHints":{"allow":["GET"]}}],"collection":[{"href":"https:\/\/roveyayinevi.com.tr\/index.php\/wp-json\/wp\/v2\/product"}],"about":[{"href":"https:\/\/roveyayinevi.com.tr\/index.php\/wp-json\/wp\/v2\/types\/product"}],"wp:attachment":[{"href":"https:\/\/roveyayinevi.com.tr\/index.php\/wp-json\/wp\/v2\/media?parent=712232"}],"wp:term":[{"taxonomy":"product_brand","embeddable":true,"href":"https:\/\/roveyayinevi.com.tr\/index.php\/wp-json\/wp\/v2\/product_brand?post=712232"},{"taxonomy":"product_cat","embeddable":true,"href":"https:\/\/roveyayinevi.com.tr\/index.php\/wp-json\/wp\/v2\/product_cat?post=712232"},{"taxonomy":"product_tag","embeddable":true,"href":"https:\/\/roveyayinevi.com.tr\/index.php\/wp-json\/wp\/v2\/product_tag?post=712232"}],"curies":[{"name":"wp","href":"https:\/\/api.w.org\/{rel}","templated":true}]}}