{"id":712230,"date":"2025-08-27T16:53:32","date_gmt":"2025-08-27T13:53:32","guid":{"rendered":"https:\/\/roveyayinevi.com.tr\/index.php\/urun\/cop-adamin-guruldayan-bagirsaklar-rehberi\/"},"modified":"2026-04-16T02:20:56","modified_gmt":"2026-04-15T23:20:56","slug":"cop-adamin-guruldayan-bagirsaklar-rehberi","status":"publish","type":"product","link":"https:\/\/roveyayinevi.com.tr\/index.php\/urun\/cop-adamin-guruldayan-bagirsaklar-rehberi\/","title":{"rendered":"\u00c7\u00f6p Adam\u0131n Guruldayan Ba\u011f\u0131rsaklar Rehberi"},"content":{"rendered":"<p>Besinler v\u00fccudun yak\u0131t\u0131d\u0131r; peki ama sen o lezzetli yemekleri \u00e7i\u011fnedi\u011fin andan itibaren neler oluyor? \u00c7\u00f6p adam, doneme\u00e7li ba\u011f\u0131rsaklar\u0131n ve ya\u015famsal organlar\u0131n taraf\u0131ndan harika bir \u015fekilde y\u00fcr\u00fct\u00fclen upuzuuuuuun sindirim i\u015flemini anlat\u0131yor. \u2022 Mideni ve onun asitlerden olu\u015fan ordusunu, \u2022  Karaci\u011ferindeki kimyasal santrali, \u2022 Bedenini toksinlerden  temizleyen \u00e7al\u0131\u015fkan b\u00f6breklerini tan\u0131. Bu kitapla; ba\u011f\u0131rsaklar\u0131n\u0131n neden metrelerce uzun oldu\u011funu, do\u011fru maddelerin kana nas\u0131l kar\u0131\u015ft\u0131\u011f\u0131n\u0131,  v\u00fccudunun neden bu kadar sulu oldu\u011funu, d\u0131\u015fk\u0131n\u0131n nas\u0131l \u00fcretildi\u011fini ve \u00e7ok daha fazlas\u0131n\u0131 \u00f6\u011freneceksin. Rengarenk g\u00f6rseller ve minik bilimsel ger\u00e7ekler sana ba\u011f\u0131rsaklar\u0131n\u0131n otoyolunda her g\u00fcn her saniye ya\u015fanan \u00f6\u011f\u00fctme, kesme, s\u0131k\u0131\u015ft\u0131rma, itme ve s\u00fczme i\u015flemlerini anlat\u0131yor. <\/p>\n","protected":false},"excerpt":{"rendered":"<p>Besinler v\u00fccudun yak\u0131t\u0131d\u0131r; peki ama sen o lezzetli yemekleri \u00e7i\u011fnedi\u011fin andan itibaren neler oluyor? \u00c7\u00f6p adam, doneme\u00e7li ba\u011f\u0131rsaklar\u0131n ve ya\u015famsal organlar\u0131n taraf\u0131ndan harika bir \u015fekilde y\u00fcr\u00fct\u00fclen<span class=\"excerpt-hellip\"> [\u2026]<\/span><\/p>\n","protected":false},"featured_media":0,"template":"","meta":{"_monsterinsights_skip_tracking":false,"_monsterinsights_sitenote_active":false,"_monsterinsights_sitenote_note":"","_monsterinsights_sitenote_category":0},"product_brand":[],"product_cat":[13829,12274],"product_tag":[],"class_list":{"0":"post-712230","1":"product","2":"type-product","3":"status-publish","5":"product_cat-bilimsel-kitaplar","6":"product_cat-cocuk-ve-genclik-kitaplari","7":"pa_cilt-ciltsiz","8":"pa_tur-kitap","9":"pa_yayinevi-teleskop-populer-bilim","10":"pa_yazar-john-farndon","12":"first","13":"instock","14":"sale","15":"shipping-taxable","16":"purchasable","17":"product-type-simple"},"_links":{"self":[{"href":"https:\/\/roveyayinevi.com.tr\/index.php\/wp-json\/wp\/v2\/product\/712230","targetHints":{"allow":["GET"]}}],"collection":[{"href":"https:\/\/roveyayinevi.com.tr\/index.php\/wp-json\/wp\/v2\/product"}],"about":[{"href":"https:\/\/roveyayinevi.com.tr\/index.php\/wp-json\/wp\/v2\/types\/product"}],"wp:attachment":[{"href":"https:\/\/roveyayinevi.com.tr\/index.php\/wp-json\/wp\/v2\/media?parent=712230"}],"wp:term":[{"taxonomy":"product_brand","embeddable":true,"href":"https:\/\/roveyayinevi.com.tr\/index.php\/wp-json\/wp\/v2\/product_brand?post=712230"},{"taxonomy":"product_cat","embeddable":true,"href":"https:\/\/roveyayinevi.com.tr\/index.php\/wp-json\/wp\/v2\/product_cat?post=712230"},{"taxonomy":"product_tag","embeddable":true,"href":"https:\/\/roveyayinevi.com.tr\/index.php\/wp-json\/wp\/v2\/product_tag?post=712230"}],"curies":[{"name":"wp","href":"https:\/\/api.w.org\/{rel}","templated":true}]}}