{"id":712229,"date":"2025-08-27T16:53:31","date_gmt":"2025-08-27T13:53:31","guid":{"rendered":"https:\/\/roveyayinevi.com.tr\/index.php\/urun\/cop-adamin-muhtesem-beyin-rehberi\/"},"modified":"2026-04-16T02:20:56","modified_gmt":"2026-04-15T23:20:56","slug":"cop-adamin-muhtesem-beyin-rehberi","status":"publish","type":"product","link":"https:\/\/roveyayinevi.com.tr\/index.php\/urun\/cop-adamin-muhtesem-beyin-rehberi\/","title":{"rendered":"\u00c7\u00f6p Adam\u0131n Muhte\u015fem Beyin Rehberi"},"content":{"rendered":"<p>Bir d\u00fc\u015f\u00fcnsene: Yapt\u0131\u011f\u0131n (ve d\u00fc\u015f\u00fcnd\u00fc\u011f\u00fcn!) her \u015fey kafan\u0131n i\u00e7indeki ola\u011fan\u00fcst\u00fc bilgisayar ve v\u00fccudunun interneti olan sinir sistemin taraf\u0131ndan idare ediliyor. \u00c7\u00f6p adama kat\u0131l ve\u2022 \u00d6r\u00fcmceksi sinir h\u00fccrelerinin, mesajlar\u0131 beyne nas\u0131l  diye iletti\u011fini, \u2022 \u015eim\u015fek h\u0131z\u0131ndaki reflekslerinin seni nas\u0131l korudu\u011funu, \u2022 Daha b\u00fcy\u00fck bir beynin seni daha ak\u0131ll\u0131 yapmad\u0131\u011f\u0131n\u0131 (b\u00fct\u00fcn meselenin o minicik sinir h\u00fccresi ba\u011flant\u0131lar\u0131 oldu\u011funu) \u00c7\u00f6p adam; beyninin hangi b\u00f6l\u00fcm\u00fcn\u00fcn parlak fikirlere sahip oldu\u011funu, d\u00fc\u015f\u00fcncenin ne oldu\u011funu, an\u0131lar\u0131n nas\u0131l olu\u015ftu\u011funu ve gri maddeden yap\u0131lm\u0131\u015f pelte gibi k\u00fctlenin (evet, bu senin beynin) di\u011fer gizemlerini a\u00e7\u0131kl\u0131yor! Net ve a\u00e7\u0131klay\u0131c\u0131 g\u00f6rseller ve bilimsel ger\u00e7eklerle dolu anla\u015f\u0131l\u0131r metinler, bu kadar ak\u0131ll\u0131 olman\u0131n onlarca nedenini a\u00e7\u0131\u011fa \u00e7\u0131kar\u0131yor. Te\u015fekk\u00fcrler, beyin! <\/p>\n","protected":false},"excerpt":{"rendered":"<p>Bir d\u00fc\u015f\u00fcnsene: Yapt\u0131\u011f\u0131n (ve d\u00fc\u015f\u00fcnd\u00fc\u011f\u00fcn!) her \u015fey kafan\u0131n i\u00e7indeki ola\u011fan\u00fcst\u00fc bilgisayar ve v\u00fccudunun interneti olan sinir sistemin taraf\u0131ndan idare ediliyor. \u00c7\u00f6p adama kat\u0131l ve\u2022 \u00d6r\u00fcmceksi sinir<span class=\"excerpt-hellip\"> [\u2026]<\/span><\/p>\n","protected":false},"featured_media":0,"template":"","meta":{"_monsterinsights_skip_tracking":false,"_monsterinsights_sitenote_active":false,"_monsterinsights_sitenote_note":"","_monsterinsights_sitenote_category":0},"product_brand":[],"product_cat":[13829,12274],"product_tag":[],"class_list":{"0":"post-712229","1":"product","2":"type-product","3":"status-publish","5":"product_cat-bilimsel-kitaplar","6":"product_cat-cocuk-ve-genclik-kitaplari","7":"pa_cilt-ciltsiz","8":"pa_tur-kitap","9":"pa_yayinevi-teleskop-populer-bilim","10":"pa_yazar-john-farndon","12":"first","13":"instock","14":"sale","15":"shipping-taxable","16":"purchasable","17":"product-type-simple"},"_links":{"self":[{"href":"https:\/\/roveyayinevi.com.tr\/index.php\/wp-json\/wp\/v2\/product\/712229","targetHints":{"allow":["GET"]}}],"collection":[{"href":"https:\/\/roveyayinevi.com.tr\/index.php\/wp-json\/wp\/v2\/product"}],"about":[{"href":"https:\/\/roveyayinevi.com.tr\/index.php\/wp-json\/wp\/v2\/types\/product"}],"wp:attachment":[{"href":"https:\/\/roveyayinevi.com.tr\/index.php\/wp-json\/wp\/v2\/media?parent=712229"}],"wp:term":[{"taxonomy":"product_brand","embeddable":true,"href":"https:\/\/roveyayinevi.com.tr\/index.php\/wp-json\/wp\/v2\/product_brand?post=712229"},{"taxonomy":"product_cat","embeddable":true,"href":"https:\/\/roveyayinevi.com.tr\/index.php\/wp-json\/wp\/v2\/product_cat?post=712229"},{"taxonomy":"product_tag","embeddable":true,"href":"https:\/\/roveyayinevi.com.tr\/index.php\/wp-json\/wp\/v2\/product_tag?post=712229"}],"curies":[{"name":"wp","href":"https:\/\/api.w.org\/{rel}","templated":true}]}}