{"id":712227,"date":"2025-08-27T16:53:30","date_gmt":"2025-08-27T13:53:30","guid":{"rendered":"https:\/\/roveyayinevi.com.tr\/index.php\/urun\/savas-makineleri-denizaltilar\/"},"modified":"2026-04-16T02:20:56","modified_gmt":"2026-04-15T23:20:56","slug":"savas-makineleri-denizaltilar","status":"publish","type":"product","link":"https:\/\/roveyayinevi.com.tr\/index.php\/urun\/savas-makineleri-denizaltilar\/","title":{"rendered":"Sava\u015f Makineleri &#8211; Denizalt\u0131lar"},"content":{"rendered":"<p>\u0130ster inan ister inanma, bu ultra gizli makinelerin k\u00f6keni ta 1600&#8217;l\u00fc y\u0131llara dayan\u0131yor! Bu kitapla, denizalt\u0131lar\u0131n, Turtle (Kaplumba\u011fa) gibi ilk tasar\u0131mlar\u0131ndan g\u00fcn\u00fcm\u00fcz\u00fcn n\u00fckleer enerjili aerodinamik sava\u015f gemilerine nas\u0131l d\u00f6n\u00fc\u015ft\u00fcklerini ke\u015ffet. * Bir denizalt\u0131n\u0131n nas\u0131l hareket etti\u011fini, nas\u0131l suya dal\u0131p y\u00fczeye \u00e7\u0131kt\u0131\u011f\u0131n\u0131 \u00f6\u011fren. Sonar ve elektronik sistemlerin nas\u0131l \u00e7al\u0131\u015ft\u0131\u011f\u0131n\u0131 anla. * II. D\u00fcnya Sava\u015f\u0131&#8217;nda kullan\u0131lan Alman U Botunun ve modern bir denizalt\u0131 olan USS FHavvaiinin i\u00e7ine g\u00f6z at. * Tayfun s\u0131n\u0131f\u0131 devasa hdenizalt\u0131larla tan\u0131\u015f. B\u00fcy\u00fcleyici foto\u011fraflar okyanuslar\u0131n derinliklerindeki bu sava\u015f makinelerini g\u00f6zler \u00f6n\u00fcne sererken \u00f6zel g\u00f6rsellerle de onlar\u0131n tasar\u0131mlar\u0131n\u0131, teknik yap\u0131lar\u0131n\u0131 ve silahlar\u0131n\u0131 su y\u00fcz\u00fcne \u00e7\u0131kar\u0131yor. Bilimsel ger\u00e7eklerle dolu bir metin, y\u00fcksek tempolu anlat\u0131m\u0131yla hikayeye derinlik ve heyecan kat\u0131yor. <\/p>\n","protected":false},"excerpt":{"rendered":"<p>\u0130ster inan ister inanma, bu ultra gizli makinelerin k\u00f6keni ta 1600&#8217;l\u00fc y\u0131llara dayan\u0131yor! Bu kitapla, denizalt\u0131lar\u0131n, Turtle (Kaplumba\u011fa) gibi ilk tasar\u0131mlar\u0131ndan g\u00fcn\u00fcm\u00fcz\u00fcn n\u00fckleer enerjili aerodinamik sava\u015f<span class=\"excerpt-hellip\"> [\u2026]<\/span><\/p>\n","protected":false},"featured_media":0,"template":"","meta":{"_monsterinsights_skip_tracking":false,"_monsterinsights_sitenote_active":false,"_monsterinsights_sitenote_note":"","_monsterinsights_sitenote_category":0},"product_brand":[],"product_cat":[13829,12274],"product_tag":[],"class_list":{"0":"post-712227","1":"product","2":"type-product","3":"status-publish","5":"product_cat-bilimsel-kitaplar","6":"product_cat-cocuk-ve-genclik-kitaplari","7":"pa_cilt-ciltsiz","8":"pa_tur-kitap","9":"pa_yayinevi-teleskop-populer-bilim","10":"pa_yazar-chris-oxlade","12":"first","13":"instock","14":"sale","15":"shipping-taxable","16":"purchasable","17":"product-type-simple"},"_links":{"self":[{"href":"https:\/\/roveyayinevi.com.tr\/index.php\/wp-json\/wp\/v2\/product\/712227","targetHints":{"allow":["GET"]}}],"collection":[{"href":"https:\/\/roveyayinevi.com.tr\/index.php\/wp-json\/wp\/v2\/product"}],"about":[{"href":"https:\/\/roveyayinevi.com.tr\/index.php\/wp-json\/wp\/v2\/types\/product"}],"wp:attachment":[{"href":"https:\/\/roveyayinevi.com.tr\/index.php\/wp-json\/wp\/v2\/media?parent=712227"}],"wp:term":[{"taxonomy":"product_brand","embeddable":true,"href":"https:\/\/roveyayinevi.com.tr\/index.php\/wp-json\/wp\/v2\/product_brand?post=712227"},{"taxonomy":"product_cat","embeddable":true,"href":"https:\/\/roveyayinevi.com.tr\/index.php\/wp-json\/wp\/v2\/product_cat?post=712227"},{"taxonomy":"product_tag","embeddable":true,"href":"https:\/\/roveyayinevi.com.tr\/index.php\/wp-json\/wp\/v2\/product_tag?post=712227"}],"curies":[{"name":"wp","href":"https:\/\/api.w.org\/{rel}","templated":true}]}}