{"id":712226,"date":"2025-08-27T16:53:29","date_gmt":"2025-08-27T13:53:29","guid":{"rendered":"https:\/\/roveyayinevi.com.tr\/index.php\/urun\/savas-makineleri-savas-gemileri\/"},"modified":"2026-04-16T02:20:56","modified_gmt":"2026-04-15T23:20:56","slug":"savas-makineleri-savas-gemileri","status":"publish","type":"product","link":"https:\/\/roveyayinevi.com.tr\/index.php\/urun\/savas-makineleri-savas-gemileri\/","title":{"rendered":"Sava\u015f Makineleri &#8211; Sava\u015f Gemileri"},"content":{"rendered":"<p>Ko\u00e7ba\u015flar\u0131 ile gemileri par\u00e7alayan kad\u0131rgalar ve toplarla donat\u0131lm\u0131\u015f kalyonlardan devasa u\u00e7ak gemilerine, t\u00fcm zamanlar\u0131n en g\u00fc\u00e7l\u00fc sava\u015f gemilerini tan\u0131yaca\u011f\u0131n b\u00fcy\u00fcleyici bir yolculu\u011fa \u00e7\u0131k. * Yunan ve Pers g\u00fc\u00e7leri aras\u0131nda ya\u015fanan b\u00fcy\u00fck Salamis Sava\u015f\u0131&#8217;na tan\u0131kl\u0131k et. * 104 topla donat\u0131lm\u0131\u015f, Trafalgar Sava\u015f\u0131 gazisi HMS Victory&#8217;nin g\u00fcvertesine ad\u0131m at. * Tip 45 destroyerinin i\u00e7ini g\u00f6r. * D\u00fcnyan\u0131n say\u0131l\u0131 s\u00fcper u\u00e7ak gemilerinden USS John C. Stennis&#8217;i incele. Nefes kesici foto\u011fraflar, denizdeki bu sava\u015f makinelerini g\u00f6sterirken g\u00f6rseller, onlar\u0131n silahlar\u0131na ve tekniklerine \u0131\u015f\u0131k tutuyor. S\u00fcr\u00fckleyici ve bilimsel ger\u00e7eklerle dolu bir metin de, yolculu\u011fu veriler ve detaylarla zenginle\u015ftiriyor. <\/p>\n","protected":false},"excerpt":{"rendered":"<p>Ko\u00e7ba\u015flar\u0131 ile gemileri par\u00e7alayan kad\u0131rgalar ve toplarla donat\u0131lm\u0131\u015f kalyonlardan devasa u\u00e7ak gemilerine, t\u00fcm zamanlar\u0131n en g\u00fc\u00e7l\u00fc sava\u015f gemilerini tan\u0131yaca\u011f\u0131n b\u00fcy\u00fcleyici bir yolculu\u011fa \u00e7\u0131k. * Yunan ve<span class=\"excerpt-hellip\"> [\u2026]<\/span><\/p>\n","protected":false},"featured_media":0,"template":"","meta":{"_monsterinsights_skip_tracking":false,"_monsterinsights_sitenote_active":false,"_monsterinsights_sitenote_note":"","_monsterinsights_sitenote_category":0},"product_brand":[],"product_cat":[13829,12274],"product_tag":[],"class_list":{"0":"post-712226","1":"product","2":"type-product","3":"status-publish","5":"product_cat-bilimsel-kitaplar","6":"product_cat-cocuk-ve-genclik-kitaplari","7":"pa_cilt-ciltsiz","8":"pa_tur-kitap","9":"pa_yayinevi-teleskop-populer-bilim","10":"pa_yazar-chris-oxlade","12":"first","13":"instock","14":"sale","15":"shipping-taxable","16":"purchasable","17":"product-type-simple"},"_links":{"self":[{"href":"https:\/\/roveyayinevi.com.tr\/index.php\/wp-json\/wp\/v2\/product\/712226","targetHints":{"allow":["GET"]}}],"collection":[{"href":"https:\/\/roveyayinevi.com.tr\/index.php\/wp-json\/wp\/v2\/product"}],"about":[{"href":"https:\/\/roveyayinevi.com.tr\/index.php\/wp-json\/wp\/v2\/types\/product"}],"wp:attachment":[{"href":"https:\/\/roveyayinevi.com.tr\/index.php\/wp-json\/wp\/v2\/media?parent=712226"}],"wp:term":[{"taxonomy":"product_brand","embeddable":true,"href":"https:\/\/roveyayinevi.com.tr\/index.php\/wp-json\/wp\/v2\/product_brand?post=712226"},{"taxonomy":"product_cat","embeddable":true,"href":"https:\/\/roveyayinevi.com.tr\/index.php\/wp-json\/wp\/v2\/product_cat?post=712226"},{"taxonomy":"product_tag","embeddable":true,"href":"https:\/\/roveyayinevi.com.tr\/index.php\/wp-json\/wp\/v2\/product_tag?post=712226"}],"curies":[{"name":"wp","href":"https:\/\/api.w.org\/{rel}","templated":true}]}}