{"id":712224,"date":"2025-08-27T16:53:28","date_gmt":"2025-08-27T13:53:28","guid":{"rendered":"https:\/\/roveyayinevi.com.tr\/index.php\/urun\/savas-makineleri-tanklar-ve-agir-silahlar\/"},"modified":"2026-03-08T02:28:15","modified_gmt":"2026-03-07T23:28:15","slug":"savas-makineleri-tanklar-ve-agir-silahlar","status":"publish","type":"product","link":"https:\/\/roveyayinevi.com.tr\/index.php\/urun\/savas-makineleri-tanklar-ve-agir-silahlar\/","title":{"rendered":"Sava\u015f Makineleri &#8211; Tanklar ve A\u011f\u0131r Silahlar"},"content":{"rendered":"<p>Tarih \u00f6ncesi sava\u015flarda toplar ve barut kullan\u0131l\u0131rken, ilk z\u0131rhl\u0131 ara\u00e7 1485&#8217;te tasarland\u0131. Bu eski fikirlerin nas\u0131l g\u00fcn\u00fcm\u00fcz\u00fcn \u00e7ok \u00f6zellikli ve s\u00fcper g\u00fc\u00e7l\u00fc silahlar\u0131na d\u00f6n\u00fc\u015ft\u00fc\u011f\u00fcn\u00fc \u00f6\u011fren&#8230; * Tarihte ku\u015fatma silahlar\u0131n\u0131n nas\u0131l \u00e7al\u0131\u015ft\u0131\u011f\u0131n\u0131 anla. * Amerikan \u0130\u00e7 Sava\u015f\u0131&#8217;ndan itibaren kullan\u0131lan b\u00fcy\u00fck silahlar\u0131 g\u00f6r.  * 20. yy. tank tasar\u0131mlar\u0131n\u0131 kar\u015f\u0131la\u015ft\u0131r.  * Bir teknoloji harikas\u0131 olan M1A1 Abrams&#8217;\u0131n i\u00e7ine bak. <\/p>\n","protected":false},"excerpt":{"rendered":"<p>Tarih \u00f6ncesi sava\u015flarda toplar ve barut kullan\u0131l\u0131rken, ilk z\u0131rhl\u0131 ara\u00e7 1485&#8217;te tasarland\u0131. Bu eski fikirlerin nas\u0131l g\u00fcn\u00fcm\u00fcz\u00fcn \u00e7ok \u00f6zellikli ve s\u00fcper g\u00fc\u00e7l\u00fc silahlar\u0131na d\u00f6n\u00fc\u015ft\u00fc\u011f\u00fcn\u00fc \u00f6\u011fren&#8230; *<span class=\"excerpt-hellip\"> [\u2026]<\/span><\/p>\n","protected":false},"featured_media":0,"template":"","meta":{"_monsterinsights_skip_tracking":false,"_monsterinsights_sitenote_active":false,"_monsterinsights_sitenote_note":"","_monsterinsights_sitenote_category":0},"product_brand":[],"product_cat":[13829,12274],"product_tag":[],"class_list":{"0":"post-712224","1":"product","2":"type-product","3":"status-publish","5":"product_cat-bilimsel-kitaplar","6":"product_cat-cocuk-ve-genclik-kitaplari","7":"pa_cilt-ciltsiz","8":"pa_tur-kitap","9":"pa_yayinevi-teleskop-populer-bilim","10":"pa_yazar-chris-oxlade","12":"first","13":"outofstock","14":"sale","15":"shipping-taxable","16":"purchasable","17":"product-type-simple"},"_links":{"self":[{"href":"https:\/\/roveyayinevi.com.tr\/index.php\/wp-json\/wp\/v2\/product\/712224","targetHints":{"allow":["GET"]}}],"collection":[{"href":"https:\/\/roveyayinevi.com.tr\/index.php\/wp-json\/wp\/v2\/product"}],"about":[{"href":"https:\/\/roveyayinevi.com.tr\/index.php\/wp-json\/wp\/v2\/types\/product"}],"wp:attachment":[{"href":"https:\/\/roveyayinevi.com.tr\/index.php\/wp-json\/wp\/v2\/media?parent=712224"}],"wp:term":[{"taxonomy":"product_brand","embeddable":true,"href":"https:\/\/roveyayinevi.com.tr\/index.php\/wp-json\/wp\/v2\/product_brand?post=712224"},{"taxonomy":"product_cat","embeddable":true,"href":"https:\/\/roveyayinevi.com.tr\/index.php\/wp-json\/wp\/v2\/product_cat?post=712224"},{"taxonomy":"product_tag","embeddable":true,"href":"https:\/\/roveyayinevi.com.tr\/index.php\/wp-json\/wp\/v2\/product_tag?post=712224"}],"curies":[{"name":"wp","href":"https:\/\/api.w.org\/{rel}","templated":true}]}}