{"id":712223,"date":"2025-08-27T16:53:27","date_gmt":"2025-08-27T13:53:27","guid":{"rendered":"https:\/\/roveyayinevi.com.tr\/index.php\/urun\/inanilmaz-buluslar-modern-dunyayi-insa-etmek\/"},"modified":"2026-04-16T02:20:56","modified_gmt":"2026-04-15T23:20:56","slug":"inanilmaz-buluslar-modern-dunyayi-insa-etmek","status":"publish","type":"product","link":"https:\/\/roveyayinevi.com.tr\/index.php\/urun\/inanilmaz-buluslar-modern-dunyayi-insa-etmek\/","title":{"rendered":"\u0130nan\u0131lmaz Bulu\u015flar &#8211; Modern D\u00fcnyay\u0131 \u0130n\u015fa Etmek"},"content":{"rendered":"<p>Say\u0131s\u0131z dahiyane ke\u015fif ve m\u00fchendislik harikalar\u0131 d\u00fcnyay\u0131 de\u011fi\u015ftirdi ve hayatlar\u0131m\u0131z\u0131 iyile\u015ftirmemize, tar\u0131m yapmam\u0131za, bir \u015feyler \u00fcretmemize, makineleri \u00e7al\u0131\u015ft\u0131rmam\u0131za ve sa\u011fl\u0131kl\u0131 kalmam\u0131za yard\u0131m etti. Ak\u0131ll\u0131ca uysulamalar ve ara\u00e7-sere\u00e7ler tarih \u00f6ncesi zamanlarda ortaya \u00e7\u0131kmaya ba\u015flad\u0131 ve bu s\u00fcre\u00e7 hi\u00e7 durmad\u0131! Bu kitapla, G\u00fc\u00e7l\u00fc buhar makinesini, &#8220;Zihin a\u00e7\u0131c\u0131&#8221; olarak sat\u0131lan gazl\u0131 i\u00e7ece\u011fi (bil bakal\u0131m ne?), 1596 y\u0131l\u0131nda ilk sifonlu tuvalet olarak ortaya \u00e7\u0131kan ve evlerin kahraman\u0131 olan &#8220;Ajax&#8221;\u0131, Bir k\u00f6pe\u011fin icad\u0131n\u0131 (hmm, neredeyse) ve \u00e7ok daha fazlas\u0131n\u0131 ke\u015ffedeceksin.  Bu ke\u015fif yolculu\u011funda sana harika metinler ve keyifli \u00e7izimler e\u015flik edecek. Ayn\u0131 zamanda, deprem makinesi (mucidi yapmaktan vazse\u00e7mi\u015f olsa da) sibi sa\u00e7ma icatlar\u0131 ve bize penisilini ve cipsi kazand\u0131ram ho\u015f tesad\u00fcfleri de \u00f6\u011freneceksiniz. <\/p>\n","protected":false},"excerpt":{"rendered":"<p>Say\u0131s\u0131z dahiyane ke\u015fif ve m\u00fchendislik harikalar\u0131 d\u00fcnyay\u0131 de\u011fi\u015ftirdi ve hayatlar\u0131m\u0131z\u0131 iyile\u015ftirmemize, tar\u0131m yapmam\u0131za, bir \u015feyler \u00fcretmemize, makineleri \u00e7al\u0131\u015ft\u0131rmam\u0131za ve sa\u011fl\u0131kl\u0131 kalmam\u0131za yard\u0131m etti. Ak\u0131ll\u0131ca uysulamalar ve<span class=\"excerpt-hellip\"> [\u2026]<\/span><\/p>\n","protected":false},"featured_media":0,"template":"","meta":{"_monsterinsights_skip_tracking":false,"_monsterinsights_sitenote_active":false,"_monsterinsights_sitenote_note":"","_monsterinsights_sitenote_category":0},"product_brand":[],"product_cat":[13829,12274],"product_tag":[],"class_list":{"0":"post-712223","1":"product","2":"type-product","3":"status-publish","5":"product_cat-bilimsel-kitaplar","6":"product_cat-cocuk-ve-genclik-kitaplari","7":"pa_cilt-ciltsiz","8":"pa_tur-kitap","9":"pa_yayinevi-teleskop-populer-bilim","10":"pa_yazar-matt-turner","12":"first","13":"instock","14":"sale","15":"shipping-taxable","16":"purchasable","17":"product-type-simple"},"_links":{"self":[{"href":"https:\/\/roveyayinevi.com.tr\/index.php\/wp-json\/wp\/v2\/product\/712223","targetHints":{"allow":["GET"]}}],"collection":[{"href":"https:\/\/roveyayinevi.com.tr\/index.php\/wp-json\/wp\/v2\/product"}],"about":[{"href":"https:\/\/roveyayinevi.com.tr\/index.php\/wp-json\/wp\/v2\/types\/product"}],"wp:attachment":[{"href":"https:\/\/roveyayinevi.com.tr\/index.php\/wp-json\/wp\/v2\/media?parent=712223"}],"wp:term":[{"taxonomy":"product_brand","embeddable":true,"href":"https:\/\/roveyayinevi.com.tr\/index.php\/wp-json\/wp\/v2\/product_brand?post=712223"},{"taxonomy":"product_cat","embeddable":true,"href":"https:\/\/roveyayinevi.com.tr\/index.php\/wp-json\/wp\/v2\/product_cat?post=712223"},{"taxonomy":"product_tag","embeddable":true,"href":"https:\/\/roveyayinevi.com.tr\/index.php\/wp-json\/wp\/v2\/product_tag?post=712223"}],"curies":[{"name":"wp","href":"https:\/\/api.w.org\/{rel}","templated":true}]}}