{"id":712222,"date":"2025-08-27T16:53:27","date_gmt":"2025-08-27T13:53:27","guid":{"rendered":"https:\/\/roveyayinevi.com.tr\/index.php\/urun\/inanilmaz-buluslar-haydi-iletisim-kuralim\/"},"modified":"2026-04-16T02:20:55","modified_gmt":"2026-04-15T23:20:55","slug":"inanilmaz-buluslar-haydi-iletisim-kuralim","status":"publish","type":"product","link":"https:\/\/roveyayinevi.com.tr\/index.php\/urun\/inanilmaz-buluslar-haydi-iletisim-kuralim\/","title":{"rendered":"\u0130nan\u0131lmaz Bulu\u015flar &#8211; Haydi \u0130leti\u015fim Kural\u0131m"},"content":{"rendered":"<p>S\u00f6zc\u00fckleri ilk defa \u00c7inliler bast\u0131, ki sen de bu kitab\u0131 bu sayede (okuyabiliyorsun. Fakat ilk \u00f6nce alfabelerin \u00fcretilmesi \u015fartt\u0131. Sinyaller, kodlar, telefon, radyo, televizyon ve bilsisayar ile ileti\u015fim kurmak \u00fczere kulland\u0131\u011f\u0131m\u0131z y\u00f6ntem ve makineler hakk\u0131nda bu ve bunun sibi bir\u00e7ok hik\u00e2yeyi bu kitapta bulacaks\u0131n. \u2022 Telefonu asl\u0131nda kimin icat etti\u011fini, \u2022 Hangi \u015fifreyi k\u0131rman\u0131n tam 267 y\u0131l ald\u0131\u011f\u0131n\u0131, \u2022 Televizyonun mucidinin ilk makinelerini \u00e7\u00f6pten yapt\u0131\u011f\u0131n\u0131, \u00e7\u00fcnk\u00fc sahip oldu\u011fu tek malzemenin \u00e7\u00f6pler oldu\u011funu, \u2022 Bilgisayar program\u0131 fikrinin kuma\u015f, dokumac\u0131l\u0131\u011f\u0131ndan \u00e7\u0131kt\u0131\u011f\u0131n\u0131 \u00f6\u011frenme zaman\u0131! Ve tabii \u00e7ok daha fazlas\u0131 keyifli bir anlat\u0131m ve e\u011flenceli \u00e7izimlerle sunuluyor&#8230; Ayn\u0131 zamanda tuhaf icatlar (k\u00f6pe\u011fin havlamas\u0131n\u0131 terc\u00fcme eden makine S\u0130bi) ve s\u00fcl\u00fcn\u00e7 tahminler de var; internetin sonunun 1996 y\u0131l\u0131nda gelece\u011fi gibi&#8230; (Bunu s\u00f6yleyen insan laflar\u0131n\u0131 yedi, ger\u00e7ekten!) <\/p>\n","protected":false},"excerpt":{"rendered":"<p>S\u00f6zc\u00fckleri ilk defa \u00c7inliler bast\u0131, ki sen de bu kitab\u0131 bu sayede (okuyabiliyorsun. Fakat ilk \u00f6nce alfabelerin \u00fcretilmesi \u015fartt\u0131. Sinyaller, kodlar, telefon, radyo, televizyon ve bilsisayar<span class=\"excerpt-hellip\"> [\u2026]<\/span><\/p>\n","protected":false},"featured_media":0,"template":"","meta":{"_monsterinsights_skip_tracking":false,"_monsterinsights_sitenote_active":false,"_monsterinsights_sitenote_note":"","_monsterinsights_sitenote_category":0},"product_brand":[],"product_cat":[13829,12274],"product_tag":[],"class_list":{"0":"post-712222","1":"product","2":"type-product","3":"status-publish","5":"product_cat-bilimsel-kitaplar","6":"product_cat-cocuk-ve-genclik-kitaplari","7":"pa_cilt-ciltsiz","8":"pa_tur-kitap","9":"pa_yayinevi-teleskop-populer-bilim","10":"pa_yazar-matt-turner","12":"first","13":"instock","14":"sale","15":"shipping-taxable","16":"purchasable","17":"product-type-simple"},"_links":{"self":[{"href":"https:\/\/roveyayinevi.com.tr\/index.php\/wp-json\/wp\/v2\/product\/712222","targetHints":{"allow":["GET"]}}],"collection":[{"href":"https:\/\/roveyayinevi.com.tr\/index.php\/wp-json\/wp\/v2\/product"}],"about":[{"href":"https:\/\/roveyayinevi.com.tr\/index.php\/wp-json\/wp\/v2\/types\/product"}],"wp:attachment":[{"href":"https:\/\/roveyayinevi.com.tr\/index.php\/wp-json\/wp\/v2\/media?parent=712222"}],"wp:term":[{"taxonomy":"product_brand","embeddable":true,"href":"https:\/\/roveyayinevi.com.tr\/index.php\/wp-json\/wp\/v2\/product_brand?post=712222"},{"taxonomy":"product_cat","embeddable":true,"href":"https:\/\/roveyayinevi.com.tr\/index.php\/wp-json\/wp\/v2\/product_cat?post=712222"},{"taxonomy":"product_tag","embeddable":true,"href":"https:\/\/roveyayinevi.com.tr\/index.php\/wp-json\/wp\/v2\/product_tag?post=712222"}],"curies":[{"name":"wp","href":"https:\/\/api.w.org\/{rel}","templated":true}]}}