{"id":712221,"date":"2025-08-27T16:53:26","date_gmt":"2025-08-27T13:53:26","guid":{"rendered":"https:\/\/roveyayinevi.com.tr\/index.php\/urun\/haces-hikayeleri\/"},"modified":"2026-04-16T02:20:55","modified_gmt":"2026-04-15T23:20:55","slug":"haces-hikayeleri","status":"publish","type":"product","link":"https:\/\/roveyayinevi.com.tr\/index.php\/urun\/haces-hikayeleri\/","title":{"rendered":"Ha\u00e7e\u015f Hikayeleri"},"content":{"rendered":"<p>Ha\u00e7e\u015f, \u00c7erkes k\u00fclt\u00fcr\u00fcnde olduk\u00e7a \u00f6nemli yeri olan bir kavramd\u0131r. Basit \u015fekliyle \u201ckonuk evi\u201d anlam\u0131na gelse de konuk a\u011f\u0131rlaman\u0131n \u00e7ok \u00f6tesinde i\u015flevlere sahiptir. \u00c7erkes k\u00fclt\u00fcr\u00fcn\u00fcn yeniden \u00fcretildi\u011fi, yeni nesillere aktar\u0131ld\u0131\u011f\u0131, k\u00fclt\u00fcrel belle\u011fin canl\u0131 tutuldu\u011fu sosyal bir mekan \u00f6zelli\u011fi ta\u015f\u0131r. Sivas, Kahramanmara\u015f ve Kayseri il s\u0131n\u0131rlar\u0131n\u0131n kesi\u015fti\u011fi noktada bir plato olan Uzunyayla\u2019da altm\u0131\u015fa yak\u0131n \u00c7erkes k\u00f6y\u00fc bulunur. 19. y\u00fczy\u0131lda anavatanlar\u0131 Kafkasya\u2019dan s\u00fcr\u00fclerek \u00e7ok \u00e7etin iklim ko\u015fullar\u0131 ile bilinen bu topraklarda isk\u00e2n edilen \u00c7erkesler, y\u00fcz elli y\u0131ldan uzun bir s\u00fcre boyunca bu \u00e7orak topraklarda hayatta kalma m\u00fccadelesi verirken, bir taraftan da k\u00fclt\u00fcrlerini korumaya \u00e7al\u0131\u015ft\u0131lar. Evlerden yaz k\u0131\u015f soban\u0131n kalkmad\u0131\u011f\u0131 bu k\u00f6ylerde Ha\u00e7e\u015fler on y\u0131llar boyunca konuklarla hayat buldu, canland\u0131. Kimileri y\u00fczy\u0131llard\u0131r nesilden nesile aktar\u0131lan, Kafkasya\u2019dan s\u00fcrg\u00fcnle gelen pek \u00e7ok hik\u00e2ye anlat\u0131ld\u0131, an\u0131lar tazelendi. Kimi zaman da yepyeni hik\u00e2yelerle \u0131s\u0131nd\u0131 Ha\u00e7e\u015fler. Bu kitapta i\u015fte bu hik\u00e2yelerin bir k\u0131sm\u0131n\u0131 okuyacak, Anadolu\u2019da can \u00e7eki\u015fmekte olan \u00c7erkes k\u00fclt\u00fcr\u00fcn\u00fcn \u00e7ok canl\u0131 bir anlat\u0131m\u0131n\u0131 bulacaks\u0131n\u0131z. <\/p>\n","protected":false},"excerpt":{"rendered":"<p>Ha\u00e7e\u015f, \u00c7erkes k\u00fclt\u00fcr\u00fcnde olduk\u00e7a \u00f6nemli yeri olan bir kavramd\u0131r. Basit \u015fekliyle \u201ckonuk evi\u201d anlam\u0131na gelse de konuk a\u011f\u0131rlaman\u0131n \u00e7ok \u00f6tesinde i\u015flevlere sahiptir. \u00c7erkes k\u00fclt\u00fcr\u00fcn\u00fcn yeniden \u00fcretildi\u011fi,<span class=\"excerpt-hellip\"> [\u2026]<\/span><\/p>\n","protected":false},"featured_media":0,"template":"","meta":{"_monsterinsights_skip_tracking":false,"_monsterinsights_sitenote_active":false,"_monsterinsights_sitenote_note":"","_monsterinsights_sitenote_category":0},"product_brand":[],"product_cat":[12291,12711],"product_tag":[],"class_list":{"0":"post-712221","1":"product","2":"type-product","3":"status-publish","5":"product_cat-edebiyat","6":"product_cat-roman-oyku","7":"pa_cilt-ciltsiz","8":"pa_tur-kitap","9":"pa_yayinevi-koyusiyah-kitap","10":"pa_yazar-erol-gergin","12":"first","13":"instock","14":"sale","15":"shipping-taxable","16":"purchasable","17":"product-type-simple"},"_links":{"self":[{"href":"https:\/\/roveyayinevi.com.tr\/index.php\/wp-json\/wp\/v2\/product\/712221","targetHints":{"allow":["GET"]}}],"collection":[{"href":"https:\/\/roveyayinevi.com.tr\/index.php\/wp-json\/wp\/v2\/product"}],"about":[{"href":"https:\/\/roveyayinevi.com.tr\/index.php\/wp-json\/wp\/v2\/types\/product"}],"wp:attachment":[{"href":"https:\/\/roveyayinevi.com.tr\/index.php\/wp-json\/wp\/v2\/media?parent=712221"}],"wp:term":[{"taxonomy":"product_brand","embeddable":true,"href":"https:\/\/roveyayinevi.com.tr\/index.php\/wp-json\/wp\/v2\/product_brand?post=712221"},{"taxonomy":"product_cat","embeddable":true,"href":"https:\/\/roveyayinevi.com.tr\/index.php\/wp-json\/wp\/v2\/product_cat?post=712221"},{"taxonomy":"product_tag","embeddable":true,"href":"https:\/\/roveyayinevi.com.tr\/index.php\/wp-json\/wp\/v2\/product_tag?post=712221"}],"curies":[{"name":"wp","href":"https:\/\/api.w.org\/{rel}","templated":true}]}}