{"id":712219,"date":"2025-08-27T16:53:25","date_gmt":"2025-08-27T13:53:25","guid":{"rendered":"https:\/\/roveyayinevi.com.tr\/index.php\/urun\/iktisadi-konular-hakkinda-yazmak\/"},"modified":"2026-04-16T02:20:55","modified_gmt":"2026-04-15T23:20:55","slug":"iktisadi-konular-hakkinda-yazmak","status":"publish","type":"product","link":"https:\/\/roveyayinevi.com.tr\/index.php\/urun\/iktisadi-konular-hakkinda-yazmak\/","title":{"rendered":"\u0130ktisadi Konular Hakk\u0131nda Yazmak"},"content":{"rendered":"<p>\u0130ktisat ile ilgili bir rapor, makale, tez vb. yazmak zorunda olan her ki\u015fi, yaz\u0131m s\u00fcrecinde, az ya da \u00e7ok zorlan\u0131r. Bu durum hemen her i\u015f kolunda, her e\u011fitim d\u00fczeyinde b\u00f6yledir; \u00f6\u011frenci, \u00f6zel ya da kamu \u00e7al\u0131\u015fan\u0131, akademisyen olsun fark etmez. \u00c7\u00fcnk\u00fc \u201c\u0130ktisadi d\u00fc\u015f\u00fcnmenin zahmetli vazifesi ifadelerin do\u011fru anla\u015f\u0131lmas\u0131yken, \u00e7o\u011fu okulda yazmaya dair bir \u015fey \u00f6\u011fretilmez.\u201dB\u00f6yle bir durumdan mustarip olan iktisat\u00e7\u0131 nas\u0131l yazaca\u011f\u0131 \u00fczerine d\u00fc\u015f\u00fcnmeden, yazmak konusundaki profesyonel tavsiyeleri dikkate almadan yazmaya \u00e7al\u0131\u015f\u0131r tavsiyeleri ara\u015ft\u0131rmaz bile. Birini taklit ederek ya da \u00f6zg\u00fcn bir \u00fcslupla yazmaya \u00e7abalar. Ne var ki kendi yazd\u0131klar\u0131n\u0131 tarafs\u0131z bir g\u00f6zle okumaz, ele\u015ftiriden muaf bir metin ortaya koyar. Bu metnin son derece anla\u015f\u0131lmaz, zor okunur, karma\u015f\u0131k olmas\u0131 ise \u00e7ok muhtemeldir. \u0130\u00e7eri\u011fi ne kadar \u00f6nemli olursa olsun, okumas\u0131 zor bir metni okur musunuz?McCloskey, tam da bu durumdan kurtulmak i\u00e7in \u00f6neriler sunuyor. A\u00e7\u0131k olmak, basit olmak, makul bir \u00fcsluba sahip olmak i\u00e7in gerekenleri net bir \u015fekilde ortaya koyuyor. Twain\u2019in \u201cElli sentlik kelime bunu yapabilecekken, be\u015f dolarl\u0131k kelimeler kullanmay\u0131n\u201d ikaz\u0131n\u0131, Hemingway\u2019in \u201cYazar\u0131n sabit, darbeye dayan\u0131kl\u0131 bir sa\u00e7mal\u0131k detekt\u00f6r\u00fcne ihtiyac\u0131 vard\u0131r\u201d s\u00f6z\u00fcn\u00fc hat\u0131rlat\u0131yor. \u0130ktisadi konular hakk\u0131nda yazan herkesin yazma becerisini geli\u015ftirecek bir kitap<\/p>\n","protected":false},"excerpt":{"rendered":"<p>\u0130ktisat ile ilgili bir rapor, makale, tez vb. yazmak zorunda olan her ki\u015fi, yaz\u0131m s\u00fcrecinde, az ya da \u00e7ok zorlan\u0131r. Bu durum hemen her i\u015f kolunda,<span class=\"excerpt-hellip\"> [\u2026]<\/span><\/p>\n","protected":false},"featured_media":0,"template":"","meta":{"_monsterinsights_skip_tracking":false,"_monsterinsights_sitenote_active":false,"_monsterinsights_sitenote_note":"","_monsterinsights_sitenote_category":0},"product_brand":[],"product_cat":[14841,13043],"product_tag":[],"class_list":{"0":"post-712219","1":"product","2":"type-product","3":"status-publish","5":"product_cat-arastirma-inceleme-kuram","6":"product_cat-ekonomi","7":"pa_cilt-ciltsiz","8":"pa_tur-kitap","9":"pa_yayinevi-heretik-yayincilik","10":"pa_yazar-deirdre-n-mccloskey","12":"first","13":"instock","14":"sale","15":"shipping-taxable","16":"purchasable","17":"product-type-simple"},"_links":{"self":[{"href":"https:\/\/roveyayinevi.com.tr\/index.php\/wp-json\/wp\/v2\/product\/712219","targetHints":{"allow":["GET"]}}],"collection":[{"href":"https:\/\/roveyayinevi.com.tr\/index.php\/wp-json\/wp\/v2\/product"}],"about":[{"href":"https:\/\/roveyayinevi.com.tr\/index.php\/wp-json\/wp\/v2\/types\/product"}],"wp:attachment":[{"href":"https:\/\/roveyayinevi.com.tr\/index.php\/wp-json\/wp\/v2\/media?parent=712219"}],"wp:term":[{"taxonomy":"product_brand","embeddable":true,"href":"https:\/\/roveyayinevi.com.tr\/index.php\/wp-json\/wp\/v2\/product_brand?post=712219"},{"taxonomy":"product_cat","embeddable":true,"href":"https:\/\/roveyayinevi.com.tr\/index.php\/wp-json\/wp\/v2\/product_cat?post=712219"},{"taxonomy":"product_tag","embeddable":true,"href":"https:\/\/roveyayinevi.com.tr\/index.php\/wp-json\/wp\/v2\/product_tag?post=712219"}],"curies":[{"name":"wp","href":"https:\/\/api.w.org\/{rel}","templated":true}]}}