{"id":712216,"date":"2025-08-27T16:53:23","date_gmt":"2025-08-27T13:53:23","guid":{"rendered":"https:\/\/roveyayinevi.com.tr\/index.php\/urun\/adan-zye-sanat-tarihi\/"},"modified":"2026-04-16T02:20:55","modified_gmt":"2026-04-15T23:20:55","slug":"adan-zye-sanat-tarihi","status":"publish","type":"product","link":"https:\/\/roveyayinevi.com.tr\/index.php\/urun\/adan-zye-sanat-tarihi\/","title":{"rendered":"A&#8217;dan Z&#8217;ye Sanat Tarihi"},"content":{"rendered":"<p>30.000 y\u0131l \u00f6ncesinden bug\u00fcne sanat\u00e7\u0131lar hangi eserleri verdiler, bu eserleri yarat\u0131rken hangi fikirlerle yola \u00e7\u0131kt\u0131lar, i\u00e7erisinde ya\u015fad\u0131klar\u0131 d\u00f6nem onlar\u0131 nas\u0131l y\u00f6nlendirdi? Ressamlar, heykelt\u0131ra\u015flar, mimarlar hangi malzemeleri kulland\u0131lar, hangi teknikleri uygulad\u0131lar, hangi ak\u0131mlar\u0131 temsil ettiler, hangi \u00fcsluplar\u0131 benimsediler? G\u00fczellik nedir? Eski Yunan mimari d\u00fczenleri nelerdir? Mona Lisa\u2019y\u0131 b\u00f6ylesine b\u00fcy\u00fck bir sanat eseri yapan \u015fey nedir? S\u0131radan bir pisuar \u201csanat eseri\u201d olarak g\u00f6r\u00fclebilir mi? Ven\u00fcs\u2019\u00fcn Do\u011fu\u015fu, Nedimeler, Avignon\u2019lu Kad\u0131nlar&#8230; Willendorf Ven\u00fcs\u00fc, Agamemnon\u2019un Maskesi, D\u00fc\u015f\u00fcnen Adam&#8230; Stonehenge, Selimiye Camii, Guggenheim M\u00fczesi&#8230; Lascaux\u2019nun me\u00e7hul ressam\u0131, Leonardo da Vinci, Paul Gauguin&#8230; Barok, ekspresyonizm, s\u00fcrrealizm&#8230; A\u2019dan Z\u2019ye Sanat Tarihi g\u00f6rsel sanatlarla ilgili t\u00fcm bu konularda okuru ayd\u0131nlatmay\u0131 ba\u015faran, kapsaml\u0131 bir \u00e7al\u0131\u015fma. <\/p>\n","protected":false},"excerpt":{"rendered":"<p>30.000 y\u0131l \u00f6ncesinden bug\u00fcne sanat\u00e7\u0131lar hangi eserleri verdiler, bu eserleri yarat\u0131rken hangi fikirlerle yola \u00e7\u0131kt\u0131lar, i\u00e7erisinde ya\u015fad\u0131klar\u0131 d\u00f6nem onlar\u0131 nas\u0131l y\u00f6nlendirdi? Ressamlar, heykelt\u0131ra\u015flar, mimarlar hangi malzemeleri<span class=\"excerpt-hellip\"> [\u2026]<\/span><\/p>\n","protected":false},"featured_media":0,"template":"","meta":{"_monsterinsights_skip_tracking":false,"_monsterinsights_sitenote_active":false,"_monsterinsights_sitenote_note":"","_monsterinsights_sitenote_category":0},"product_brand":[],"product_cat":[12408,14197],"product_tag":[],"class_list":{"0":"post-712216","1":"product","2":"type-product","3":"status-publish","5":"product_cat-sanat","6":"product_cat-sanat-tarihi","7":"pa_cilt-ciltsiz","8":"pa_tur-kitap","9":"pa_yayinevi-say-yayinlari","10":"pa_yazar-madelynn-dickerson","12":"first","13":"instock","14":"sale","15":"shipping-taxable","16":"purchasable","17":"product-type-simple"},"_links":{"self":[{"href":"https:\/\/roveyayinevi.com.tr\/index.php\/wp-json\/wp\/v2\/product\/712216","targetHints":{"allow":["GET"]}}],"collection":[{"href":"https:\/\/roveyayinevi.com.tr\/index.php\/wp-json\/wp\/v2\/product"}],"about":[{"href":"https:\/\/roveyayinevi.com.tr\/index.php\/wp-json\/wp\/v2\/types\/product"}],"wp:attachment":[{"href":"https:\/\/roveyayinevi.com.tr\/index.php\/wp-json\/wp\/v2\/media?parent=712216"}],"wp:term":[{"taxonomy":"product_brand","embeddable":true,"href":"https:\/\/roveyayinevi.com.tr\/index.php\/wp-json\/wp\/v2\/product_brand?post=712216"},{"taxonomy":"product_cat","embeddable":true,"href":"https:\/\/roveyayinevi.com.tr\/index.php\/wp-json\/wp\/v2\/product_cat?post=712216"},{"taxonomy":"product_tag","embeddable":true,"href":"https:\/\/roveyayinevi.com.tr\/index.php\/wp-json\/wp\/v2\/product_tag?post=712216"}],"curies":[{"name":"wp","href":"https:\/\/api.w.org\/{rel}","templated":true}]}}