{"id":712215,"date":"2025-08-27T16:53:23","date_gmt":"2025-08-27T13:53:23","guid":{"rendered":"https:\/\/roveyayinevi.com.tr\/index.php\/urun\/bir-kara-delige-atlasaydiniz\/"},"modified":"2026-04-16T02:20:55","modified_gmt":"2026-04-15T23:20:55","slug":"bir-kara-delige-atlasaydiniz","status":"publish","type":"product","link":"https:\/\/roveyayinevi.com.tr\/index.php\/urun\/bir-kara-delige-atlasaydiniz\/","title":{"rendered":"Bir Kara Deli\u011fe Atlasayd\u0131n\u0131z&#8230;"},"content":{"rendered":"<p>\u00dcnl\u00fc gerilim kitaplar\u0131 yazar\u0131 Stephen King ile \u00fcnl\u00fc astrofizik\u00e7i Stephen Hawking akla gelebilecek entuhaf ve tehlikeli fikirler \u00fczerine birlikte bir kitap yazacak olsalar, ne olurdu? Hi\u00e7 ku\u015fkunuz olmas\u0131n ki,elinizdeki gibi bir eser ortaya \u00e7\u0131kard\u0131. Ger\u00e7ekten de iki yazardan biri, Cody Cassidy gazeteci, di\u011feri,Paul Doherty ise fizik doktoru, bir bilim insan\u0131 olarak bilimsel oldu\u011fu kadar e\u011flenceli, bir o kadar daetkileyici ve s\u00fcr\u00fckleyici bir kitap haz\u0131rlam\u0131\u015flar. Baz\u0131lar\u0131 ne kadar so\u011fuk ve \u00fcrk\u00fct\u00fcc\u00fc gelse de, \u00f6l\u00fcmle dedalga ge\u00e7erken akla gelebilecek pek \u00e7ok tuhaf fikir bilgiyle beslenip, anekdotlarla da s\u00fcsleninceger\u00e7ekten keyifle okunuyor.Merakl\u0131lar\u0131 i\u00e7in bulunmaz bir kaynak, e\u011flenceli bir korku filmi gibi s\u00fcr\u00fckleyici&#8230;\u0130\u015fte baz\u0131 tuhaf ama merak uyand\u0131r\u0131c\u0131 fikirler:U\u00e7aktayken pencere patlasayd\u0131&#8230; Muz kabu\u011funa bas\u0131p kaysayd\u0131n\u0131z&#8230; Diri diri topra\u011fa g\u00f6m\u00fclseydiniz&#8230;Bindi\u011finiz asans\u00f6r\u00fcn kablosu kopsayd\u0131&#8230; Titanik&#8217;te olsayd\u0131n\u0131z ve bir cankurtaran filikas\u0131nda yerbulamasayd\u0131n\u0131z&#8230; Bir volkan\u0131n i\u00e7ine kurban olarak at\u0131lsayd\u0131n\u0131z&#8230; Dr. Franken\u015ftayn\u2019\u0131n makinesineba\u011flansayd\u0131n\u0131z&#8230; Uyuyamasayd\u0131n\u0131z&#8230; N\u00fckleer k\u0131\u015f\u0131 ya\u015fasayd\u0131n\u0131z&#8230; Ven\u00fcs\u2019e tatile gitseydiniz&#8230; G\u00fcne\u015finy\u00fczeyinde dursayd\u0131n\u0131z&#8230; Aln\u0131n\u0131za \u00e7ok, ama \u00e7ok kuvvetli bir m\u0131knat\u0131s yap\u0131\u015ft\u0131rsayd\u0131n\u0131z&#8230; NE OLURDU? <\/p>\n","protected":false},"excerpt":{"rendered":"<p>\u00dcnl\u00fc gerilim kitaplar\u0131 yazar\u0131 Stephen King ile \u00fcnl\u00fc astrofizik\u00e7i Stephen Hawking akla gelebilecek entuhaf ve tehlikeli fikirler \u00fczerine birlikte bir kitap yazacak olsalar, ne olurdu? Hi\u00e7<span class=\"excerpt-hellip\"> [\u2026]<\/span><\/p>\n","protected":false},"featured_media":0,"template":"","meta":{"_monsterinsights_skip_tracking":false,"_monsterinsights_sitenote_active":false,"_monsterinsights_sitenote_note":"","_monsterinsights_sitenote_category":0},"product_brand":[],"product_cat":[13772,12364],"product_tag":[],"class_list":{"0":"post-712215","1":"product","2":"type-product","3":"status-publish","5":"product_cat-basvuru-kitaplari","6":"product_cat-genel-konular","7":"pa_cilt-ciltsiz","8":"pa_tur-kitap","9":"pa_yayinevi-aykiri-yayinlari","10":"pa_yazar-cody-cassidy-dr-paul-doherty","12":"first","13":"instock","14":"sale","15":"shipping-taxable","16":"purchasable","17":"product-type-simple"},"_links":{"self":[{"href":"https:\/\/roveyayinevi.com.tr\/index.php\/wp-json\/wp\/v2\/product\/712215","targetHints":{"allow":["GET"]}}],"collection":[{"href":"https:\/\/roveyayinevi.com.tr\/index.php\/wp-json\/wp\/v2\/product"}],"about":[{"href":"https:\/\/roveyayinevi.com.tr\/index.php\/wp-json\/wp\/v2\/types\/product"}],"wp:attachment":[{"href":"https:\/\/roveyayinevi.com.tr\/index.php\/wp-json\/wp\/v2\/media?parent=712215"}],"wp:term":[{"taxonomy":"product_brand","embeddable":true,"href":"https:\/\/roveyayinevi.com.tr\/index.php\/wp-json\/wp\/v2\/product_brand?post=712215"},{"taxonomy":"product_cat","embeddable":true,"href":"https:\/\/roveyayinevi.com.tr\/index.php\/wp-json\/wp\/v2\/product_cat?post=712215"},{"taxonomy":"product_tag","embeddable":true,"href":"https:\/\/roveyayinevi.com.tr\/index.php\/wp-json\/wp\/v2\/product_tag?post=712215"}],"curies":[{"name":"wp","href":"https:\/\/api.w.org\/{rel}","templated":true}]}}