{"id":712212,"date":"2025-08-27T16:53:21","date_gmt":"2025-08-27T13:53:21","guid":{"rendered":"https:\/\/roveyayinevi.com.tr\/index.php\/urun\/eylul-cocuklari\/"},"modified":"2026-04-16T02:20:55","modified_gmt":"2026-04-15T23:20:55","slug":"eylul-cocuklari","status":"publish","type":"product","link":"https:\/\/roveyayinevi.com.tr\/index.php\/urun\/eylul-cocuklari\/","title":{"rendered":"Eyl\u00fcl \u00c7ocuklar\u0131"},"content":{"rendered":"<p>Binlerce T\u00fcrk gencinin sokaklara d\u00f6k\u00fclmesi, ideolojileri u\u011fruna canlar\u0131ndan olmalar\u0131na neden olan bir d\u00f6nem ya\u015fand\u0131 \u00fclkemizde.\u00d6z\u00fc, fikri, zikri vatan kayg\u0131s\u0131 olan binlerce civan ellerimizin aras\u0131ndan kay\u0131p gitti..Oysa;Onlar; vatans\u0131z kalmay\u0131 istemeyen vatanseverdi.Onlar; vatan\u0131n kurutulu\u015funu \u00f6z\u00fcmseyen sevdal\u0131lard\u0131.Onlar; kesimi ne olursa olsun vatan sevdas\u0131n\u0131n yolcusuydular.Onlar; t\u00fcy\u00fc bitmemi\u015f yetimin savunucusuydular.Onlar; gidecek ba\u015fka yerleri olmad\u0131\u011f\u0131n\u0131 bilen filizdiler.Onlar; ku\u015fkular\u0131, sevin\u00e7leri olan idealisttiler.Onlar; vatan sana can\u0131m feda diyen yi\u011fittiler.K\u00f6r batakl\u0131k onlar\u0131 ne kadar i\u00e7ine \u00e7ekerse \u00e7eksin; g\u00f6z\u00fcn\u00fc k\u0131rpmadan vatana d\u00fc\u015fman aya\u011f\u0131 sokmayacak derecede yi\u011fittiler, y\u00fcrekliydiler onlar.Onlar bu vatan\u0131n \u00e7ocuklar\u0131yd\u0131lar&#8230; <\/p>\n","protected":false},"excerpt":{"rendered":"<p>Binlerce T\u00fcrk gencinin sokaklara d\u00f6k\u00fclmesi, ideolojileri u\u011fruna canlar\u0131ndan olmalar\u0131na neden olan bir d\u00f6nem ya\u015fand\u0131 \u00fclkemizde.\u00d6z\u00fc, fikri, zikri vatan kayg\u0131s\u0131 olan binlerce civan ellerimizin aras\u0131ndan kay\u0131p gitti..Oysa;Onlar;<span class=\"excerpt-hellip\"> [\u2026]<\/span><\/p>\n","protected":false},"featured_media":0,"template":"","meta":{"_monsterinsights_skip_tracking":false,"_monsterinsights_sitenote_active":false,"_monsterinsights_sitenote_note":"","_monsterinsights_sitenote_category":0},"product_brand":[],"product_cat":[12291,12711],"product_tag":[],"class_list":{"0":"post-712212","1":"product","2":"type-product","3":"status-publish","5":"product_cat-edebiyat","6":"product_cat-roman-oyku","7":"pa_cilt-ciltsiz","8":"pa_tur-kitap","9":"pa_yayinevi-yade-yayinlari","10":"pa_yazar-bekir-baz","12":"first","13":"instock","14":"sale","15":"shipping-taxable","16":"purchasable","17":"product-type-simple"},"_links":{"self":[{"href":"https:\/\/roveyayinevi.com.tr\/index.php\/wp-json\/wp\/v2\/product\/712212","targetHints":{"allow":["GET"]}}],"collection":[{"href":"https:\/\/roveyayinevi.com.tr\/index.php\/wp-json\/wp\/v2\/product"}],"about":[{"href":"https:\/\/roveyayinevi.com.tr\/index.php\/wp-json\/wp\/v2\/types\/product"}],"wp:attachment":[{"href":"https:\/\/roveyayinevi.com.tr\/index.php\/wp-json\/wp\/v2\/media?parent=712212"}],"wp:term":[{"taxonomy":"product_brand","embeddable":true,"href":"https:\/\/roveyayinevi.com.tr\/index.php\/wp-json\/wp\/v2\/product_brand?post=712212"},{"taxonomy":"product_cat","embeddable":true,"href":"https:\/\/roveyayinevi.com.tr\/index.php\/wp-json\/wp\/v2\/product_cat?post=712212"},{"taxonomy":"product_tag","embeddable":true,"href":"https:\/\/roveyayinevi.com.tr\/index.php\/wp-json\/wp\/v2\/product_tag?post=712212"}],"curies":[{"name":"wp","href":"https:\/\/api.w.org\/{rel}","templated":true}]}}