{"id":712210,"date":"2025-08-27T16:53:20","date_gmt":"2025-08-27T13:53:20","guid":{"rendered":"https:\/\/roveyayinevi.com.tr\/index.php\/urun\/highlights-puzzlemania-favori-puzzle-4lu-set\/"},"modified":"2026-04-16T02:20:55","modified_gmt":"2026-04-15T23:20:55","slug":"highlights-puzzlemania-favori-puzzle-4lu-set","status":"publish","type":"product","link":"https:\/\/roveyayinevi.com.tr\/index.php\/urun\/highlights-puzzlemania-favori-puzzle-4lu-set\/","title":{"rendered":"Highlights Puzzlemania Favori Puzzle 4&#8217;l\u00fc Set"},"content":{"rendered":"<p>K\u0130TAP \u0130\u00c7ER\u0130KLER\u0130- \u2018\u2019Highlights Puzzlemania Favori Puzzle\u2019\u2019  serisi 4 kitaptan olu\u015fmaktad\u0131r.- Kitap boyutu: 21,3 x 27,6 &#8211; Her bir kitap seviye seviye ayr\u0131larak 48 sayfadan olu\u015fturulmu\u015ftur.- Her bir kitapta 48 sayfa g\u00f6rsel ve cevap anahtar\u0131 yer almaktad\u0131r.- Kitaplar haz\u0131rlan\u0131rken kolaydan zora do\u011fru 4 farkl\u0131 seviyede haz\u0131rlanm\u0131\u015ft\u0131r.- \u2018\u2019Highlights Puzzlemania Favori Puzzle\u2018\u2019 kitaplar\u0131 resimler 5 ya\u015f t\u00fcm \u00e7ocuklarda kullan\u0131labilir.-  G\u00f6rsellerde ki ak\u0131l y\u00fcr\u00fctme becerisini geli\u015ftiren sorulara cevap verme, \u00e7ocuklar\u0131n\u0131z\u0131n genel k\u00fclt\u00fcrlerine katk\u0131 sa\u011flayacak \u015fekilde haz\u0131rlanm\u0131\u015ft\u0131r.-  G\u00f6rseller \u00e7\u00f6z\u00fcmlenirken, bireyin isteklili\u011fi ve ilgisi dikkate al\u0131narak haz\u0131rlanm\u0131\u015ft\u0131r.- G\u00f6rsellerde ki fark\u0131 bulma, resimler aras\u0131 benzerli\u011fi ara\u015ft\u0131rmak, \u00e7ocuklar\u0131n sonu\u00e7 \u00e7\u0131karma ve g\u00f6zlemleme yeteneklerinin kuvvetlenmesine destek sa\u011flayacak \u015fekilde haz\u0131rlanm\u0131\u015ft\u0131r.\u2018\u2019H\u0130GHL\u0130GHTS PUZZLEMAN\u0130A FAVOR\u0130 PUZZLE\u2019\u2019 G\u0130ZL\u0130 RES\u0130MLER\u0130N HEDEFLER\u0130\u2022 \u00c7ocuklardaki merak duygusunu artt\u0131rarak daha iyi odaklanmay\u0131 sa\u011flar.\u2022 Yarat\u0131c\u0131 d\u00fc\u015f\u00fcnme becerisinin geli\u015fmesine katk\u0131 sa\u011flayarak g\u00f6rsellere kar\u015f\u0131 ilgisinde art\u0131\u015f sa\u011flar.\u2022 G\u00f6rsellerde ki fark\u0131 bulma, benzerlikleri bulma ve g\u00fcncel hayat\u0131 ilgilendiren beyin geli\u015ftiren sorulara cevap verme, \u00e7ocuklar\u0131n sonu\u00e7 \u00e7\u0131karma ve g\u00f6zlemleme yeteneklerinin kuvvetlenmesine destek sa\u011flar.\u2022 S\u00fcrd\u00fcr\u00fclebilir dikkat becerilerinde art\u0131\u015f olur, derslerdeki odaklanma ve konsantrasyonu  artt\u0131\u011f\u0131 i\u00e7in dikkat hatalar\u0131 azal\u0131r ve derse kar\u015f\u0131 daha ilgili olur.\u2022 Ders ba\u015f\u0131nda ge\u00e7irdi\u011fi s\u00fcrede art\u0131\u015f sa\u011flan\u0131r ve \u00f6\u011frenmeye kar\u015f\u0131 isteklili\u011fi artar.\u2022 Detaylara kar\u015f\u0131 odaklanmas\u0131 geli\u015fir, okul performans\u0131 ya da g\u00fcndelik hayatta ba\u015far\u0131s\u0131 artar.\u2022 G\u00f6rsellerde ki bulmacalar\u0131 farkl\u0131 a\u00e7\u0131lardan de\u011ferlendirip bakmay\u0131 \u00f6\u011frendi\u011fi i\u00e7in, olaylar\u0131 daha iyi anlay\u0131p yorumlamas\u0131 geli\u015fir.\u2022 El g\u00f6z koordinasyonu geli\u015fir, el becerisi gerektiren i\u015flerde ba\u015far\u0131s\u0131 artar.\u2022 \u0130nce motor becerileri geli\u015fir, yaz\u0131larda d\u00fczelme olur.\u2022 G\u00f6rsellerde ki bulmacalar sabr\u0131 geli\u015ftirmeye yard\u0131mc\u0131 olur, meydan okuma duygusunu artt\u0131r\u0131r.\u2022 Beynin t\u00fcm enerjisinin tek noktaya odaklanmas\u0131n\u0131 sa\u011flar.\u2022 Okuma ve okudu\u011funu anlamas\u0131n\u0131n yan\u0131nda analiz etme ve sentezleme becerisi geli\u015fir\u2022 \u00c7ocuklar\u0131n temel bilgi ve becerilerin geli\u015fmesine katk\u0131 sa\u011flayarak yarat\u0131c\u0131 d\u00fc\u015f\u00fcnme yetene\u011fi, y\u00fcksek ideallere ula\u015fma iste\u011fi artar.\u2022 Esnek d\u00fc\u015f\u00fcnebilmesine yard\u0131mc\u0131 olunur.\u2022 Objelerin ak\u0131lda tutulmas\u0131 artar, unutkanl\u0131k azal\u0131r.\u2022 K\u0131sa s\u00fcreli bellek ve uzun s\u00fcreli bellek geli\u015fimine katk\u0131da bulunur.\u2022 E\u011flenerek \u00f6\u011frenmeyi artt\u0131r\u0131r.\u2022 Farkl\u0131 bak\u0131\u015f a\u00e7\u0131lar\u0131 geli\u015ftirerek problem \u00e7\u00f6zme becerisini geli\u015ftirir.\u2022 Heyecan\u0131n\u0131 kontrol alt\u0131na almas\u0131na yard\u0131mc\u0131 olur.\u2022 Zamana kar\u015f\u0131 yar\u0131\u015farak zaman fark\u0131ndal\u0131\u011f\u0131n\u0131 geli\u015ftirebilir.\u2018\u2019H\u0130GHL\u0130GHTS PUZZLEMAN\u0130A FAVOR\u0130 PUZZLE\u2019  PS\u0130KOLOJ\u0130KA\u00c7IDAN FAYDALARI- Heyecan\u0131n\u0131 kontrol alt\u0131na almas\u0131na yard\u0131mc\u0131 olur, sabr\u0131 geli\u015fir.- G\u00f6rsellerde ki bulmacalar\u0131 \u00e7\u00f6zd\u00fck\u00e7e \u00f6z g\u00fcveni geli\u015fir ve motivasyonu artar.- Zaman\u0131 etkin kullanma becerisi geli\u015fir.- Aile i\u00e7i ileti\u015fimin artmas\u0131na katk\u0131 sa\u011flar.- Duygu fark\u0131ndal\u0131\u011f\u0131n\u0131 geli\u015ftirir.- Olaylara farkl\u0131 bak\u0131\u015f a\u00e7\u0131lar\u0131ndan bakmay\u0131 \u00f6\u011frenir. &#8211; Bir olaya bir \u00e7ok farkl\u0131 a\u00e7\u0131dan bakarak, analiz etme becerisi geli\u015fir. KULLANIM KLAVUZUPuzzlemania serisi kitaplar\u0131 \u00e7\u00f6zerken s\u00fcre tutabilir ya da s\u00fcresiz olarak \u00e7\u00f6z\u00fclebilirsiniz Her bir sayfada yer alan fark\u0131 ve benzerli\u011fi bulma say\u0131s\u0131 farkl\u0131 oldu\u011fu i\u00e7in \u00e7\u00f6zme s\u00fcresi de\u011fi\u015fiklik g\u00f6sterir. G\u00f6rsellerde ki puzzle bulmacalar\u0131n\u0131 arkada\u015f gruplar\u0131 aras\u0131nda turnuvalar d\u00fczenleyerek \u00e7\u00f6zebilir, grup halinde e\u011flenceli dakikalar ge\u00e7irebilirsiniz. Puzzlemania favori puzzle kitab\u0131n\u0131 \u00e7\u00f6zerken kitab\u0131n bir g\u00fcn i\u00e7inde bir \u00e7ok sayfas\u0131n\u0131n \u00e7\u00f6z\u00fclmesinden ziyade, zamana yay\u0131larak \u00e7\u00f6z\u00fclmesi tercih edilmelidir.G\u00f6rsellerin zamana yay\u0131larak \u00e7\u00f6z\u00fclmesi, sorumluluk duygusunun a\u015f\u0131lanmas\u0131 ve al\u0131\u015fkanl\u0131k kazand\u0131r\u0131lmas\u0131 bak\u0131m\u0131ndan olduk\u00e7a \u00f6nemlidir. <\/p>\n","protected":false},"excerpt":{"rendered":"<p>K\u0130TAP \u0130\u00c7ER\u0130KLER\u0130- \u2018\u2019Highlights Puzzlemania Favori Puzzle\u2019\u2019 serisi 4 kitaptan olu\u015fmaktad\u0131r.- Kitap boyutu: 21,3 x 27,6 &#8211; Her bir kitap seviye seviye ayr\u0131larak 48 sayfadan olu\u015fturulmu\u015ftur.- Her<span class=\"excerpt-hellip\"> [\u2026]<\/span><\/p>\n","protected":false},"featured_media":0,"template":"","meta":{"_monsterinsights_skip_tracking":false,"_monsterinsights_sitenote_active":false,"_monsterinsights_sitenote_note":"","_monsterinsights_sitenote_category":0},"product_brand":[],"product_cat":[12274,15842],"product_tag":[],"class_list":{"0":"post-712210","1":"product","2":"type-product","3":"status-publish","5":"product_cat-cocuk-ve-genclik-kitaplari","6":"product_cat-egitici-kitaplar","7":"pa_cilt-set","8":"pa_tur-kitap","9":"pa_yayinevi-dikkat-atolyesi-yayinlari","10":"pa_yazar-kollektif","12":"first","13":"instock","14":"sale","15":"shipping-taxable","16":"purchasable","17":"product-type-simple"},"_links":{"self":[{"href":"https:\/\/roveyayinevi.com.tr\/index.php\/wp-json\/wp\/v2\/product\/712210","targetHints":{"allow":["GET"]}}],"collection":[{"href":"https:\/\/roveyayinevi.com.tr\/index.php\/wp-json\/wp\/v2\/product"}],"about":[{"href":"https:\/\/roveyayinevi.com.tr\/index.php\/wp-json\/wp\/v2\/types\/product"}],"wp:attachment":[{"href":"https:\/\/roveyayinevi.com.tr\/index.php\/wp-json\/wp\/v2\/media?parent=712210"}],"wp:term":[{"taxonomy":"product_brand","embeddable":true,"href":"https:\/\/roveyayinevi.com.tr\/index.php\/wp-json\/wp\/v2\/product_brand?post=712210"},{"taxonomy":"product_cat","embeddable":true,"href":"https:\/\/roveyayinevi.com.tr\/index.php\/wp-json\/wp\/v2\/product_cat?post=712210"},{"taxonomy":"product_tag","embeddable":true,"href":"https:\/\/roveyayinevi.com.tr\/index.php\/wp-json\/wp\/v2\/product_tag?post=712210"}],"curies":[{"name":"wp","href":"https:\/\/api.w.org\/{rel}","templated":true}]}}