{"id":712205,"date":"2025-08-27T16:53:17","date_gmt":"2025-08-27T13:53:17","guid":{"rendered":"https:\/\/roveyayinevi.com.tr\/index.php\/urun\/highlights-my-first-hidden-pictures-benim-ilk-gizli-resimlerim-4lu-set\/"},"modified":"2026-04-16T02:20:55","modified_gmt":"2026-04-15T23:20:55","slug":"highlights-my-first-hidden-pictures-benim-ilk-gizli-resimlerim-4lu-set","status":"publish","type":"product","link":"https:\/\/roveyayinevi.com.tr\/index.php\/urun\/highlights-my-first-hidden-pictures-benim-ilk-gizli-resimlerim-4lu-set\/","title":{"rendered":"Highlights My First Hidden Pictures (Benim \u0130lk Gizli Resimlerim) 4&#8217;l\u00fc Set"},"content":{"rendered":"<p>&#8211; &#8220;Highlights My First Hidden Pictures&#8221; gizli resimler serisi 4 kitaptan olu\u015fmaktad\u0131r.- Her bir kitap seviye seviye ayr\u0131larak 32 sayfadan olu\u015fturulmu\u015ftur.- Her bir kitapta 27 sayfa g\u00f6rsel ve cevap anahtar\u0131 yer almaktad\u0131r.- Kitaplar haz\u0131rlan\u0131rken kolaydan zora do\u011fru 4 farkl\u0131 seviyede haz\u0131rlanm\u0131\u015ft\u0131r.- &#8220;Highlights My First Hidden Pictures\u2019\u2019 gizli resimler 3-6 ya\u015f t\u00fcm \u00e7ocuklarda kullan\u0131labilir.-  G\u00f6rsellerde ki \u0130ngilizce-T\u00fcrk\u00e7e kelimeler, \u00e7ocuklar\u0131n ve yeti\u015fkinlerin hem yabanc\u0131 bir dil \u00f6\u011frenmesine hem de kelime fark\u0131ndal\u0131\u011f\u0131 ve kelime bilgisini artt\u0131rmaya katk\u0131 sa\u011flayacakt\u0131r.- G\u00f6rseller \u00e7\u00f6z\u00fcmlenirken, bireyin isteklili\u011fi ve ilgisi dikkate al\u0131narak haz\u0131rlanm\u0131\u015ft\u0131r.- G\u00f6rsellerde ki gizli objeleri ara\u015ft\u0131rmak, \u00e7ocuklar\u0131n sonu\u00e7 \u00e7\u0131karma ve g\u00f6zlemleme yeteneklerinin kuvvetlenmesine destek sa\u011flayacak \u015fekilde haz\u0131rlanm\u0131\u015ft\u0131r.&#8221;H\u0130GHL\u0130GHTS MY F\u0130RST H\u0130DDEN P\u0130CTURES\u2019\u2019 G\u0130ZL\u0130 RES\u0130MLER\u0130N HEDEFLER\u0130\u2022 \u00c7ocuklardaki merak duygusunu artt\u0131rarak daha iyi odaklanmay\u0131 sa\u011flar.\u2022 Yarat\u0131c\u0131 d\u00fc\u015f\u00fcnme becerisinin geli\u015fmesine katk\u0131 sa\u011flayarak g\u00f6rsellere kar\u015f\u0131 ilgisinde art\u0131\u015f sa\u011flar.\u2022 G\u00f6rsellerde ki gizli objeleri ara\u015ft\u0131rma, \u00e7ocuklar\u0131n sonu\u00e7 \u00e7\u0131karma ve g\u00f6zlemleme yeteneklerinin kuvvetlenmesine destek sa\u011flar.\u2022 S\u00fcrd\u00fcr\u00fclebilir dikkat becerilerinde art\u0131\u015f olur, derslerdeki odaklanma ve konsantrasyonu artt\u0131\u011f\u0131 i\u00e7in dikkat hatalar\u0131 azal\u0131r.\u2022 Ders ba\u015f\u0131nda ge\u00e7irdi\u011fi s\u00fcrede art\u0131\u015f sa\u011flan\u0131r ve \u00f6\u011frenmeye kar\u015f\u0131 isteklili\u011fi artar.\u2022 Detaylara kar\u015f\u0131 odaklanmas\u0131 geli\u015fir, okul performans\u0131 ya da g\u00fcndelik hayatta ba\u015far\u0131s\u0131 artar.\u2022 G\u00f6rsellerde ki bulmacalar\u0131 farkl\u0131 a\u00e7\u0131lardan bakmay\u0131 \u00f6\u011frendi\u011fi i\u00e7in olaylar\u0131 daha iyi anlay\u0131p yorumlamas\u0131 geli\u015fir.\u2022 El g\u00f6z koordinasyonu geli\u015fir, el becerisi gerektiren i\u015flerde ba\u015far\u0131s\u0131 artar.\u2022 \u0130nce motor becerileri geli\u015fir, yaz\u0131larda d\u00fczelme olur.\u2022 G\u00f6rsellerde ki bulmacalar sabr\u0131 geli\u015ftirmeye yard\u0131mc\u0131 olur, meydan okuma duygusunu artt\u0131r\u0131r.\u2022 Beynin t\u00fcm enerjisinin tek noktaya odaklanmas\u0131n\u0131 sa\u011flar.\u2022 Okuma ve okudu\u011funu anlamas\u0131n\u0131n yan\u0131nda analiz etme yetene\u011fi artar.\u2022 G\u00f6rsellerde ki bulmacalarda etiketlenmi\u015f \u0130ngilizce kelimelerin \u00f6\u011frenilmesini kolayla\u015ft\u0131r\u0131r.\u2022 Yeni okumaya ba\u015flayanlar i\u00e7in kelime fark\u0131ndal\u0131\u011f\u0131 ve kelime bilgisi artar.\u2022 \u00c7ocuklar\u0131n temel bilgi ve becerilerin geli\u015fmesine katk\u0131 sa\u011flayarak yarat\u0131c\u0131 d\u00fc\u015f\u00fcnme yetene\u011fi, y\u00fcksek ideallere ula\u015fma iste\u011fi artar.\u2022 Esnek d\u00fc\u015f\u00fcnebilmesine yard\u0131mc\u0131 olunur.\u2022 Objelerin ak\u0131lda tutulmas\u0131 artar, unutkanl\u0131k azal\u0131r.\u2022 K\u0131sa s\u00fcreli bellek ve uzun s\u00fcreli bellek geli\u015fimine katk\u0131da bulunur.\u2022 E\u011flenerek \u00f6\u011frenmeyi artt\u0131r\u0131r.\u2022 Farkl\u0131 bak\u0131\u015f a\u00e7\u0131lar\u0131 geli\u015ftirerek problem \u00e7\u00f6zme becerisini geli\u015ftirir.\u2022 Heyecan\u0131n\u0131 kontrol alt\u0131na almas\u0131na yard\u0131mc\u0131 olur.\u2022 Zamana kar\u015f\u0131 yar\u0131\u015farak zaman fark\u0131ndal\u0131\u011f\u0131 geli\u015fir.\u2018\u2019H\u0130GHL\u0130GHTS H\u0130DDEN P\u0130CTURES\u2019\u2019 G\u0130ZL\u0130 RES\u0130MLER\u0130N PS\u0130KOLOJ\u0130K A\u00c7IDAN FAYDALARI- Heyecan\u0131n\u0131 kontrol alt\u0131na almas\u0131na yard\u0131mc\u0131 olur, sabr\u0131 geli\u015fir.- G\u00f6rsellerdeki bulmacalar\u0131 \u00e7\u00f6zd\u00fck\u00e7e \u00f6zg\u00fcveni- Zaman\u0131 etkin kullanma becerisi geli\u015fir.- Aile i\u00e7i ileti\u015fimin artmas\u0131na katk\u0131 sa\u011flar.- Duygu fark\u0131ndal\u0131\u011f\u0131 geli\u015fir.- Olaylara farkl\u0131 bak\u0131\u015f a\u00e7\u0131lar\u0131ndan bakmay\u0131 \u00f6\u011frenir. <\/p>\n","protected":false},"excerpt":{"rendered":"<p>&#8211; &#8220;Highlights My First Hidden Pictures&#8221; gizli resimler serisi 4 kitaptan olu\u015fmaktad\u0131r.- Her bir kitap seviye seviye ayr\u0131larak 32 sayfadan olu\u015fturulmu\u015ftur.- Her bir kitapta 27 sayfa<span class=\"excerpt-hellip\"> [\u2026]<\/span><\/p>\n","protected":false},"featured_media":0,"template":"","meta":{"_monsterinsights_skip_tracking":false,"_monsterinsights_sitenote_active":false,"_monsterinsights_sitenote_note":"","_monsterinsights_sitenote_category":0},"product_brand":[],"product_cat":[12274,15842],"product_tag":[],"class_list":{"0":"post-712205","1":"product","2":"type-product","3":"status-publish","5":"product_cat-cocuk-ve-genclik-kitaplari","6":"product_cat-egitici-kitaplar","7":"pa_cilt-set","8":"pa_tur-kitap","9":"pa_yayinevi-dikkat-atolyesi-yayinlari","10":"pa_yazar-kollektif","12":"first","13":"instock","14":"sale","15":"shipping-taxable","16":"purchasable","17":"product-type-simple"},"_links":{"self":[{"href":"https:\/\/roveyayinevi.com.tr\/index.php\/wp-json\/wp\/v2\/product\/712205","targetHints":{"allow":["GET"]}}],"collection":[{"href":"https:\/\/roveyayinevi.com.tr\/index.php\/wp-json\/wp\/v2\/product"}],"about":[{"href":"https:\/\/roveyayinevi.com.tr\/index.php\/wp-json\/wp\/v2\/types\/product"}],"wp:attachment":[{"href":"https:\/\/roveyayinevi.com.tr\/index.php\/wp-json\/wp\/v2\/media?parent=712205"}],"wp:term":[{"taxonomy":"product_brand","embeddable":true,"href":"https:\/\/roveyayinevi.com.tr\/index.php\/wp-json\/wp\/v2\/product_brand?post=712205"},{"taxonomy":"product_cat","embeddable":true,"href":"https:\/\/roveyayinevi.com.tr\/index.php\/wp-json\/wp\/v2\/product_cat?post=712205"},{"taxonomy":"product_tag","embeddable":true,"href":"https:\/\/roveyayinevi.com.tr\/index.php\/wp-json\/wp\/v2\/product_tag?post=712205"}],"curies":[{"name":"wp","href":"https:\/\/api.w.org\/{rel}","templated":true}]}}