{"id":712197,"date":"2025-08-27T16:53:13","date_gmt":"2025-08-27T13:53:13","guid":{"rendered":"https:\/\/roveyayinevi.com.tr\/index.php\/urun\/sekilli-hayvanlar-serisi-gergedan\/"},"modified":"2026-04-16T02:20:40","modified_gmt":"2026-04-15T23:20:40","slug":"sekilli-hayvanlar-serisi-gergedan","status":"publish","type":"product","link":"https:\/\/roveyayinevi.com.tr\/index.php\/urun\/sekilli-hayvanlar-serisi-gergedan\/","title":{"rendered":"\u015eekilli Hayvanlar Serisi: Gergedan"},"content":{"rendered":"<p>Elinizde bulunan kitap serisinde; \u00f6ncelikle e\u011fitici ve \u00f6\u011fretici bir hikaye, ard\u0131ndan boyama sayfalar\u0131 ve en son olarak varl\u0131klara say\u0131 de\u011feri vererek i\u015flem yapt\u0131rma, kar\u0131\u015f\u0131k verilen resimleri s\u0131raya dizme, ses \u00e7al\u0131\u015fmalar\u0131, yolu bul bulmacalar\u0131, say\u0131 sayma sayfalar\u0131, kelime bulma bulmacalar\u0131, rakamlar\u0131 birle\u015ftirerek ortaya resim \u00e7\u0131karma, nesnelerle toplama- \u00e7\u0131karma i\u015flemi yapt\u0131rma, ayn\u0131 varl\u0131klar\u0131 e\u015fle\u015ftirme, varl\u0131klar\u0131 g\u00f6igeleriyle e\u015fle\u015ftirme, ritmik saymada bo\u015f b\u0131rak\u0131lan rakamlar\u0131 tamamlama, kavram \u00f6\u011fretme, iki resim aras\u0131ndaki farklar\u0131 bulma gibi aktiviteler bulacaks\u0131n\u0131z.\u00c7ocuklar\u0131n\u0131n e\u011flenirken \u00f6\u011frenmesini ve birlikte keyifli zaman ge\u00e7irmeyi isteyen t\u00fcm anne babalara bu kitap serisini tavsiye ediyorum. <\/p>\n","protected":false},"excerpt":{"rendered":"<p>Elinizde bulunan kitap serisinde; \u00f6ncelikle e\u011fitici ve \u00f6\u011fretici bir hikaye, ard\u0131ndan boyama sayfalar\u0131 ve en son olarak varl\u0131klara say\u0131 de\u011feri vererek i\u015flem yapt\u0131rma, kar\u0131\u015f\u0131k verilen resimleri<span class=\"excerpt-hellip\"> [\u2026]<\/span><\/p>\n","protected":false},"featured_media":0,"template":"","meta":{"_monsterinsights_skip_tracking":false,"_monsterinsights_sitenote_active":false,"_monsterinsights_sitenote_note":"","_monsterinsights_sitenote_category":0},"product_brand":[],"product_cat":[12274,12518],"product_tag":[],"class_list":{"0":"post-712197","1":"product","2":"type-product","3":"status-publish","5":"product_cat-cocuk-ve-genclik-kitaplari","6":"product_cat-okul-oncesi-kitaplar","7":"pa_cilt-ciltsiz","8":"pa_tur-kitap","9":"pa_yayinevi-parilti-yayinlari","10":"pa_yazar-kollektif","12":"first","13":"instock","14":"sale","15":"shipping-taxable","16":"purchasable","17":"product-type-simple"},"_links":{"self":[{"href":"https:\/\/roveyayinevi.com.tr\/index.php\/wp-json\/wp\/v2\/product\/712197","targetHints":{"allow":["GET"]}}],"collection":[{"href":"https:\/\/roveyayinevi.com.tr\/index.php\/wp-json\/wp\/v2\/product"}],"about":[{"href":"https:\/\/roveyayinevi.com.tr\/index.php\/wp-json\/wp\/v2\/types\/product"}],"wp:attachment":[{"href":"https:\/\/roveyayinevi.com.tr\/index.php\/wp-json\/wp\/v2\/media?parent=712197"}],"wp:term":[{"taxonomy":"product_brand","embeddable":true,"href":"https:\/\/roveyayinevi.com.tr\/index.php\/wp-json\/wp\/v2\/product_brand?post=712197"},{"taxonomy":"product_cat","embeddable":true,"href":"https:\/\/roveyayinevi.com.tr\/index.php\/wp-json\/wp\/v2\/product_cat?post=712197"},{"taxonomy":"product_tag","embeddable":true,"href":"https:\/\/roveyayinevi.com.tr\/index.php\/wp-json\/wp\/v2\/product_tag?post=712197"}],"curies":[{"name":"wp","href":"https:\/\/api.w.org\/{rel}","templated":true}]}}