{"id":712184,"date":"2025-08-27T16:53:06","date_gmt":"2025-08-27T13:53:06","guid":{"rendered":"https:\/\/roveyayinevi.com.tr\/index.php\/urun\/haritayi-takip-et-haritalama-becerileri\/"},"modified":"2026-04-16T02:20:40","modified_gmt":"2026-04-15T23:20:40","slug":"haritayi-takip-et-haritalama-becerileri","status":"publish","type":"product","link":"https:\/\/roveyayinevi.com.tr\/index.php\/urun\/haritayi-takip-et-haritalama-becerileri\/","title":{"rendered":"Haritay\u0131 Takip Et &#8211; Haritalama Becerileri"},"content":{"rendered":"<p>Tar\u00e7\u0131n ve K\u00f6p\u00fck \u0130\u00e7in Arama Badad\u0131. Be\u015f arkada\u015f\u0131n kay\u0131p bir kedi ve k\u00f6pe\u011fi bulmak i\u00e7in \u00e7\u0131kt\u0131klar\u0131 maceraya ortak olun. Haritalar\u0131 rehber olarak kullanarak mahalleye, \u015fehre, \u00fclkenin d\u00f6rt bir yan\u0131na ve d\u00fcnyan\u0131n d\u00f6rt bir yan\u0131na gidecekler. Hatta hazine aramak i\u00e7in bile zaman bulacaklar. Oyun adas\u0131nda s\u00fcr\u00fc\u015f keyfini ya\u015fay\u0131n ve hava durumu hakk\u0131nda bilgiler \u00d6\u011frenin ama bunlar\u0131n hepsi ak\u015fam yere; saatinden \u00f6nce olacak! Kat\u0131l\u0131n ve haritay\u0131 takip edin! Bu benzersiz kitap, \u00e7ocuklara gerekli haritalama tekniklerini tan\u0131tmak i\u00e7in renkli ve e\u011flenceli haritalar kullanm\u0131\u015ft\u0131r. Gen\u00e7 okuyucular\u0131m\u0131z\u0131n bu kitaptan \u00f6\u011frenecekleri: \u2022 Haritan\u0131n temel par\u00e7alar\u0131, \u00f6rne\u011fin bir a\u00e7\u0131klay\u0131c\u0131 bilgi veya anahtar, sembolle-&#8221; ve pusula g\u00fcl\u00fc&#8230; \u2022 Hava haritalar\u0131 ve topo\u011frafik haritalar gibi farkl\u0131 haritalar nas\u0131l okunur? \u2022 Y\u00f6n belirleyici ve iki nokta aras\u0131ndaki mesafeyi \u00f6l\u00e7mek i\u00e7in kullan\u0131lan \u00f6nemli haritalama kavramlar\u0131. Kendi odalar\u0131n\u0131n haritas\u0131n\u0131 olu\u015fturma.  Haritalama maceras\u0131na ba\u015flayal\u0131m! <\/p>\n","protected":false},"excerpt":{"rendered":"<p>Tar\u00e7\u0131n ve K\u00f6p\u00fck \u0130\u00e7in Arama Badad\u0131. Be\u015f arkada\u015f\u0131n kay\u0131p bir kedi ve k\u00f6pe\u011fi bulmak i\u00e7in \u00e7\u0131kt\u0131klar\u0131 maceraya ortak olun. Haritalar\u0131 rehber olarak kullanarak mahalleye, \u015fehre, \u00fclkenin<span class=\"excerpt-hellip\"> [\u2026]<\/span><\/p>\n","protected":false},"featured_media":0,"template":"","meta":{"_monsterinsights_skip_tracking":false,"_monsterinsights_sitenote_active":false,"_monsterinsights_sitenote_note":"","_monsterinsights_sitenote_category":0},"product_brand":[],"product_cat":[13829,12274],"product_tag":[],"class_list":{"0":"post-712184","1":"product","2":"type-product","3":"status-publish","5":"product_cat-bilimsel-kitaplar","6":"product_cat-cocuk-ve-genclik-kitaplari","7":"pa_cilt-ciltsiz","8":"pa_tur-kitap","9":"pa_yayinevi-teleskop-populer-bilim","10":"pa_yazar-kollektif","12":"first","13":"instock","14":"sale","15":"shipping-taxable","16":"purchasable","17":"product-type-simple"},"_links":{"self":[{"href":"https:\/\/roveyayinevi.com.tr\/index.php\/wp-json\/wp\/v2\/product\/712184","targetHints":{"allow":["GET"]}}],"collection":[{"href":"https:\/\/roveyayinevi.com.tr\/index.php\/wp-json\/wp\/v2\/product"}],"about":[{"href":"https:\/\/roveyayinevi.com.tr\/index.php\/wp-json\/wp\/v2\/types\/product"}],"wp:attachment":[{"href":"https:\/\/roveyayinevi.com.tr\/index.php\/wp-json\/wp\/v2\/media?parent=712184"}],"wp:term":[{"taxonomy":"product_brand","embeddable":true,"href":"https:\/\/roveyayinevi.com.tr\/index.php\/wp-json\/wp\/v2\/product_brand?post=712184"},{"taxonomy":"product_cat","embeddable":true,"href":"https:\/\/roveyayinevi.com.tr\/index.php\/wp-json\/wp\/v2\/product_cat?post=712184"},{"taxonomy":"product_tag","embeddable":true,"href":"https:\/\/roveyayinevi.com.tr\/index.php\/wp-json\/wp\/v2\/product_tag?post=712184"}],"curies":[{"name":"wp","href":"https:\/\/api.w.org\/{rel}","templated":true}]}}