{"id":712183,"date":"2025-08-27T16:53:05","date_gmt":"2025-08-27T13:53:05","guid":{"rendered":"https:\/\/roveyayinevi.com.tr\/index.php\/urun\/victor-ciltli\/"},"modified":"2026-04-16T02:20:40","modified_gmt":"2026-04-15T23:20:40","slug":"victor-ciltli","status":"publish","type":"product","link":"https:\/\/roveyayinevi.com.tr\/index.php\/urun\/victor-ciltli\/","title":{"rendered":"Victor (Ciltli)"},"content":{"rendered":"<p>\u201cRedmerski sadece unutulmaz karakterler yaratmakla kalm\u0131yor, m\u00fcthi\u015f bir ritim de tutturuyor. Onu bu kadar ba\u015far\u0131l\u0131 yapan da bu.\u201d \u2013Publishers Weekly   \u201cKatiller \u00c7etesi bitmesini istemedi\u011finiz serilerden. Victor ise bu maceran\u0131n unutulmaz bir par\u00e7as\u0131.\u201d \u2013The New York Times \u201cBir seri ancak bu kadar s\u00fcr\u00fckleyici olabilir! Karakterlerin geli\u015fimine tan\u0131k olmak tarifsiz bir duygu.\u201d  \u2013 USA Today Profesyonel katiller bile kafa dinlemeye ihtiya\u00e7 duyar ama Victor i\u00e7in Izabel\u2019le \u00e7\u0131kacaklar\u0131 tatil, sevdi\u011fi kad\u0131nla ba\u015f ba\u015fa kalmaktan \u00e7ok daha fazlas\u0131 demektir. \u00c7\u00fcnk\u00fc bu, Victor i\u00e7in bir t\u00fcr kendini aklama f\u0131rsat\u0131d\u0131r. Onu Niklas\u2019la neden \u0130talya\u2019ya yollad\u0131\u011f\u0131n\u0131, Nora\u2019ya olan ilgisinin ard\u0131ndaki ger\u00e7e\u011fi ve daha pek \u00e7ok konuyu a\u00e7\u0131kl\u0131\u011fa kavu\u015fturmak i\u00e7in yakalad\u0131\u011f\u0131 bir f\u0131rsat&#8230; Fakat ya\u015fanan olaylar baz\u0131lar\u0131 i\u00e7in tatillerin de sadece bo\u015f bir hayalden ibaret oldu\u011funu g\u00f6sterecektir. <\/p>\n","protected":false},"excerpt":{"rendered":"<p>\u201cRedmerski sadece unutulmaz karakterler yaratmakla kalm\u0131yor, m\u00fcthi\u015f bir ritim de tutturuyor. Onu bu kadar ba\u015far\u0131l\u0131 yapan da bu.\u201d \u2013Publishers Weekly \u201cKatiller \u00c7etesi bitmesini istemedi\u011finiz serilerden. Victor<span class=\"excerpt-hellip\"> [\u2026]<\/span><\/p>\n","protected":false},"featured_media":0,"template":"","meta":{"_monsterinsights_skip_tracking":false,"_monsterinsights_sitenote_active":false,"_monsterinsights_sitenote_note":"","_monsterinsights_sitenote_category":0},"product_brand":[],"product_cat":[12803,12291],"product_tag":[],"class_list":{"0":"post-712183","1":"product","2":"type-product","3":"status-publish","5":"product_cat-aksiyon-macera","6":"product_cat-edebiyat","7":"pa_cilt-ciltli","8":"pa_tur-kitap","9":"pa_yayinevi-ephesus-yayinlari","10":"pa_yazar-j-a-redmerski","12":"first","13":"instock","14":"sale","15":"shipping-taxable","16":"purchasable","17":"product-type-simple"},"_links":{"self":[{"href":"https:\/\/roveyayinevi.com.tr\/index.php\/wp-json\/wp\/v2\/product\/712183","targetHints":{"allow":["GET"]}}],"collection":[{"href":"https:\/\/roveyayinevi.com.tr\/index.php\/wp-json\/wp\/v2\/product"}],"about":[{"href":"https:\/\/roveyayinevi.com.tr\/index.php\/wp-json\/wp\/v2\/types\/product"}],"wp:attachment":[{"href":"https:\/\/roveyayinevi.com.tr\/index.php\/wp-json\/wp\/v2\/media?parent=712183"}],"wp:term":[{"taxonomy":"product_brand","embeddable":true,"href":"https:\/\/roveyayinevi.com.tr\/index.php\/wp-json\/wp\/v2\/product_brand?post=712183"},{"taxonomy":"product_cat","embeddable":true,"href":"https:\/\/roveyayinevi.com.tr\/index.php\/wp-json\/wp\/v2\/product_cat?post=712183"},{"taxonomy":"product_tag","embeddable":true,"href":"https:\/\/roveyayinevi.com.tr\/index.php\/wp-json\/wp\/v2\/product_tag?post=712183"}],"curies":[{"name":"wp","href":"https:\/\/api.w.org\/{rel}","templated":true}]}}