{"id":712180,"date":"2025-08-27T16:53:04","date_gmt":"2025-08-27T13:53:04","guid":{"rendered":"https:\/\/roveyayinevi.com.tr\/index.php\/urun\/laidlaw-sorusturmasi\/"},"modified":"2026-04-16T02:20:40","modified_gmt":"2026-04-15T23:20:40","slug":"laidlaw-sorusturmasi","status":"publish","type":"product","link":"https:\/\/roveyayinevi.com.tr\/index.php\/urun\/laidlaw-sorusturmasi\/","title":{"rendered":"Laidlaw Soru\u015fturmas\u0131"},"content":{"rendered":"<p>Orijinal hasarl\u0131 dedektif Jack Laidlaw ile tan\u0131\u015f\u0131n. Glasgow Green\u2019de gen\u00e7 bir kad\u0131n vah\u015fice \u00f6ld\u00fcr\u00fclm\u00fc\u015f halde bulundu\u011funda, \u015fehrin karanl\u0131\u011f\u0131nda pusuya yatm\u0131\u015f paral\u0131 adamlar, yeralt\u0131 d\u00fcnyas\u0131n\u0131n kabaday\u0131lar\u0131 ve zalim adamlar aras\u0131ndan kad\u0131n\u0131n katilini bulma \u015fans\u0131 yaln\u0131zca Laidlaw\u2019dad\u0131r.\u201c\u0130lk, en h\u0131zl\u0131 ve en iyi. \u015eehrin kanl\u0131 kalbini boylu boyunca kesen, korkutucu bir ne\u015fter gibi\u2026\u201dDenisa Mina\u201cMcIlvanney olmadan polisiye yazar\u0131 olabilir miydim, emin de\u011filim.\u201dIan Rankin\u201c\u0130sko\u00e7 polisiye yazarl\u0131\u011f\u0131n\u0131n saf, dam\u0131t\u0131lm\u0131\u015f \u00f6z\u00fc\u2026\u201dPeter May\u201cSonsuza kadar haf\u0131zan\u0131zda kalacak.\u201dChris Brookmyre\u201cLaidlaw kitaplar\u0131 sadece harika polisiye romanlar\u0131 de\u011fil, ayn\u0131 zamanda \u00f6nem te\u015fkil eden kitaplar.\u201dMark Billingham <\/p>\n","protected":false},"excerpt":{"rendered":"<p>Orijinal hasarl\u0131 dedektif Jack Laidlaw ile tan\u0131\u015f\u0131n. Glasgow Green\u2019de gen\u00e7 bir kad\u0131n vah\u015fice \u00f6ld\u00fcr\u00fclm\u00fc\u015f halde bulundu\u011funda, \u015fehrin karanl\u0131\u011f\u0131nda pusuya yatm\u0131\u015f paral\u0131 adamlar, yeralt\u0131 d\u00fcnyas\u0131n\u0131n kabaday\u0131lar\u0131 ve<span class=\"excerpt-hellip\"> [\u2026]<\/span><\/p>\n","protected":false},"featured_media":0,"template":"","meta":{"_monsterinsights_skip_tracking":false,"_monsterinsights_sitenote_active":false,"_monsterinsights_sitenote_note":"","_monsterinsights_sitenote_category":0},"product_brand":[],"product_cat":[12291,12711],"product_tag":[],"class_list":{"0":"post-712180","1":"product","2":"type-product","3":"status-publish","5":"product_cat-edebiyat","6":"product_cat-roman-oyku","7":"pa_cilt-ciltsiz","8":"pa_tur-kitap","9":"pa_yayinevi-ayrinti-yayinlari","10":"pa_yazar-william-mcllvanney","12":"first","13":"instock","14":"sale","15":"shipping-taxable","16":"purchasable","17":"product-type-simple"},"_links":{"self":[{"href":"https:\/\/roveyayinevi.com.tr\/index.php\/wp-json\/wp\/v2\/product\/712180","targetHints":{"allow":["GET"]}}],"collection":[{"href":"https:\/\/roveyayinevi.com.tr\/index.php\/wp-json\/wp\/v2\/product"}],"about":[{"href":"https:\/\/roveyayinevi.com.tr\/index.php\/wp-json\/wp\/v2\/types\/product"}],"wp:attachment":[{"href":"https:\/\/roveyayinevi.com.tr\/index.php\/wp-json\/wp\/v2\/media?parent=712180"}],"wp:term":[{"taxonomy":"product_brand","embeddable":true,"href":"https:\/\/roveyayinevi.com.tr\/index.php\/wp-json\/wp\/v2\/product_brand?post=712180"},{"taxonomy":"product_cat","embeddable":true,"href":"https:\/\/roveyayinevi.com.tr\/index.php\/wp-json\/wp\/v2\/product_cat?post=712180"},{"taxonomy":"product_tag","embeddable":true,"href":"https:\/\/roveyayinevi.com.tr\/index.php\/wp-json\/wp\/v2\/product_tag?post=712180"}],"curies":[{"name":"wp","href":"https:\/\/api.w.org\/{rel}","templated":true}]}}