{"id":712179,"date":"2025-08-27T16:53:03","date_gmt":"2025-08-27T13:53:03","guid":{"rendered":"https:\/\/roveyayinevi.com.tr\/index.php\/urun\/yasasin-okuyorum-hikaye-seti-10-kitap\/"},"modified":"2026-04-16T02:20:40","modified_gmt":"2026-04-15T23:20:40","slug":"yasasin-okuyorum-hikaye-seti-10-kitap","status":"publish","type":"product","link":"https:\/\/roveyayinevi.com.tr\/index.php\/urun\/yasasin-okuyorum-hikaye-seti-10-kitap\/","title":{"rendered":"Ya\u015fas\u0131n Okuyorum Hikaye Seti (10 Kitap)"},"content":{"rendered":"<p>\u0130lk okuma-yazma faaliyetleri \u00f6\u011frencinin e\u011fitim hayat\u0131n\u0131n en \u00f6nemli basamaklar\u0131ndan birisidir. Bu basamak e\u011fitim-\u00f6\u011fretim s\u00fcrecinin temelini olu\u015fturur. Ya\u015fas\u0131n Okuyorum, \u00e7ocuklar\u0131n bu basama\u011f\u0131 keyif alarak ge\u00e7melerini hedefliyor. 10 kitaptan olu\u015fan bu set, 1. s\u0131n\u0131f \u00f6\u011frencilerinin okuma seviyeleri g\u00f6zetilerek \u00f6zenle haz\u0131rland\u0131. Re\u015fhat Y\u0131ld\u0131z\u2019\u0131n m\u00fcfredat\u0131 ve pedagojik unsurlar\u0131 g\u00f6z \u00f6n\u00fcne alarak keyifli bir \u00fcslupla kaleme ald\u0131\u011f\u0131 bu hik\u00e2yeleri \u00f6\u011fretmenler \u00f6\u011frencilerine rahatl\u0131kla tavsiye edebilirler.Kavramlar: B\u00fcy\u00fcmek, \u00c7evre Bilinci, Dayan\u0131\u015fma, De\u011ferlerimiz, Do\u011fru Okuma, Hayal G\u00fcc\u00fc, Okudu\u011funu Anlama, Okul Heyecan\u0131m, \u00d6zg\u00fcven, Problem \u00c7\u00f6zme, Sosyal Sorumluluk, T\u00fcrk\u00e7e&#8217;yi Do\u011fru ve Etkin KullanmaEmircan&#8217;\u0131n Okuma Merak\u0131Emircan Okula Ba\u015fl\u0131yorEmircan Okumay\u0131 \u00d6\u011freniyorEmircan \u0130tfaiye EriEmircan Mikroplarla Tan\u0131\u015f\u0131yorEmircan \u00c7evreyi TemizliyorEmircan Ar\u0131larla Tan\u0131\u015f\u0131yorEmircan Sincaplarla Konu\u015fuyorEmircan Bal\u0131klar\u0131n K\u00f6y\u00fcndeEmircan Tasarrufu \u00d6\u011freniyor <\/p>\n","protected":false},"excerpt":{"rendered":"<p>\u0130lk okuma-yazma faaliyetleri \u00f6\u011frencinin e\u011fitim hayat\u0131n\u0131n en \u00f6nemli basamaklar\u0131ndan birisidir. Bu basamak e\u011fitim-\u00f6\u011fretim s\u00fcrecinin temelini olu\u015fturur. Ya\u015fas\u0131n Okuyorum, \u00e7ocuklar\u0131n bu basama\u011f\u0131 keyif alarak ge\u00e7melerini hedefliyor. 10<span class=\"excerpt-hellip\"> [\u2026]<\/span><\/p>\n","protected":false},"featured_media":0,"template":"","meta":{"_monsterinsights_skip_tracking":false,"_monsterinsights_sitenote_active":false,"_monsterinsights_sitenote_note":"","_monsterinsights_sitenote_category":0},"product_brand":[],"product_cat":[12275,12274],"product_tag":[],"class_list":{"0":"post-712179","1":"product","2":"type-product","3":"status-publish","5":"product_cat-6-12-yas-kitaplari","6":"product_cat-cocuk-ve-genclik-kitaplari","7":"pa_cilt-set","8":"pa_tur-kitap","9":"pa_yayinevi-timas-cocuk","10":"pa_yazar-reshat-yildiz","12":"first","13":"instock","14":"sale","15":"shipping-taxable","16":"purchasable","17":"product-type-simple"},"_links":{"self":[{"href":"https:\/\/roveyayinevi.com.tr\/index.php\/wp-json\/wp\/v2\/product\/712179","targetHints":{"allow":["GET"]}}],"collection":[{"href":"https:\/\/roveyayinevi.com.tr\/index.php\/wp-json\/wp\/v2\/product"}],"about":[{"href":"https:\/\/roveyayinevi.com.tr\/index.php\/wp-json\/wp\/v2\/types\/product"}],"wp:attachment":[{"href":"https:\/\/roveyayinevi.com.tr\/index.php\/wp-json\/wp\/v2\/media?parent=712179"}],"wp:term":[{"taxonomy":"product_brand","embeddable":true,"href":"https:\/\/roveyayinevi.com.tr\/index.php\/wp-json\/wp\/v2\/product_brand?post=712179"},{"taxonomy":"product_cat","embeddable":true,"href":"https:\/\/roveyayinevi.com.tr\/index.php\/wp-json\/wp\/v2\/product_cat?post=712179"},{"taxonomy":"product_tag","embeddable":true,"href":"https:\/\/roveyayinevi.com.tr\/index.php\/wp-json\/wp\/v2\/product_tag?post=712179"}],"curies":[{"name":"wp","href":"https:\/\/api.w.org\/{rel}","templated":true}]}}