{"id":712178,"date":"2025-08-27T16:53:03","date_gmt":"2025-08-27T13:53:03","guid":{"rendered":"https:\/\/roveyayinevi.com.tr\/index.php\/urun\/golgelerde-savasanlar-fransiz-direniscilerinin-gercek-tarihi\/"},"modified":"2026-04-16T02:20:40","modified_gmt":"2026-04-15T23:20:40","slug":"golgelerde-savasanlar-fransiz-direniscilerinin-gercek-tarihi","status":"publish","type":"product","link":"https:\/\/roveyayinevi.com.tr\/index.php\/urun\/golgelerde-savasanlar-fransiz-direniscilerinin-gercek-tarihi\/","title":{"rendered":"G\u00f6lgelerde Sava\u015fanlar &#8211; Frans\u0131z Direni\u015f\u00e7ilerinin Ger\u00e7ek Tarihi"},"content":{"rendered":"<p>Frans\u0131z Direni\u015f Hareketi tarihinin yeniden yaz\u0131ld\u0131\u011f\u0131 bu kitapta, de Gaulle\u2019c\u00fc \u00e7arp\u0131tmalardan kurtularak, Direni\u015f ger\u00e7e\u011finin kendi ayaklar\u0131 \u00fczerinde dikilmesini okuyacaks\u0131n\u0131z. Y\u0131llarca Fransa\u2019n\u0131n yeni imaj\u0131na kurban edilen, gizlenen, \u00e7arp\u0131t\u0131lan direni\u015f\u00e7iler ve onlar\u0131n ger\u00e7ek \u00f6yk\u00fcleri Robert Gildea\u2019n\u0131n kaleminden yeniden hayat buluyor. De Gaulle\u2019c\u00fc Yeni Fransa mitine kurban edilen kom\u00fcnist, anti-fa\u015fist, Yahudi direni\u015f\u00e7ilerin ve kad\u0131nlar\u0131n bu b\u00fcy\u00fck m\u00fccadeleleri, an\u0131larla ve belgelerle bug\u00fcne ta\u015f\u0131n\u0131yor. Bug\u00fcne de\u011fin \u0130nsan haklar\u0131, demokrasi ve Frans\u0131z kahramanl\u0131\u011f\u0131yla soslanarak  anlat\u0131lan bu b\u00fcy\u00fck m\u00fccadelenin asl\u0131nda ne kadar sert ya\u015fand\u0131\u011f\u0131n\u0131, ihanet, \u00f6l\u00fcm ve kahramanl\u0131\u011f\u0131n o g\u00fcnler i\u00e7in nas\u0131l s\u0131radan oldu\u011funu okuyacaks\u0131n\u0131z. Hak edilmeyen payeler, sava\u015f sonras\u0131 yarat\u0131lan \u201casl\u0131nda olmayan\u201d kahramanlar\u0131n yan\u0131s\u0131ra, hayatlar\u0131n\u0131 hi\u00e7e sayan \u00f6len, \u00f6ld\u00fcren ve ad\u0131 bile an\u0131lmayan ger\u00e7ek direni\u015f\u00e7iler ile tan\u0131\u015facaks\u0131n\u0131z.  Frans\u0131z Direni\u015f tarihi ayn\u0131 zamanda Nazi zulm\u00fcn\u00fcn, katliamlar\u0131n, i\u015fbirlik\u00e7ilerin, korkaklar\u0131n ve ihanetin de tarihidir. B\u00fct\u00fcn bunlar\u0131n yan\u0131s\u0131ra Direni\u015fin ana haf\u0131zas\u0131n\u0131 temsil edenler bu \u00f6nemli anda onurlar\u0131n\u0131 koruman\u0131n en iyi yolunun kahramanl\u0131k de\u011fil, ac\u0131 \u00e7ekmek oldu\u011funu \u00f6\u011frendiler. \u0130\u015fte onlar\u0131n ger\u00e7ek hikayesi. <\/p>\n","protected":false},"excerpt":{"rendered":"<p>Frans\u0131z Direni\u015f Hareketi tarihinin yeniden yaz\u0131ld\u0131\u011f\u0131 bu kitapta, de Gaulle\u2019c\u00fc \u00e7arp\u0131tmalardan kurtularak, Direni\u015f ger\u00e7e\u011finin kendi ayaklar\u0131 \u00fczerinde dikilmesini okuyacaks\u0131n\u0131z. Y\u0131llarca Fransa\u2019n\u0131n yeni imaj\u0131na kurban edilen, gizlenen,<span class=\"excerpt-hellip\"> [\u2026]<\/span><\/p>\n","protected":false},"featured_media":0,"template":"","meta":{"_monsterinsights_skip_tracking":false,"_monsterinsights_sitenote_active":false,"_monsterinsights_sitenote_note":"","_monsterinsights_sitenote_category":0},"product_brand":[],"product_cat":[12312,12304],"product_tag":[],"class_list":{"0":"post-712178","1":"product","2":"type-product","3":"status-publish","5":"product_cat-diger","6":"product_cat-tarih","7":"pa_cilt-ciltsiz","8":"pa_tur-kitap","9":"pa_yayinevi-kalkedon-yayincilik","10":"pa_yazar-robert-gildea","12":"first","13":"instock","14":"sale","15":"shipping-taxable","16":"purchasable","17":"product-type-simple"},"_links":{"self":[{"href":"https:\/\/roveyayinevi.com.tr\/index.php\/wp-json\/wp\/v2\/product\/712178","targetHints":{"allow":["GET"]}}],"collection":[{"href":"https:\/\/roveyayinevi.com.tr\/index.php\/wp-json\/wp\/v2\/product"}],"about":[{"href":"https:\/\/roveyayinevi.com.tr\/index.php\/wp-json\/wp\/v2\/types\/product"}],"wp:attachment":[{"href":"https:\/\/roveyayinevi.com.tr\/index.php\/wp-json\/wp\/v2\/media?parent=712178"}],"wp:term":[{"taxonomy":"product_brand","embeddable":true,"href":"https:\/\/roveyayinevi.com.tr\/index.php\/wp-json\/wp\/v2\/product_brand?post=712178"},{"taxonomy":"product_cat","embeddable":true,"href":"https:\/\/roveyayinevi.com.tr\/index.php\/wp-json\/wp\/v2\/product_cat?post=712178"},{"taxonomy":"product_tag","embeddable":true,"href":"https:\/\/roveyayinevi.com.tr\/index.php\/wp-json\/wp\/v2\/product_tag?post=712178"}],"curies":[{"name":"wp","href":"https:\/\/api.w.org\/{rel}","templated":true}]}}