{"id":712177,"date":"2025-08-27T16:53:02","date_gmt":"2025-08-27T13:53:02","guid":{"rendered":"https:\/\/roveyayinevi.com.tr\/index.php\/urun\/hukuk-uzerine-adalet-kamu-duzeni-devletin-gelirleri-ve-silahli-gucler\/"},"modified":"2026-04-16T02:20:40","modified_gmt":"2026-04-15T23:20:40","slug":"hukuk-uzerine-adalet-kamu-duzeni-devletin-gelirleri-ve-silahli-gucler","status":"publish","type":"product","link":"https:\/\/roveyayinevi.com.tr\/index.php\/urun\/hukuk-uzerine-adalet-kamu-duzeni-devletin-gelirleri-ve-silahli-gucler\/","title":{"rendered":"Hukuk \u00dczerine &#8211; Adalet, Kamu D\u00fczeni, Devletin Gelirleri ve Silahl\u0131 G\u00fc\u00e7ler"},"content":{"rendered":"<p>Modern iktisad\u0131n kurucusu, ahl\u00e2k felsefecisi, \u0130sko\u00e7 Ayd\u0131nlanmas\u0131\u2019n\u0131n \u00f6nemli fig\u00fcr\u00fc Adam Smith, iktisat alan\u0131nda Milletlerin Zenginli\u011fi; ahl\u00e2k alan\u0131nda ise Ahl\u00e2ki Duygular Kuram\u0131 eserleri ile biliniyor. Oysa bu eserlerin her biri, Smith\u2019in sosyal bilimlerin hemen her alan\u0131na temas eden bir perspektife sahip oldu\u011funu ortaya koyuyor. Smith\u2019in her iki kitapta da, m\u00fcnhas\u0131r bir hukuk eseri yay\u0131mlama veya en az\u0131ndan yay\u0131mlam\u0131\u015f oldu\u011fu kitaplar\u0131n sonraki bask\u0131lar\u0131nda bir hukuk b\u00f6l\u00fcm\u00fc ekleme arzusundan s\u00f6z etti\u011fini; ancak bu arzuyu ger\u00e7ekle\u015ftiremedi\u011fini biliyoruz. Smith\u2019in Glasgow \u00dcniversitesi\u2019nde verdi\u011fi derslerin kay\u0131tlar\u0131n\u0131n titiz bir ara\u015ft\u0131rmayla yazar\u0131n di\u011fer eserleri ve notlarda g\u00f6nderme yap\u0131lan tarihi olaylar\u0131n do\u011frulu\u011fu ile kar\u015f\u0131la\u015ft\u0131r\u0131lmas\u0131 sonucunda ortaya \u00e7\u0131kan bu eser Milletlerin Zenginli\u011fi\u2019ni a\u00e7\u0131klamakla kalm\u0131yor; ahl\u00e2k felsefesi dersinin \u00fc\u00e7\u00fcnc\u00fc ve d\u00f6rd\u00fcnc\u00fc b\u00f6l\u00fcmlerini olu\u015fturuyor ve Ahl\u00e2ki Duygular Kuram\u0131\u2019n\u0131n son sayfas\u0131nda gelecekte yapmay\u0131 planlad\u0131\u011f\u0131n\u0131 s\u00f6yledi\u011fi \u2018\u201dhukuk ve y\u00f6netimin genel prensiplerinin a\u00e7\u0131klamas\u0131n\u0131n\u201d veya \u201chukukun tarihinin\u201d de taslaklar\u0131 olarak kar\u015f\u0131m\u0131za \u00e7\u0131k\u0131yor. <\/p>\n","protected":false},"excerpt":{"rendered":"<p>Modern iktisad\u0131n kurucusu, ahl\u00e2k felsefecisi, \u0130sko\u00e7 Ayd\u0131nlanmas\u0131\u2019n\u0131n \u00f6nemli fig\u00fcr\u00fc Adam Smith, iktisat alan\u0131nda Milletlerin Zenginli\u011fi; ahl\u00e2k alan\u0131nda ise Ahl\u00e2ki Duygular Kuram\u0131 eserleri ile biliniyor. Oysa bu<span class=\"excerpt-hellip\"> [\u2026]<\/span><\/p>\n","protected":false},"featured_media":0,"template":"","meta":{"_monsterinsights_skip_tracking":false,"_monsterinsights_sitenote_active":false,"_monsterinsights_sitenote_note":"","_monsterinsights_sitenote_category":0},"product_brand":[],"product_cat":[12388,15536],"product_tag":[],"class_list":{"0":"post-712177","1":"product","2":"type-product","3":"status-publish","5":"product_cat-felsefe","6":"product_cat-siyaset-felsefesi","7":"pa_cilt-ciltsiz","8":"pa_tur-kitap","9":"pa_yayinevi-pinhan-yayincilik","10":"pa_yazar-adam-smith","12":"first","13":"instock","14":"sale","15":"shipping-taxable","16":"purchasable","17":"product-type-simple"},"_links":{"self":[{"href":"https:\/\/roveyayinevi.com.tr\/index.php\/wp-json\/wp\/v2\/product\/712177","targetHints":{"allow":["GET"]}}],"collection":[{"href":"https:\/\/roveyayinevi.com.tr\/index.php\/wp-json\/wp\/v2\/product"}],"about":[{"href":"https:\/\/roveyayinevi.com.tr\/index.php\/wp-json\/wp\/v2\/types\/product"}],"wp:attachment":[{"href":"https:\/\/roveyayinevi.com.tr\/index.php\/wp-json\/wp\/v2\/media?parent=712177"}],"wp:term":[{"taxonomy":"product_brand","embeddable":true,"href":"https:\/\/roveyayinevi.com.tr\/index.php\/wp-json\/wp\/v2\/product_brand?post=712177"},{"taxonomy":"product_cat","embeddable":true,"href":"https:\/\/roveyayinevi.com.tr\/index.php\/wp-json\/wp\/v2\/product_cat?post=712177"},{"taxonomy":"product_tag","embeddable":true,"href":"https:\/\/roveyayinevi.com.tr\/index.php\/wp-json\/wp\/v2\/product_tag?post=712177"}],"curies":[{"name":"wp","href":"https:\/\/api.w.org\/{rel}","templated":true}]}}