{"id":712176,"date":"2025-08-27T16:53:02","date_gmt":"2025-08-27T13:53:02","guid":{"rendered":"https:\/\/roveyayinevi.com.tr\/index.php\/urun\/denemeler-5\/"},"modified":"2026-04-16T02:20:40","modified_gmt":"2026-04-15T23:20:40","slug":"denemeler-5","status":"publish","type":"product","link":"https:\/\/roveyayinevi.com.tr\/index.php\/urun\/denemeler-5\/","title":{"rendered":"Denemeler"},"content":{"rendered":"<p>Ayd\u0131nlanma felsefesinin kurucu fig\u00fcrleri aras\u0131nda bulunan David Hume sadece metafizik alan\u0131nda de\u011fil ayn\u0131 zamanda edebi, k\u00fclt\u00fcrel, tarihsel, estetik ve hatta demografik konularda da yenilik\u00e7i bir otorite oldu\u011funu bu denemelerle ortaya koyuyor. Hume\u2019un farkl\u0131 alanlar \u00fczerine \u00fcretti\u011fi yaz\u0131lardan derlenen bu eser bir yandan filozofun zorlu felsefesini kavramak i\u00e7in ipu\u00e7lar\u0131 sunarken di\u011fer yandan ya\u015fad\u0131\u011f\u0131 \u00e7a\u011f\u0131n anla\u015f\u0131lmas\u0131 i\u00e7in bir ufuk kazand\u0131r\u0131yor. <\/p>\n","protected":false},"excerpt":{"rendered":"<p>Ayd\u0131nlanma felsefesinin kurucu fig\u00fcrleri aras\u0131nda bulunan David Hume sadece metafizik alan\u0131nda de\u011fil ayn\u0131 zamanda edebi, k\u00fclt\u00fcrel, tarihsel, estetik ve hatta demografik konularda da yenilik\u00e7i bir otorite<span class=\"excerpt-hellip\"> [\u2026]<\/span><\/p>\n","protected":false},"featured_media":0,"template":"","meta":{"_monsterinsights_skip_tracking":false,"_monsterinsights_sitenote_active":false,"_monsterinsights_sitenote_note":"","_monsterinsights_sitenote_category":0},"product_brand":[],"product_cat":[12388,13555],"product_tag":[],"class_list":{"0":"post-712176","1":"product","2":"type-product","3":"status-publish","5":"product_cat-felsefe","6":"product_cat-genel-felsefe","7":"pa_cilt-ciltsiz","8":"pa_tur-kitap","9":"pa_yayinevi-pinhan-yayincilik","10":"pa_yazar-david-hume","12":"first","13":"instock","14":"sale","15":"shipping-taxable","16":"purchasable","17":"product-type-simple"},"_links":{"self":[{"href":"https:\/\/roveyayinevi.com.tr\/index.php\/wp-json\/wp\/v2\/product\/712176","targetHints":{"allow":["GET"]}}],"collection":[{"href":"https:\/\/roveyayinevi.com.tr\/index.php\/wp-json\/wp\/v2\/product"}],"about":[{"href":"https:\/\/roveyayinevi.com.tr\/index.php\/wp-json\/wp\/v2\/types\/product"}],"wp:attachment":[{"href":"https:\/\/roveyayinevi.com.tr\/index.php\/wp-json\/wp\/v2\/media?parent=712176"}],"wp:term":[{"taxonomy":"product_brand","embeddable":true,"href":"https:\/\/roveyayinevi.com.tr\/index.php\/wp-json\/wp\/v2\/product_brand?post=712176"},{"taxonomy":"product_cat","embeddable":true,"href":"https:\/\/roveyayinevi.com.tr\/index.php\/wp-json\/wp\/v2\/product_cat?post=712176"},{"taxonomy":"product_tag","embeddable":true,"href":"https:\/\/roveyayinevi.com.tr\/index.php\/wp-json\/wp\/v2\/product_tag?post=712176"}],"curies":[{"name":"wp","href":"https:\/\/api.w.org\/{rel}","templated":true}]}}