{"id":712175,"date":"2025-08-27T16:53:01","date_gmt":"2025-08-27T13:53:01","guid":{"rendered":"https:\/\/roveyayinevi.com.tr\/index.php\/urun\/antik-caglardan-gunumuze-icatlarin-oykusu\/"},"modified":"2026-04-16T02:20:40","modified_gmt":"2026-04-15T23:20:40","slug":"antik-caglardan-gunumuze-icatlarin-oykusu","status":"publish","type":"product","link":"https:\/\/roveyayinevi.com.tr\/index.php\/urun\/antik-caglardan-gunumuze-icatlarin-oykusu\/","title":{"rendered":"Antik \u00c7a\u011flardan G\u00fcn\u00fcm\u00fcze, \u0130catlar\u0131n \u00d6yk\u00fcs\u00fc"},"content":{"rendered":"<p>Homo sapiens olarak da bilinen ilk insanlar\u0131n iki y\u00fcz bin y\u0131l \u00f6nceAfrika k\u0131tas\u0131nda evrimle\u015fti\u011fine inan\u0131l\u0131r. \u0130nsanlar\u0131n basit ara\u00e7gere\u00e7lerle ba\u015flayan icat yolculu\u011fu hayal bile edemedi\u011fimiz birseviyeye ula\u015ft\u0131. Her ge\u00e7en g\u00fcn yeni ba\u015far\u0131lara do\u011fru ilerleyenbir tarihin kayd\u0131n\u0131 tutmak zor. Ama Profes\u00f6r Shobhit Mahajanbunu ustal\u0131kl\u0131 bir \u015fekilde yap\u0131yor. \u0130nsanlar\u0131n dehas\u0131n\u0131n somut\u00f6rneklerini g\u00f6rd\u00fc\u011f\u00fcm\u00fcz icatlar d\u00fcnyas\u0131n\u0131n izini tarih\u00f6ncesindens\u00fcrmeye ba\u015flay\u0131p 21. y\u00fczy\u0131la kadar getiriyor. \u0130lk baltalar, ilktar\u0131m aletleri, ilk buharl\u0131 makineler, ilk bilgisayarlar; ula\u015f\u0131mdakiilerlemeler, genetik bilimindeki yenilikler, g\u00fcn\u00fcm\u00fczde yoklu\u011funubile d\u00fc\u015f\u00fcnemeyecek kadar normalle\u015ftirdi\u011fimiz teknolojikaletlerin ilk ad\u0131mlar\u0131\u2026Hepsi \u0130catlar\u0131n \u00d6yk\u00fcs\u00fc\u2019nde t\u00fcm ayr\u0131nt\u0131lar\u0131yla anlat\u0131l\u0131yor, hersayfay\u0131 tarihin \u00f6nemli bir an\u0131 s\u00fcsl\u00fcyor. Siz de bu anlara \u015fahit olupufak bir zaman yolculu\u011funa \u00e7\u0131kmak istemez misiniz? <\/p>\n","protected":false},"excerpt":{"rendered":"<p>Homo sapiens olarak da bilinen ilk insanlar\u0131n iki y\u00fcz bin y\u0131l \u00f6nceAfrika k\u0131tas\u0131nda evrimle\u015fti\u011fine inan\u0131l\u0131r. \u0130nsanlar\u0131n basit ara\u00e7gere\u00e7lerle ba\u015flayan icat yolculu\u011fu hayal bile edemedi\u011fimiz birseviyeye ula\u015ft\u0131.<span class=\"excerpt-hellip\"> [\u2026]<\/span><\/p>\n","protected":false},"featured_media":0,"template":"","meta":{"_monsterinsights_skip_tracking":false,"_monsterinsights_sitenote_active":false,"_monsterinsights_sitenote_note":"","_monsterinsights_sitenote_category":0},"product_brand":[],"product_cat":[12370,12304],"product_tag":[],"class_list":{"0":"post-712175","1":"product","2":"type-product","3":"status-publish","5":"product_cat-arastirma-inceleme","6":"product_cat-tarih","7":"pa_cilt-ciltsiz","8":"pa_tur-kitap","9":"pa_yayinevi-hep-kitap","10":"pa_yazar-shobhit-mahajan","12":"first","13":"instock","14":"sale","15":"shipping-taxable","16":"purchasable","17":"product-type-simple"},"_links":{"self":[{"href":"https:\/\/roveyayinevi.com.tr\/index.php\/wp-json\/wp\/v2\/product\/712175","targetHints":{"allow":["GET"]}}],"collection":[{"href":"https:\/\/roveyayinevi.com.tr\/index.php\/wp-json\/wp\/v2\/product"}],"about":[{"href":"https:\/\/roveyayinevi.com.tr\/index.php\/wp-json\/wp\/v2\/types\/product"}],"wp:attachment":[{"href":"https:\/\/roveyayinevi.com.tr\/index.php\/wp-json\/wp\/v2\/media?parent=712175"}],"wp:term":[{"taxonomy":"product_brand","embeddable":true,"href":"https:\/\/roveyayinevi.com.tr\/index.php\/wp-json\/wp\/v2\/product_brand?post=712175"},{"taxonomy":"product_cat","embeddable":true,"href":"https:\/\/roveyayinevi.com.tr\/index.php\/wp-json\/wp\/v2\/product_cat?post=712175"},{"taxonomy":"product_tag","embeddable":true,"href":"https:\/\/roveyayinevi.com.tr\/index.php\/wp-json\/wp\/v2\/product_tag?post=712175"}],"curies":[{"name":"wp","href":"https:\/\/api.w.org\/{rel}","templated":true}]}}