{"id":712173,"date":"2025-08-27T16:53:00","date_gmt":"2025-08-27T13:53:00","guid":{"rendered":"https:\/\/roveyayinevi.com.tr\/index.php\/urun\/israil-hakkinda-on-mit\/"},"modified":"2026-04-16T02:20:40","modified_gmt":"2026-04-15T23:20:40","slug":"israil-hakkinda-on-mit","status":"publish","type":"product","link":"https:\/\/roveyayinevi.com.tr\/index.php\/urun\/israil-hakkinda-on-mit\/","title":{"rendered":"\u0130srail Hakk\u0131nda On Mit"},"content":{"rendered":"<p>\u0130SRA\u0130L DEVLET\u0130N\u0130N ARKASINDAK\u0130 ON M\u0130T VE GER\u00c7EKLER\u2026 &#8220;Ilan Pappe, \u0130srail\u2019in en cesur ve ilkeli tarih\u00e7isidir.&#8221; John Pilger &#8220;S\u00fcrg\u00fcnde ya\u015fayan ve \u0130srail\u2019in politikalar\u0131na kar\u015f\u0131 \u00e7\u0131kan en \u00f6nemli tarih\u00e7i\u2026 Ayn\u0131 zamanda ger\u00e7ek bilgiyle ve empati kurarak Filistin&#8217;den yana yazan az say\u0131da \u0130srailliden biri.&#8221; Avi Shlaim, Guardian   &#8220;\u0130srail Hakk\u0131nda On Mit, Filistin kurtulu\u015f m\u00fccadelesiyle yeni ilgilenmeye ba\u015flayanlar i\u00e7in kullan\u0131\u015fl\u0131 bir giri\u015f kitab\u0131, ama ayn\u0131 zamanda bundan daha fazlas\u0131. Pappe&#8217;nin kitab\u0131, \u0130srail\u2019in kurucu mitlerinin, Filistin halk\u0131 \u00fczerindeki bask\u0131y\u0131 devam ettirmek i\u00e7in bir propaganda arac\u0131 olarak nas\u0131l da &#8220;ikna edici&#8221; ve basit bir \u015fekilde kullan\u0131ld\u0131\u011f\u0131n\u0131 a\u00e7\u0131klamak isteyen &#8220;k\u0131demli&#8221; ilgililer i\u00e7in de de\u011ferli bir kaynak sa\u011fl\u0131yor.&#8221; Electronic Intifada   \u0130srailli tarih\u00e7i Ilan Pappe, i\u015fgalin 50. y\u0131l\u0131nda yay\u0131mlanan bu ezber bozan kitab\u0131nda, g\u00fcn\u00fcm\u00fczdeki \u0130srail devletinin kimli\u011fine ve k\u00f6kenlerine dair en tart\u0131\u015fmal\u0131 konulan ele al\u0131yor. Ilan Pappe&#8217;nin inceledi\u011fi, medya taraf\u0131ndan bitmek t\u00fckenmek bilmeden her g\u00fcn tekrarlanan, askeri bask\u0131yla dikte edilen ve d\u00fcnya h\u00fck\u00fcmetleri taraf\u0131ndan sorgusuz sualsiz kabul edilen &#8220;on mit,&#8221; b\u00f6lgesel stat\u00fckoyu g\u00fc\u00e7lendirmeye yar\u0131yor. Pappe, bir yandan Balfour Deklerasyonu d\u00f6neminde Filistin\u2019in bo\u015f bir \u00fclke oldu\u011fu iddias\u0131n\u0131 sorgularken, di\u011fer yandan Siyonizmin olu\u015fumu ve ulus in\u015fas\u0131n\u0131n erken d\u00f6nemlerindeki rol\u00fcn\u00fc de masaya yat\u0131r\u0131yor. Filistinlilerin 1948&#8217;de, anavatanlar\u0131n\u0131 g\u00f6n\u00fcll\u00fc bir \u015fekilde terk ettikleri iddias\u0131na yan\u0131t verirken, Haziran 1967 sava\u015f\u0131n\u0131n &#8220;se\u00e7eneksiz bir sava\u015f\u201d oldu\u011fu tezine de kar\u015f\u0131 \u00e7\u0131k\u0131yor. \u0130srail Hakk\u0131nda On Mit, g\u00fcn\u00fcm\u00fczde de s\u00fcrekli olarak g\u00fcndeme gelen, Kud\u00fcs&#8217;\u00fcn stat\u00fcs\u00fc, yerle\u015fim yerleri, i\u015fgal ve s\u00f6m\u00fcrgele\u015ftirme politikalar\u0131, Yahudilerin \u00fclkesiz bir halk oldu\u011fu, Siyonizm, Musevilik ve s\u00f6m\u00fcrgecilik ili\u015fkisi, \u0130srail\u2019in Ortado\u011fu&#8217;daki tek demokrasi oldu\u011fu iddias\u0131, Oslo Bar\u0131\u015f G\u00f6r\u00fc\u015fmeleri, Gazze, \u0130ki Devletli \u00c7\u00f6z\u00fcm gibi konular\u0131 masaya yat\u0131r\u0131yor. <\/p>\n","protected":false},"excerpt":{"rendered":"<p>\u0130SRA\u0130L DEVLET\u0130N\u0130N ARKASINDAK\u0130 ON M\u0130T VE GER\u00c7EKLER\u2026 &#8220;Ilan Pappe, \u0130srail\u2019in en cesur ve ilkeli tarih\u00e7isidir.&#8221; John Pilger &#8220;S\u00fcrg\u00fcnde ya\u015fayan ve \u0130srail\u2019in politikalar\u0131na kar\u015f\u0131 \u00e7\u0131kan en \u00f6nemli<span class=\"excerpt-hellip\"> [\u2026]<\/span><\/p>\n","protected":false},"featured_media":0,"template":"","meta":{"_monsterinsights_skip_tracking":false,"_monsterinsights_sitenote_active":false,"_monsterinsights_sitenote_note":"","_monsterinsights_sitenote_category":0},"product_brand":[],"product_cat":[12370,12304],"product_tag":[],"class_list":{"0":"post-712173","1":"product","2":"type-product","3":"status-publish","5":"product_cat-arastirma-inceleme","6":"product_cat-tarih","7":"pa_cilt-ciltsiz","8":"pa_tur-kitap","9":"pa_yayinevi-nika-yayinevi","10":"pa_yazar-ilan-pappe","12":"first","13":"instock","14":"sale","15":"shipping-taxable","16":"purchasable","17":"product-type-simple"},"_links":{"self":[{"href":"https:\/\/roveyayinevi.com.tr\/index.php\/wp-json\/wp\/v2\/product\/712173","targetHints":{"allow":["GET"]}}],"collection":[{"href":"https:\/\/roveyayinevi.com.tr\/index.php\/wp-json\/wp\/v2\/product"}],"about":[{"href":"https:\/\/roveyayinevi.com.tr\/index.php\/wp-json\/wp\/v2\/types\/product"}],"wp:attachment":[{"href":"https:\/\/roveyayinevi.com.tr\/index.php\/wp-json\/wp\/v2\/media?parent=712173"}],"wp:term":[{"taxonomy":"product_brand","embeddable":true,"href":"https:\/\/roveyayinevi.com.tr\/index.php\/wp-json\/wp\/v2\/product_brand?post=712173"},{"taxonomy":"product_cat","embeddable":true,"href":"https:\/\/roveyayinevi.com.tr\/index.php\/wp-json\/wp\/v2\/product_cat?post=712173"},{"taxonomy":"product_tag","embeddable":true,"href":"https:\/\/roveyayinevi.com.tr\/index.php\/wp-json\/wp\/v2\/product_tag?post=712173"}],"curies":[{"name":"wp","href":"https:\/\/api.w.org\/{rel}","templated":true}]}}