{"id":712172,"date":"2025-08-27T16:53:00","date_gmt":"2025-08-27T13:53:00","guid":{"rendered":"https:\/\/roveyayinevi.com.tr\/index.php\/urun\/toplumsal-cinsiyet-farkli-disiplinlerden-yaklasimlar\/"},"modified":"2026-04-16T02:20:40","modified_gmt":"2026-04-15T23:20:40","slug":"toplumsal-cinsiyet-farkli-disiplinlerden-yaklasimlar","status":"publish","type":"product","link":"https:\/\/roveyayinevi.com.tr\/index.php\/urun\/toplumsal-cinsiyet-farkli-disiplinlerden-yaklasimlar\/","title":{"rendered":"Toplumsal Cinsiyet &amp; Farkl\u0131 Disiplinlerden Yakla\u015f\u0131mlar"},"content":{"rendered":"<p>Toplumsal cinsiyet konusu, bug\u00fcne kadar bir ya da birka\u00e7 disiplini birlikte i\u00e7erecek \u015fekilde \u00e7ok say\u0131da \u00e7al\u0131\u015fmada ele al\u0131nm\u0131\u015ft\u0131r. Ancak, farkl\u0131 disiplinlerin toplumsal cinsiyet tart\u0131\u015fmalar\u0131n\u0131n bir arada de\u011ferlendirildi\u011fi \u00e7al\u0131\u015fma say\u0131s\u0131 yok denecek kadar azd\u0131r. Son d\u00f6nem akademi d\u00fcnyas\u0131nda kad\u0131n ara\u015ft\u0131rma merkezlerinin say\u0131s\u0131n\u0131n artmas\u0131, \u00fcniversitelerde feminist \u00f6\u011frenci \u00f6rg\u00fctlenmelerinin yayg\u0131nla\u015fmas\u0131, toplumsal cinsiyet e\u015fitli\u011finin her y\u0131l daha fazla say\u0131da fak\u00fcltede ders olarak okutulmas\u0131 gibi feminist \u00e7al\u0131\u015fmalar\u0131n T\u00fcrkiye akademisinde artarak kabul g\u00f6rmesi, toplumsal cinsiyet tart\u0131\u015fmalar\u0131n\u0131n fark\u0131 disiplinlerde ele al\u0131nma bi\u00e7imlerinin ara\u015ft\u0131r\u0131lmas\u0131n\u0131 gerekli k\u0131lmaktad\u0131r. Bu ama\u00e7la bir araya gelen amat\u00f6r ruhlu kad\u0131nlar, farkl\u0131 disiplinlerde \u00fcreten di\u011fer kad\u0131nlarla da bulu\u015farak bir kitap \u00e7al\u0131\u015fmas\u0131 yapmaya karar verdi. Bu \u00e7al\u0131\u015fmada, ekonomiden medyaya, sosyolojiden m\u00fchendisli\u011fe kadar pek \u00e7ok disiplinde toplumsal cinsiyet tart\u0131\u015fmalar\u0131n\u0131n farkl\u0131 ele al\u0131n\u0131\u015flar\u0131 irdelenmektedir. Akademi ve sivil toplum alanlar\u0131nda, toplumsal cinsiyet konusunda emek vermi\u015f \u00e7ok say\u0131da kad\u0131n\u0131n ara\u015ft\u0131rmalar\u0131ndan olu\u015fan bu derlemenin, toplumsal cinsiyet tart\u0131\u015fmalar\u0131na katk\u0131 sa\u011flamas\u0131 hedeflenmi\u015ftir. <\/p>\n","protected":false},"excerpt":{"rendered":"<p>Toplumsal cinsiyet konusu, bug\u00fcne kadar bir ya da birka\u00e7 disiplini birlikte i\u00e7erecek \u015fekilde \u00e7ok say\u0131da \u00e7al\u0131\u015fmada ele al\u0131nm\u0131\u015ft\u0131r. Ancak, farkl\u0131 disiplinlerin toplumsal cinsiyet tart\u0131\u015fmalar\u0131n\u0131n bir arada<span class=\"excerpt-hellip\"> [\u2026]<\/span><\/p>\n","protected":false},"featured_media":0,"template":"","meta":{"_monsterinsights_skip_tracking":false,"_monsterinsights_sitenote_active":false,"_monsterinsights_sitenote_note":"","_monsterinsights_sitenote_category":0},"product_brand":[],"product_cat":[12312,12304],"product_tag":[],"class_list":{"0":"post-712172","1":"product","2":"type-product","3":"status-publish","5":"product_cat-diger","6":"product_cat-tarih","7":"pa_cilt-ciltsiz","8":"pa_tur-kitap","9":"pa_yayinevi-nika-yayinevi","10":"pa_yazar-derya-altun-huriye-toker","12":"first","13":"instock","14":"sale","15":"shipping-taxable","16":"purchasable","17":"product-type-simple"},"_links":{"self":[{"href":"https:\/\/roveyayinevi.com.tr\/index.php\/wp-json\/wp\/v2\/product\/712172","targetHints":{"allow":["GET"]}}],"collection":[{"href":"https:\/\/roveyayinevi.com.tr\/index.php\/wp-json\/wp\/v2\/product"}],"about":[{"href":"https:\/\/roveyayinevi.com.tr\/index.php\/wp-json\/wp\/v2\/types\/product"}],"wp:attachment":[{"href":"https:\/\/roveyayinevi.com.tr\/index.php\/wp-json\/wp\/v2\/media?parent=712172"}],"wp:term":[{"taxonomy":"product_brand","embeddable":true,"href":"https:\/\/roveyayinevi.com.tr\/index.php\/wp-json\/wp\/v2\/product_brand?post=712172"},{"taxonomy":"product_cat","embeddable":true,"href":"https:\/\/roveyayinevi.com.tr\/index.php\/wp-json\/wp\/v2\/product_cat?post=712172"},{"taxonomy":"product_tag","embeddable":true,"href":"https:\/\/roveyayinevi.com.tr\/index.php\/wp-json\/wp\/v2\/product_tag?post=712172"}],"curies":[{"name":"wp","href":"https:\/\/api.w.org\/{rel}","templated":true}]}}