{"id":712171,"date":"2025-08-27T16:52:59","date_gmt":"2025-08-27T13:52:59","guid":{"rendered":"https:\/\/roveyayinevi.com.tr\/index.php\/urun\/makbul-alevilik-bir-asimilasyon-modeli\/"},"modified":"2026-04-16T02:20:40","modified_gmt":"2026-04-15T23:20:40","slug":"makbul-alevilik-bir-asimilasyon-modeli","status":"publish","type":"product","link":"https:\/\/roveyayinevi.com.tr\/index.php\/urun\/makbul-alevilik-bir-asimilasyon-modeli\/","title":{"rendered":"Makbul Alevilik &#8211; Bir Asimilasyon Modeli"},"content":{"rendered":"<p>Alevili\u011fin yeniden kurgulanmas\u0131, modernle\u015fme s\u00fcrecinin do\u011fal bir sonucu olarak ger\u00e7ekle\u015firken, di\u011fer yandan bu kurgunun uleman\u0131n Ortodoks \u0130slam anlay\u0131\u015f\u0131na g\u00f6re yap\u0131lmas\u0131, Alevili\u011fin i\u00e7inin bo\u015falt\u0131lmas\u0131 anlam\u0131na gelmektedir. Nitekim ge\u00e7mi\u015ften g\u00fcn\u00fcm\u00fcze hep muktedir olan g\u00fc\u00e7, Alevilerin \u00f6zg\u00fcn bir ibadet mekan\u0131n\u0131n tan\u0131nmas\u0131 veya inanc\u0131 ya\u015fay\u0131\u015f \u00f6zg\u00fcrl\u00fc\u011f\u00fc gibi en temel konularda bile mutlak g\u00fcc\u00fcne asimile etti\u011fi kendi &#8220;rol model&#8221; Alevilerini yaratm\u0131\u015ft\u0131r. B\u00f6ylece &#8220;\u0130yi Alevi-K\u00f6t\u00fc Alevi&#8221; \u015feklindeki ayr\u0131mlarla, \u00f6zg\u00fcrl\u00fck beklenen en temel haklar\u0131n varl\u0131\u011f\u0131 dahi ulema referansl\u0131 bir teolojik varolu\u015f sorunsal\u0131na b\u00fcr\u00fcnm\u00fc\u015ft\u00fcr. Makbul Alevilik i\u00e7erisinde rol alan veya buna kar\u015f\u0131 direnen kurumsal akt\u00f6rlerin teknikleri ve klasik yakla\u015f\u0131mlar\u0131n\u0131n \u00e7e\u015fitli \u00f6rneklerle ele al\u0131nd\u0131\u011f\u0131 bu kitapta, ayr\u0131ca Alevi asimilasyonunun sosyo-psikolojik temelleri, ge\u00e7mi\u015ften g\u00fcn\u00fcm\u00fcze Alevi asimilasyonunun \u00f6rnekleri, asimilasyon tuzaklar\u0131na kar\u015f\u0131 Alevi \u00f6rg\u00fctlenmelerinin duru\u015fu, \u015eiac\u0131 ve S\u00fcnnici s\u00f6zde Alevilerin asimilasyon \u00e7al\u0131\u015fmalar\u0131, F ethullah G\u00fclen cemaatinin Alevi planlar\u0131 ve Cami-Cemevi projesi, Alevilerin T\u00fcrkiye genelindeki yerle\u015fim haritalar\u0131 ve Alevi n\u00fcfusunun azalmas\u0131n\u0131n nedenleri ele al\u0131nmaktad\u0131r. <\/p>\n","protected":false},"excerpt":{"rendered":"<p>Alevili\u011fin yeniden kurgulanmas\u0131, modernle\u015fme s\u00fcrecinin do\u011fal bir sonucu olarak ger\u00e7ekle\u015firken, di\u011fer yandan bu kurgunun uleman\u0131n Ortodoks \u0130slam anlay\u0131\u015f\u0131na g\u00f6re yap\u0131lmas\u0131, Alevili\u011fin i\u00e7inin bo\u015falt\u0131lmas\u0131 anlam\u0131na gelmektedir. Nitekim<span class=\"excerpt-hellip\"> [\u2026]<\/span><\/p>\n","protected":false},"featured_media":0,"template":"","meta":{"_monsterinsights_skip_tracking":false,"_monsterinsights_sitenote_active":false,"_monsterinsights_sitenote_note":"","_monsterinsights_sitenote_category":0},"product_brand":[],"product_cat":[13575,12718,12719],"product_tag":[],"class_list":{"0":"post-712171","1":"product","2":"type-product","3":"status-publish","5":"product_cat-alevilik-bektasilik","6":"product_cat-din","7":"product_cat-islam","8":"pa_cilt-ciltsiz","9":"pa_tur-kitap","10":"pa_yayinevi-nika-yayinevi","11":"pa_yazar-ozcan-ogut","13":"first","14":"instock","15":"sale","16":"shipping-taxable","17":"purchasable","18":"product-type-simple"},"_links":{"self":[{"href":"https:\/\/roveyayinevi.com.tr\/index.php\/wp-json\/wp\/v2\/product\/712171","targetHints":{"allow":["GET"]}}],"collection":[{"href":"https:\/\/roveyayinevi.com.tr\/index.php\/wp-json\/wp\/v2\/product"}],"about":[{"href":"https:\/\/roveyayinevi.com.tr\/index.php\/wp-json\/wp\/v2\/types\/product"}],"wp:attachment":[{"href":"https:\/\/roveyayinevi.com.tr\/index.php\/wp-json\/wp\/v2\/media?parent=712171"}],"wp:term":[{"taxonomy":"product_brand","embeddable":true,"href":"https:\/\/roveyayinevi.com.tr\/index.php\/wp-json\/wp\/v2\/product_brand?post=712171"},{"taxonomy":"product_cat","embeddable":true,"href":"https:\/\/roveyayinevi.com.tr\/index.php\/wp-json\/wp\/v2\/product_cat?post=712171"},{"taxonomy":"product_tag","embeddable":true,"href":"https:\/\/roveyayinevi.com.tr\/index.php\/wp-json\/wp\/v2\/product_tag?post=712171"}],"curies":[{"name":"wp","href":"https:\/\/api.w.org\/{rel}","templated":true}]}}