{"id":712168,"date":"2025-08-27T16:52:58","date_gmt":"2025-08-27T13:52:58","guid":{"rendered":"https:\/\/roveyayinevi.com.tr\/index.php\/urun\/sehir-yasami-ve-diger-seyler\/"},"modified":"2026-04-16T02:20:40","modified_gmt":"2026-04-15T23:20:40","slug":"sehir-yasami-ve-diger-seyler","status":"publish","type":"product","link":"https:\/\/roveyayinevi.com.tr\/index.php\/urun\/sehir-yasami-ve-diger-seyler\/","title":{"rendered":"\u015eehir Ya\u015fam\u0131 ve Di\u011fer \u015eeyler"},"content":{"rendered":"<p>\u201cP\u0131t\u0131rc\u0131k\u201d serisi ile tan\u0131nan Frans\u0131z karikat\u00fcrist Jean-Jacques Semp\u00e9\u2019den, \u015fehir ya\u015fam\u0131n\u0131 muzip bir \u015fekilde ele alan \u00f6zel bir koleksiyon kitap: \u015eehir Ya\u015fam\u0131 ve di\u011fer \u015feyler\u015eehirde ya\u015fayan insanlar\u0131n g\u00fcndelik ko\u015fu\u015fturmacalar\u0131 ve a\u00e7mazlar\u0131yla kentlerin ge\u00e7irdi\u011fi mimari d\u00f6n\u00fc\u015f\u00fcm\u00fc mizahla yorumlayan, her ya\u015ftan okura seslenen usta i\u015fi karikat\u00fcrler. \u0130\u00e7inde ya\u015fad\u0131\u011f\u0131m\u0131z \u00e7a\u011fa n\u00fcktedan bir g\u00f6zle yeniden bakmam\u0131z\u0131 sa\u011flayan Semp\u00e9, \u00e7o\u011fu zaman s\u00f6zs\u00fcz, yer yer k\u0131sa c\u00fcmlelerle tamamlad\u0131\u011f\u0131 karikat\u00fcrleriyle ince ince g\u00fcld\u00fcr\u00fcyor; geni\u015f geni\u015f d\u00fc\u015f\u00fcnd\u00fcr\u00fcyor. Semp\u00e9\u2019nin yaratt\u0131\u011f\u0131 karikat\u00fcr evreni, kimi zaman kalabal\u0131klar\u0131n dolup ta\u015f\u0131rd\u0131\u011f\u0131 bir otob\u00fcste, kimi zaman kar\u015f\u0131 apartmana ta\u015f\u0131nan yeni evli bir \u00e7iftin dairesinde, kimi zamansa bir duvar aynas\u0131yla selamla\u015fan kibar bir beyefendinin merakl\u0131 bak\u0131\u015flar\u0131nda hayat buluyor. \u00c7oksatan kitaplar\u0131 ve sansasyonel karikat\u00fcr \u00e7al\u0131\u015fmalar\u0131n\u0131n yan\u0131 s\u0131ra New York Times, Paris Match, New Yorker gibi gazete ve dergilere yapt\u0131\u011f\u0131 \u00e7izimlerle tan\u0131nan Semp\u00e9, \u015eehir Ya\u015fam\u0131 ve di\u011fer \u015feyler\u2019de, kentin ke\u015fmeke\u015finde kaybolan ve kalabal\u0131klar i\u00e7inde kendini alabildi\u011fine yaln\u0131z hisseden \u201cmodern\u201d \u015fehir insan\u0131n\u0131, yal\u0131n \u00e7izgiler kullanarak derinlikli bir \u015fekilde yans\u0131t\u0131yor. <\/p>\n","protected":false},"excerpt":{"rendered":"<p>\u201cP\u0131t\u0131rc\u0131k\u201d serisi ile tan\u0131nan Frans\u0131z karikat\u00fcrist Jean-Jacques Semp\u00e9\u2019den, \u015fehir ya\u015fam\u0131n\u0131 muzip bir \u015fekilde ele alan \u00f6zel bir koleksiyon kitap: \u015eehir Ya\u015fam\u0131 ve di\u011fer \u015feyler\u015eehirde ya\u015fayan insanlar\u0131n<span class=\"excerpt-hellip\"> [\u2026]<\/span><\/p>\n","protected":false},"featured_media":0,"template":"","meta":{"_monsterinsights_skip_tracking":false,"_monsterinsights_sitenote_active":false,"_monsterinsights_sitenote_note":"","_monsterinsights_sitenote_category":0},"product_brand":[],"product_cat":[12767,12324],"product_tag":[],"class_list":{"0":"post-712168","1":"product","2":"type-product","3":"status-publish","5":"product_cat-kentlesme-modernlesme","6":"product_cat-sosyoloji","7":"pa_cilt-ciltsiz","8":"pa_tur-kitap","9":"pa_yayinevi-desen-yayinlari","10":"pa_yazar-jean-jacques-sempe","12":"first","13":"instock","14":"sale","15":"shipping-taxable","16":"purchasable","17":"product-type-simple"},"_links":{"self":[{"href":"https:\/\/roveyayinevi.com.tr\/index.php\/wp-json\/wp\/v2\/product\/712168","targetHints":{"allow":["GET"]}}],"collection":[{"href":"https:\/\/roveyayinevi.com.tr\/index.php\/wp-json\/wp\/v2\/product"}],"about":[{"href":"https:\/\/roveyayinevi.com.tr\/index.php\/wp-json\/wp\/v2\/types\/product"}],"wp:attachment":[{"href":"https:\/\/roveyayinevi.com.tr\/index.php\/wp-json\/wp\/v2\/media?parent=712168"}],"wp:term":[{"taxonomy":"product_brand","embeddable":true,"href":"https:\/\/roveyayinevi.com.tr\/index.php\/wp-json\/wp\/v2\/product_brand?post=712168"},{"taxonomy":"product_cat","embeddable":true,"href":"https:\/\/roveyayinevi.com.tr\/index.php\/wp-json\/wp\/v2\/product_cat?post=712168"},{"taxonomy":"product_tag","embeddable":true,"href":"https:\/\/roveyayinevi.com.tr\/index.php\/wp-json\/wp\/v2\/product_tag?post=712168"}],"curies":[{"name":"wp","href":"https:\/\/api.w.org\/{rel}","templated":true}]}}